{"id":4757,"date":"2022-04-08T11:10:14","date_gmt":"2022-04-08T09:10:14","guid":{"rendered":"https:\/\/cave-a-vin.ch\/?page_id=4757"},"modified":"2025-01-08T15:17:12","modified_gmt":"2025-01-08T14:17:12","slug":"dauf-45-125-db-to-dss-to","status":"publish","type":"page","link":"https:\/\/cave-a-vin.ch\/fr\/armoire-a-vins\/dunavox\/sous-plan-cuisine\/dauf-45-125-db-to-dss-to\/","title":{"rendered":"DAUF-45.125 TO"},"content":{"rendered":"<p><\/p>\n<h6 style=\"text-align: center;\"><strong>Armoire \u00e0 vin sous plan \/ pose libre avec 2 zones de temp\u00e9rature<\/strong><\/h6>\n<p><img decoding=\"async\" loading=\"lazy\" class=\"size-full wp-image-4759 aligncenter\" src=\"https:\/\/cave-a-vin.ch\/wp-content\/uploads\/2022\/04\/45.125.jpeg\" alt=\"\" width=\"1000\" height=\"1000\" srcset=\"https:\/\/cave-a-vin.ch\/wp-content\/uploads\/2022\/04\/45.125.jpeg 1000w, https:\/\/cave-a-vin.ch\/wp-content\/uploads\/2022\/04\/45.125-150x150.jpeg 150w, https:\/\/cave-a-vin.ch\/wp-content\/uploads\/2022\/04\/45.125-300x300.jpeg 300w, https:\/\/cave-a-vin.ch\/wp-content\/uploads\/2022\/04\/45.125-768x768.jpeg 768w\" sizes=\"(max-width: 1000px) 100vw, 1000px\" \/><\/p>\n<p style=\"text-align: justify;\">Cette armoire \u00e0 vin de service est dot\u00e9e de deux zones de temp\u00e9rature pouvant accueillir jusqu\u2019\u00e0 45 bouteilles. Elle a \u00e9t\u00e9 con\u00e7ue pour \u00eatre encastr\u00e9e sous un plan de travail ou en pose libre.<\/p>\n<p style=\"text-align: justify;\">Porte, soign\u00e9e et \u00e9l\u00e9gante, est enti\u00e8rement vitr\u00e9e, teint\u00e9e et trait\u00e9e anti-UV. Cette armoire \u00e0 vin est \u00e9quip\u00e9e du syst\u00e8me\u00a0<strong>Touch-to-Open<\/strong> permettant d\u2019ouvrir la porte gr\u00e2ce \u00e0 une l\u00e9g\u00e8re pression de la main. La porte vitr\u00e9e est propos\u00e9e soit avec un cadre \u00ab full glass \u00bb noir, un cadre inox, un cadre matt noir et vous avez \u00e9galement la possibilit\u00e9 de personnaliser le cadre selon la palette couleur RAL, ou avec un panneau de superposition (DOP).<\/p>\n<p><strong>Caract\u00e9ristiques techniques :<\/strong><br \/>\nDimensions : H. 88 x L. 59.5 x P. 58 cm<br \/>\nCapacit\u00e9 : 45 bouteilles<br \/>\nZone de temp\u00e9rature : 2 (+5 \u00b0C \/ +20\u00b0C)<br \/>\nMod\u00e8les : full glass (DB), cadre inox (DSS), cadre noir matt (DMB), cadre couleur RAL (DC), cadre personnalis\u00e9 (DOP)<br \/>\nEcran tactile : LED<br \/>\nEclairage int\u00e9rieure : Multi LED (ambre, blanc ou bleu)<\/p>\n<p><a href=\"https:\/\/cave-a-vin.ch\/wp-content\/uploads\/2024\/11\/Ecran-LED.jpg\"><img decoding=\"async\" loading=\"lazy\" class=\"size-full wp-image-5461 aligncenter\" src=\"https:\/\/cave-a-vin.ch\/wp-content\/uploads\/2024\/11\/Ecran-LED.jpg\" alt=\"\" width=\"998\" height=\"120\" srcset=\"https:\/\/cave-a-vin.ch\/wp-content\/uploads\/2024\/11\/Ecran-LED.jpg 998w, https:\/\/cave-a-vin.ch\/wp-content\/uploads\/2024\/11\/Ecran-LED-300x36.jpg 300w, https:\/\/cave-a-vin.ch\/wp-content\/uploads\/2024\/11\/Ecran-LED-768x92.jpg 768w\" sizes=\"(max-width: 998px) 100vw, 998px\" \/><\/a><\/p>\n<p><a href=\"https:\/\/cave-a-vin.ch\/wp-content\/uploads\/2025\/01\/45.125-screen.jpeg\"><img decoding=\"async\" loading=\"lazy\" class=\"size-full wp-image-5858 aligncenter\" src=\"https:\/\/cave-a-vin.ch\/wp-content\/uploads\/2025\/01\/45.125-screen.jpeg\" alt=\"\" width=\"522\" height=\"117\" srcset=\"https:\/\/cave-a-vin.ch\/wp-content\/uploads\/2025\/01\/45.125-screen.jpeg 522w, https:\/\/cave-a-vin.ch\/wp-content\/uploads\/2025\/01\/45.125-screen-300x67.jpeg 300w\" sizes=\"(max-width: 522px) 100vw, 522px\" \/><\/a><\/p>\n<p><a href=\"https:\/\/cave-a-vin.ch\/wp-content\/uploads\/2024\/10\/Push-to-Open.jpg\"><img decoding=\"async\" loading=\"lazy\" class=\"size-full wp-image-5353 aligncenter\" src=\"https:\/\/cave-a-vin.ch\/wp-content\/uploads\/2024\/10\/Push-to-Open.jpg\" alt=\"\" width=\"1000\" height=\"1000\" srcset=\"https:\/\/cave-a-vin.ch\/wp-content\/uploads\/2024\/10\/Push-to-Open.jpg 1000w, https:\/\/cave-a-vin.ch\/wp-content\/uploads\/2024\/10\/Push-to-Open-300x300.jpg 300w, https:\/\/cave-a-vin.ch\/wp-content\/uploads\/2024\/10\/Push-to-Open-150x150.jpg 150w, https:\/\/cave-a-vin.ch\/wp-content\/uploads\/2024\/10\/Push-to-Open-768x768.jpg 768w\" sizes=\"(max-width: 1000px) 100vw, 1000px\" \/><\/a><\/p>","protected":false},"excerpt":{"rendered":"<p>Armoire \u00e0 vin sous plan \/ pose libre avec 2 zones de temp\u00e9rature Cette armoire \u00e0 vin de service est dot\u00e9e de deux zones de temp\u00e9rature pouvant accueillir jusqu\u2019\u00e0 45 bouteilles. Elle a \u00e9t\u00e9 con\u00e7ue pour \u00eatre encastr\u00e9e sous un plan de travail ou en pose libre. Porte, soign\u00e9e et \u00e9l\u00e9gante, est enti\u00e8rement vitr\u00e9e, teint\u00e9e &hellip; <a href=\"https:\/\/cave-a-vin.ch\/fr\/armoire-a-vins\/dunavox\/sous-plan-cuisine\/dauf-45-125-db-to-dss-to\/\" class=\"more-link\">Continuer la lecture de <span class=\"screen-reader-text\">DAUF-45.125 TO<\/span> <span class=\"meta-nav\">&rarr;<\/span><\/a><\/p>\n","protected":false},"author":1,"featured_media":0,"parent":3010,"menu_order":7,"comment_status":"closed","ping_status":"closed","template":"","meta":[],"_links":{"self":[{"href":"https:\/\/cave-a-vin.ch\/fr\/wp-json\/wp\/v2\/pages\/4757"}],"collection":[{"href":"https:\/\/cave-a-vin.ch\/fr\/wp-json\/wp\/v2\/pages"}],"about":[{"href":"https:\/\/cave-a-vin.ch\/fr\/wp-json\/wp\/v2\/types\/page"}],"author":[{"embeddable":true,"href":"https:\/\/cave-a-vin.ch\/fr\/wp-json\/wp\/v2\/users\/1"}],"replies":[{"embeddable":true,"href":"https:\/\/cave-a-vin.ch\/fr\/wp-json\/wp\/v2\/comments?post=4757"}],"version-history":[{"count":5,"href":"https:\/\/cave-a-vin.ch\/fr\/wp-json\/wp\/v2\/pages\/4757\/revisions"}],"predecessor-version":[{"id":5859,"href":"https:\/\/cave-a-vin.ch\/fr\/wp-json\/wp\/v2\/pages\/4757\/revisions\/5859"}],"up":[{"embeddable":true,"href":"https:\/\/cave-a-vin.ch\/fr\/wp-json\/wp\/v2\/pages\/3010"}],"wp:attachment":[{"href":"https:\/\/cave-a-vin.ch\/fr\/wp-json\/wp\/v2\/media?parent=4757"}],"curies":[{"name":"wp","href":"https:\/\/api.w.org\/{rel}","templated":true}]}}