{"id":478,"date":"2015-03-20T16:01:04","date_gmt":"2015-03-20T15:01:04","guid":{"rendered":"https:\/\/cave-a-vin.ch\/?page_id=478"},"modified":"2025-10-30T11:54:29","modified_gmt":"2025-10-30T10:54:29","slug":"casiers-a-bouteilles-en-bois","status":"publish","type":"page","link":"https:\/\/cave-a-vin.ch\/fr\/casiers-a-bouteilles-en-bois\/","title":{"rendered":"Casiers en bois"},"content":{"rendered":"<p><\/p>\n<p style=\"text-align: justify;\"><a href=\"https:\/\/cave-a-vin.ch\/wp-content\/uploads\/2025\/07\/IMG_1183-002.jpg\"><img decoding=\"async\" loading=\"lazy\" class=\"size-full wp-image-6397 aligncenter\" src=\"https:\/\/cave-a-vin.ch\/wp-content\/uploads\/2025\/07\/IMG_1183-002.jpg\" alt=\"\" width=\"2016\" height=\"1512\" srcset=\"https:\/\/cave-a-vin.ch\/wp-content\/uploads\/2025\/07\/IMG_1183-002.jpg 2016w, https:\/\/cave-a-vin.ch\/wp-content\/uploads\/2025\/07\/IMG_1183-002-300x225.jpg 300w, https:\/\/cave-a-vin.ch\/wp-content\/uploads\/2025\/07\/IMG_1183-002-1024x768.jpg 1024w, https:\/\/cave-a-vin.ch\/wp-content\/uploads\/2025\/07\/IMG_1183-002-768x576.jpg 768w, https:\/\/cave-a-vin.ch\/wp-content\/uploads\/2025\/07\/IMG_1183-002-1536x1152.jpg 1536w\" sizes=\"(max-width: 2016px) 100vw, 2016px\" \/><\/a><\/p>\n<p style=\"text-align: justify;\">La noblesse du bois conf\u00e8re un aspect particuli\u00e8rement chaleureux et accueillant \u00e0 votre cave \u00e0 vin. Les meubles et casiers \u00e0 bouteilles en bois permettent une pr\u00e9sentation et un stockage parfait de vos bouteilles dans votre cave \u00e0 vin.<\/p>\n<p style=\"text-align: justify;\">Les mat\u00e9riaux que nous utilisons sont soigneusement s\u00e9lectionn\u00e9s pour leur qualit\u00e9 et leur robustesse dans le temps.<\/p>\n<p><a href=\"https:\/\/cave-a-vin.ch\/wp-content\/uploads\/2025\/07\/IMG_4550-002-scaled.jpg\"><img decoding=\"async\" loading=\"lazy\" class=\"size-full wp-image-6391 aligncenter\" src=\"https:\/\/cave-a-vin.ch\/wp-content\/uploads\/2025\/07\/IMG_4550-002-scaled.jpg\" alt=\"\" width=\"1920\" height=\"2560\" srcset=\"https:\/\/cave-a-vin.ch\/wp-content\/uploads\/2025\/07\/IMG_4550-002-scaled.jpg 1920w, https:\/\/cave-a-vin.ch\/wp-content\/uploads\/2025\/07\/IMG_4550-002-225x300.jpg 225w, https:\/\/cave-a-vin.ch\/wp-content\/uploads\/2025\/07\/IMG_4550-002-768x1024.jpg 768w, https:\/\/cave-a-vin.ch\/wp-content\/uploads\/2025\/07\/IMG_4550-002-1152x1536.jpg 1152w, https:\/\/cave-a-vin.ch\/wp-content\/uploads\/2025\/07\/IMG_4550-002-1536x2048.jpg 1536w\" sizes=\"(max-width: 1920px) 100vw, 1920px\" \/><\/a><\/p>\n<p><a href=\"https:\/\/cave-a-vin.ch\/wp-content\/uploads\/2025\/07\/IMG_4702-002-scaled.jpg\"><img decoding=\"async\" loading=\"lazy\" class=\"alignnone size-full wp-image-6393\" src=\"https:\/\/cave-a-vin.ch\/wp-content\/uploads\/2025\/07\/IMG_4702-002-scaled.jpg\" alt=\"\" width=\"1920\" height=\"2560\" srcset=\"https:\/\/cave-a-vin.ch\/wp-content\/uploads\/2025\/07\/IMG_4702-002-scaled.jpg 1920w, https:\/\/cave-a-vin.ch\/wp-content\/uploads\/2025\/07\/IMG_4702-002-225x300.jpg 225w, https:\/\/cave-a-vin.ch\/wp-content\/uploads\/2025\/07\/IMG_4702-002-768x1024.jpg 768w, https:\/\/cave-a-vin.ch\/wp-content\/uploads\/2025\/07\/IMG_4702-002-1152x1536.jpg 1152w, https:\/\/cave-a-vin.ch\/wp-content\/uploads\/2025\/07\/IMG_4702-002-1536x2048.jpg 1536w\" sizes=\"(max-width: 1920px) 100vw, 1920px\" \/><\/a><\/p>\n<p style=\"text-align: center;\"><strong><em>Les casiers \u00e0 bouteilles en bois sont en exposition dans nos locaux.<\/em><\/strong><\/p>\n<p style=\"text-align: left;\">\n<p><\/p>","protected":false},"excerpt":{"rendered":"<p>La noblesse du bois conf\u00e8re un aspect particuli\u00e8rement chaleureux et accueillant \u00e0 votre cave \u00e0 vin. Les meubles et casiers \u00e0 bouteilles en bois permettent une pr\u00e9sentation et un stockage parfait de vos bouteilles dans votre cave \u00e0 vin. Les mat\u00e9riaux que nous utilisons sont soigneusement s\u00e9lectionn\u00e9s pour leur qualit\u00e9 et leur robustesse dans le &hellip; <a href=\"https:\/\/cave-a-vin.ch\/fr\/casiers-a-bouteilles-en-bois\/\" class=\"more-link\">Continuer la lecture de <span class=\"screen-reader-text\">Casiers en bois<\/span> <span class=\"meta-nav\">&rarr;<\/span><\/a><\/p>\n","protected":false},"author":1,"featured_media":0,"parent":0,"menu_order":0,"comment_status":"closed","ping_status":"closed","template":"","meta":[],"_links":{"self":[{"href":"https:\/\/cave-a-vin.ch\/fr\/wp-json\/wp\/v2\/pages\/478"}],"collection":[{"href":"https:\/\/cave-a-vin.ch\/fr\/wp-json\/wp\/v2\/pages"}],"about":[{"href":"https:\/\/cave-a-vin.ch\/fr\/wp-json\/wp\/v2\/types\/page"}],"author":[{"embeddable":true,"href":"https:\/\/cave-a-vin.ch\/fr\/wp-json\/wp\/v2\/users\/1"}],"replies":[{"embeddable":true,"href":"https:\/\/cave-a-vin.ch\/fr\/wp-json\/wp\/v2\/comments?post=478"}],"version-history":[{"count":37,"href":"https:\/\/cave-a-vin.ch\/fr\/wp-json\/wp\/v2\/pages\/478\/revisions"}],"predecessor-version":[{"id":6545,"href":"https:\/\/cave-a-vin.ch\/fr\/wp-json\/wp\/v2\/pages\/478\/revisions\/6545"}],"wp:attachment":[{"href":"https:\/\/cave-a-vin.ch\/fr\/wp-json\/wp\/v2\/media?parent=478"}],"curies":[{"name":"wp","href":"https:\/\/api.w.org\/{rel}","templated":true}]}}