{"id":4781,"date":"2022-04-08T12:47:14","date_gmt":"2022-04-08T10:47:14","guid":{"rendered":"https:\/\/cave-a-vin.ch\/?page_id=4781"},"modified":"2025-01-10T11:55:00","modified_gmt":"2025-01-10T10:55:00","slug":"dx-94-270-dbk-sdsk","status":"publish","type":"page","link":"https:\/\/cave-a-vin.ch\/fr\/armoire-a-vins\/dunavox\/grands-modeles\/dx-94-270-dbk-sdsk\/","title":{"rendered":"DX-94.270"},"content":{"rendered":"<p><\/p>\n<h6 style=\"text-align: center;\"><strong>Armoire \u00e0 vin encastrable ou pose libre avec 2 zones de temp\u00e9rature<\/strong><\/h6>\n<p><img decoding=\"async\" loading=\"lazy\" class=\"size-full wp-image-4784 aligncenter\" src=\"https:\/\/cave-a-vin.ch\/wp-content\/uploads\/2022\/04\/DX-94.270-Photo.jpeg\" alt=\"\" width=\"1000\" height=\"1000\" srcset=\"https:\/\/cave-a-vin.ch\/wp-content\/uploads\/2022\/04\/DX-94.270-Photo.jpeg 1000w, https:\/\/cave-a-vin.ch\/wp-content\/uploads\/2022\/04\/DX-94.270-Photo-150x150.jpeg 150w, https:\/\/cave-a-vin.ch\/wp-content\/uploads\/2022\/04\/DX-94.270-Photo-300x300.jpeg 300w, https:\/\/cave-a-vin.ch\/wp-content\/uploads\/2022\/04\/DX-94.270-Photo-768x768.jpeg 768w\" sizes=\"(max-width: 1000px) 100vw, 1000px\" \/><\/p>\n<p style=\"text-align: justify;\">Cette armoire \u00e0 vin de service poss\u00e8de deux zones de temp\u00e9rature et peut accueillir jusqu\u2019\u00e0 94 bouteilles. Ce mod\u00e8le peut \u00eatre install\u00e9 ou int\u00e9gr\u00e9 dans une cuisine. Elle peut \u00e9galement \u00eatre en pose libre dans n\u2019importe quelle autre pi\u00e8ce.<\/p>\n<p style=\"text-align: justify;\">Les mod\u00e8les sont disponible avec une poign\u00e9e sauf le mod\u00e8le DBK (noir) qui a une poign\u00e9e encastr\u00e9e. Les bouteilles sont r\u00e9parties sur des clayettes en bois et sont r\u00e9v\u00e9l\u00e9es par un \u00e9clairage int\u00e9rieur.<\/p>\n<p style=\"text-align: justify;\">La porte est enti\u00e8rement vitr\u00e9e, trait\u00e9 anti-UV, soit full glass noir (DBK), cadre inox (SDSK), cadre noir matt (MBK). Possibilit\u00e9 de personnaliser le cadre selon la palette couleur RAL (DCK).<\/p>\n<p><strong>Caract\u00e9ristiques techniques :<\/strong><br \/>\nDimensions : H. 122 x L. 59.5 x P. 68 cm<br \/>\nCapacit\u00e9 : 94 bouteilles<br \/>\nZone de temp\u00e9rature\u00a0 : 2 (+5 \u00b0C \/ +18\u00b0C)<br \/>\n<span lang=\"en\">Mod\u00e8les : full glass (DBK), cadre inox (SDSK), cadre noir matt (MBK), cadre couleur RAL (DCK)<\/span><br \/>\nEcran tactile : LED<br \/>\nEclairage int\u00e9rieure : LED bleu<\/p>\n<p><a href=\"https:\/\/cave-a-vin.ch\/wp-content\/uploads\/2024\/11\/Ecran-LED.jpg\"><img decoding=\"async\" loading=\"lazy\" class=\"size-full wp-image-5461 aligncenter\" src=\"https:\/\/cave-a-vin.ch\/wp-content\/uploads\/2024\/11\/Ecran-LED.jpg\" alt=\"\" width=\"998\" height=\"120\" srcset=\"https:\/\/cave-a-vin.ch\/wp-content\/uploads\/2024\/11\/Ecran-LED.jpg 998w, https:\/\/cave-a-vin.ch\/wp-content\/uploads\/2024\/11\/Ecran-LED-300x36.jpg 300w, https:\/\/cave-a-vin.ch\/wp-content\/uploads\/2024\/11\/Ecran-LED-768x92.jpg 768w\" sizes=\"(max-width: 998px) 100vw, 998px\" \/><\/a><\/p>\n<p><a href=\"https:\/\/cave-a-vin.ch\/wp-content\/uploads\/2025\/01\/DX-94.270.jpeg\"><img decoding=\"async\" loading=\"lazy\" class=\"size-full wp-image-5882 aligncenter\" src=\"https:\/\/cave-a-vin.ch\/wp-content\/uploads\/2025\/01\/DX-94.270.jpeg\" alt=\"\" width=\"613\" height=\"115\" srcset=\"https:\/\/cave-a-vin.ch\/wp-content\/uploads\/2025\/01\/DX-94.270.jpeg 613w, https:\/\/cave-a-vin.ch\/wp-content\/uploads\/2025\/01\/DX-94.270-300x56.jpeg 300w\" sizes=\"(max-width: 613px) 100vw, 613px\" \/><\/a><\/p>\n<p><a href=\"https:\/\/cave-a-vin.ch\/wp-content\/uploads\/2024\/12\/Poignees-1.jpg\"><img decoding=\"async\" loading=\"lazy\" class=\"size-full wp-image-5644 aligncenter\" src=\"https:\/\/cave-a-vin.ch\/wp-content\/uploads\/2024\/12\/Poignees-1.jpg\" alt=\"\" width=\"999\" height=\"498\" srcset=\"https:\/\/cave-a-vin.ch\/wp-content\/uploads\/2024\/12\/Poignees-1.jpg 999w, https:\/\/cave-a-vin.ch\/wp-content\/uploads\/2024\/12\/Poignees-1-300x150.jpg 300w, https:\/\/cave-a-vin.ch\/wp-content\/uploads\/2024\/12\/Poignees-1-768x383.jpg 768w\" sizes=\"(max-width: 999px) 100vw, 999px\" \/><\/a><\/p>\n<p><a href=\"https:\/\/cave-a-vin.ch\/wp-content\/uploads\/2025\/01\/DX-94.270-Porte.png\"><img decoding=\"async\" loading=\"lazy\" class=\" wp-image-5889 aligncenter\" src=\"https:\/\/cave-a-vin.ch\/wp-content\/uploads\/2025\/01\/DX-94.270-Porte.png\" alt=\"\" width=\"533\" height=\"533\" srcset=\"https:\/\/cave-a-vin.ch\/wp-content\/uploads\/2025\/01\/DX-94.270-Porte.png 1000w, https:\/\/cave-a-vin.ch\/wp-content\/uploads\/2025\/01\/DX-94.270-Porte-300x300.png 300w, https:\/\/cave-a-vin.ch\/wp-content\/uploads\/2025\/01\/DX-94.270-Porte-150x150.png 150w, https:\/\/cave-a-vin.ch\/wp-content\/uploads\/2025\/01\/DX-94.270-Porte-768x767.png 768w\" sizes=\"(max-width: 533px) 100vw, 533px\" \/><\/a><\/p>\n<h4 class=\"title-inner1\" style=\"text-align: center;\"><\/h4>\n<p><\/p>","protected":false},"excerpt":{"rendered":"<p>Armoire \u00e0 vin encastrable ou pose libre avec 2 zones de temp\u00e9rature Cette armoire \u00e0 vin de service poss\u00e8de deux zones de temp\u00e9rature et peut accueillir jusqu\u2019\u00e0 94 bouteilles. Ce mod\u00e8le peut \u00eatre install\u00e9 ou int\u00e9gr\u00e9 dans une cuisine. Elle peut \u00e9galement \u00eatre en pose libre dans n\u2019importe quelle autre pi\u00e8ce. Les mod\u00e8les sont disponible &hellip; <a href=\"https:\/\/cave-a-vin.ch\/fr\/armoire-a-vins\/dunavox\/grands-modeles\/dx-94-270-dbk-sdsk\/\" class=\"more-link\">Continuer la lecture de <span class=\"screen-reader-text\">DX-94.270<\/span> <span class=\"meta-nav\">&rarr;<\/span><\/a><\/p>\n","protected":false},"author":1,"featured_media":0,"parent":3410,"menu_order":1,"comment_status":"closed","ping_status":"closed","template":"","meta":[],"_links":{"self":[{"href":"https:\/\/cave-a-vin.ch\/fr\/wp-json\/wp\/v2\/pages\/4781"}],"collection":[{"href":"https:\/\/cave-a-vin.ch\/fr\/wp-json\/wp\/v2\/pages"}],"about":[{"href":"https:\/\/cave-a-vin.ch\/fr\/wp-json\/wp\/v2\/types\/page"}],"author":[{"embeddable":true,"href":"https:\/\/cave-a-vin.ch\/fr\/wp-json\/wp\/v2\/users\/1"}],"replies":[{"embeddable":true,"href":"https:\/\/cave-a-vin.ch\/fr\/wp-json\/wp\/v2\/comments?post=4781"}],"version-history":[{"count":12,"href":"https:\/\/cave-a-vin.ch\/fr\/wp-json\/wp\/v2\/pages\/4781\/revisions"}],"predecessor-version":[{"id":5906,"href":"https:\/\/cave-a-vin.ch\/fr\/wp-json\/wp\/v2\/pages\/4781\/revisions\/5906"}],"up":[{"embeddable":true,"href":"https:\/\/cave-a-vin.ch\/fr\/wp-json\/wp\/v2\/pages\/3410"}],"wp:attachment":[{"href":"https:\/\/cave-a-vin.ch\/fr\/wp-json\/wp\/v2\/media?parent=4781"}],"curies":[{"name":"wp","href":"https:\/\/api.w.org\/{rel}","templated":true}]}}