{"id":4819,"date":"2022-04-08T15:06:49","date_gmt":"2022-04-08T13:06:49","guid":{"rendered":"https:\/\/cave-a-vin.ch\/?page_id=4819"},"modified":"2025-01-10T14:00:38","modified_gmt":"2025-01-10T13:00:38","slug":"dx-181-490-dbk-sdsk","status":"publish","type":"page","link":"https:\/\/cave-a-vin.ch\/fr\/armoire-a-vins\/dunavox\/grands-modeles\/dx-181-490-dbk-sdsk\/","title":{"rendered":"DX-181.490"},"content":{"rendered":"<p><\/p>\n<h6 style=\"text-align: center;\"><strong>Armoire \u00e0 vin encastrable ou pose libre avec 2 zones de temp\u00e9rature<\/strong><\/h6>\n<p><a href=\"https:\/\/cave-a-vin.ch\/wp-content\/uploads\/2025\/01\/DX-181.490-photo-2.jpg\"><img decoding=\"async\" loading=\"lazy\" class=\"size-full wp-image-5918 aligncenter\" src=\"https:\/\/cave-a-vin.ch\/wp-content\/uploads\/2025\/01\/DX-181.490-photo-2.jpg\" alt=\"\" width=\"1000\" height=\"1000\" srcset=\"https:\/\/cave-a-vin.ch\/wp-content\/uploads\/2025\/01\/DX-181.490-photo-2.jpg 1000w, https:\/\/cave-a-vin.ch\/wp-content\/uploads\/2025\/01\/DX-181.490-photo-2-300x300.jpg 300w, https:\/\/cave-a-vin.ch\/wp-content\/uploads\/2025\/01\/DX-181.490-photo-2-150x150.jpg 150w, https:\/\/cave-a-vin.ch\/wp-content\/uploads\/2025\/01\/DX-181.490-photo-2-768x768.jpg 768w\" sizes=\"(max-width: 1000px) 100vw, 1000px\" \/><\/a><\/p>\n<p style=\"text-align: justify;\">Cette armoire \u00e0 vin de service avec deux zones de temp\u00e9rature peut accueillir jusqu\u2019\u00e0 181 bouteilles. Son \u00e9clairage int\u00e9rieur permet de mettre en valeur les bouteilles d\u00e9licatement rang\u00e9es sur des clayettes en bois coulissantes.<\/p>\n<p style=\"text-align: justify;\">Le design soign\u00e9 de la porte et de l\u2019encadrement ext\u00e9rieur s\u2019int\u00e8gre dans n\u2019importe quel int\u00e9rieur tout en apportant une touche de modernit\u00e9. Ce mod\u00e8le peut \u00eatre en pose libre ou bien \u00eatre int\u00e9gr\u00e9. Les mod\u00e8les sont disponible avec une poign\u00e9e.<\/p>\n<p style=\"text-align: justify;\">La porte est enti\u00e8rement vitr\u00e9e, trait\u00e9 anti-UV, soit full glass noir (DBK), cadre inox (SDSK), cadre noir matt (DMBK). Possibilit\u00e9 de personnaliser le cadre selon la palette couleur RAL (DCK).<\/p>\n<p><strong>Caract\u00e9ristiques techniques :<\/strong><br \/>\nDimensions : H. 183.5 x L. 65.5 x P. 68 cm<br \/>\nCapacit\u00e9 : 181 bouteilles<br \/>\nZone de temp\u00e9rature\u00a0 : 2 (+5 \u00b0C \/ +18\u00b0C)<br \/>\nMod\u00e8les : full glass (DBK), cadre inox (SDSK), cadre noir matt (DMBK), cadre couleur RAL (DCK)<br \/>\nEcran tactile : LED<br \/>\nEclairage int\u00e9rieure : bleu LED<\/p>\n<p><img decoding=\"async\" class=\"aligncenter\" src=\"https:\/\/cave-a-vin.ch\/wp-content\/uploads\/2024\/11\/Ecran-LED.jpg\" \/><\/p>\n<p><a href=\"https:\/\/cave-a-vin.ch\/wp-content\/uploads\/2025\/01\/DX-181.490.jpeg\"><img decoding=\"async\" loading=\"lazy\" class=\"size-full wp-image-5917 aligncenter\" src=\"https:\/\/cave-a-vin.ch\/wp-content\/uploads\/2025\/01\/DX-181.490.jpeg\" alt=\"\" width=\"514\" height=\"109\" srcset=\"https:\/\/cave-a-vin.ch\/wp-content\/uploads\/2025\/01\/DX-181.490.jpeg 514w, https:\/\/cave-a-vin.ch\/wp-content\/uploads\/2025\/01\/DX-181.490-300x64.jpeg 300w\" sizes=\"(max-width: 514px) 100vw, 514px\" \/><\/a><\/p>\n<p><a href=\"https:\/\/cave-a-vin.ch\/wp-content\/uploads\/2025\/01\/DX-181.490-ouvert.png\"><img decoding=\"async\" loading=\"lazy\" class=\" wp-image-5919 aligncenter\" src=\"https:\/\/cave-a-vin.ch\/wp-content\/uploads\/2025\/01\/DX-181.490-ouvert.png\" alt=\"\" width=\"640\" height=\"640\" srcset=\"https:\/\/cave-a-vin.ch\/wp-content\/uploads\/2025\/01\/DX-181.490-ouvert.png 1000w, https:\/\/cave-a-vin.ch\/wp-content\/uploads\/2025\/01\/DX-181.490-ouvert-300x300.png 300w, https:\/\/cave-a-vin.ch\/wp-content\/uploads\/2025\/01\/DX-181.490-ouvert-150x150.png 150w, https:\/\/cave-a-vin.ch\/wp-content\/uploads\/2025\/01\/DX-181.490-ouvert-768x768.png 768w\" sizes=\"(max-width: 640px) 100vw, 640px\" \/><\/a><\/p>\n<p>&nbsp;<\/p>\n<p>&nbsp;<\/p>","protected":false},"excerpt":{"rendered":"<p>Armoire \u00e0 vin encastrable ou pose libre avec 2 zones de temp\u00e9rature Cette armoire \u00e0 vin de service avec deux zones de temp\u00e9rature peut accueillir jusqu\u2019\u00e0 181 bouteilles. Son \u00e9clairage int\u00e9rieur permet de mettre en valeur les bouteilles d\u00e9licatement rang\u00e9es sur des clayettes en bois coulissantes. Le design soign\u00e9 de la porte et de l\u2019encadrement &hellip; <a href=\"https:\/\/cave-a-vin.ch\/fr\/armoire-a-vins\/dunavox\/grands-modeles\/dx-181-490-dbk-sdsk\/\" class=\"more-link\">Continuer la lecture de <span class=\"screen-reader-text\">DX-181.490<\/span> <span class=\"meta-nav\">&rarr;<\/span><\/a><\/p>\n","protected":false},"author":1,"featured_media":0,"parent":3410,"menu_order":4,"comment_status":"closed","ping_status":"closed","template":"","meta":[],"_links":{"self":[{"href":"https:\/\/cave-a-vin.ch\/fr\/wp-json\/wp\/v2\/pages\/4819"}],"collection":[{"href":"https:\/\/cave-a-vin.ch\/fr\/wp-json\/wp\/v2\/pages"}],"about":[{"href":"https:\/\/cave-a-vin.ch\/fr\/wp-json\/wp\/v2\/types\/page"}],"author":[{"embeddable":true,"href":"https:\/\/cave-a-vin.ch\/fr\/wp-json\/wp\/v2\/users\/1"}],"replies":[{"embeddable":true,"href":"https:\/\/cave-a-vin.ch\/fr\/wp-json\/wp\/v2\/comments?post=4819"}],"version-history":[{"count":6,"href":"https:\/\/cave-a-vin.ch\/fr\/wp-json\/wp\/v2\/pages\/4819\/revisions"}],"predecessor-version":[{"id":5926,"href":"https:\/\/cave-a-vin.ch\/fr\/wp-json\/wp\/v2\/pages\/4819\/revisions\/5926"}],"up":[{"embeddable":true,"href":"https:\/\/cave-a-vin.ch\/fr\/wp-json\/wp\/v2\/pages\/3410"}],"wp:attachment":[{"href":"https:\/\/cave-a-vin.ch\/fr\/wp-json\/wp\/v2\/media?parent=4819"}],"curies":[{"name":"wp","href":"https:\/\/api.w.org\/{rel}","templated":true}]}}