{"id":4828,"date":"2022-04-08T15:28:59","date_gmt":"2022-04-08T13:28:59","guid":{"rendered":"https:\/\/cave-a-vin.ch\/?page_id=4828"},"modified":"2025-01-10T14:29:45","modified_gmt":"2025-01-10T13:29:45","slug":"dx-194-490-bk-ssk","status":"publish","type":"page","link":"https:\/\/cave-a-vin.ch\/fr\/armoire-a-vins\/dunavox\/grands-modeles\/dx-194-490-bk-ssk\/","title":{"rendered":"DX-194.490"},"content":{"rendered":"<p><\/p>\n<h6 style=\"text-align: center;\"><strong>Armoire \u00e0 vin encastrable ou pose libre avec 1 zone de temp\u00e9rature<\/strong><\/h6>\n<p><a href=\"https:\/\/cave-a-vin.ch\/wp-content\/uploads\/2025\/01\/DX-194.490-photo-2.jpg\"><img decoding=\"async\" loading=\"lazy\" class=\"size-full wp-image-5927 aligncenter\" src=\"https:\/\/cave-a-vin.ch\/wp-content\/uploads\/2025\/01\/DX-194.490-photo-2.jpg\" alt=\"\" width=\"1000\" height=\"1000\" srcset=\"https:\/\/cave-a-vin.ch\/wp-content\/uploads\/2025\/01\/DX-194.490-photo-2.jpg 1000w, https:\/\/cave-a-vin.ch\/wp-content\/uploads\/2025\/01\/DX-194.490-photo-2-300x300.jpg 300w, https:\/\/cave-a-vin.ch\/wp-content\/uploads\/2025\/01\/DX-194.490-photo-2-150x150.jpg 150w, https:\/\/cave-a-vin.ch\/wp-content\/uploads\/2025\/01\/DX-194.490-photo-2-768x768.jpg 768w\" sizes=\"(max-width: 1000px) 100vw, 1000px\" \/><\/a><\/p>\n<p style=\"text-align: justify;\">Cette armoire \u00e0 vin encastrable avec une zone de temp\u00e9rature peut accueillir jusqu\u2019\u00e0 183 bouteilles. Son \u00e9clairage int\u00e9rieur permet de mettre en valeur les bouteilles d\u00e9licatement rang\u00e9es sur des clayettes en bois coulissantes.<\/p>\n<p style=\"text-align: justify;\">Le design soign\u00e9 de la porte et de l\u2019encadrement ext\u00e9rieur s\u2019int\u00e8gre dans n\u2019importe quel int\u00e9rieur tout en apportant une touche de modernit\u00e9. Ce mod\u00e8le peut \u00eatre en pose libre ou bien \u00eatre int\u00e9gr\u00e9. Les mod\u00e8les sont disponible avec une poign\u00e9e.<\/p>\n<p style=\"text-align: justify;\">La porte est enti\u00e8rement vitr\u00e9e, trait\u00e9 anti-UV, soit full glass noir (BK), cadre inox (SSK), cadre noir matt (MBK). Possibilit\u00e9 de personnaliser le cadre selon la palette couleur RAL (CK).<\/p>\n<p><strong>Caract\u00e9ristiques techniques :<\/strong><br \/>\nDimensions : H. 183.5 x L. 65.5 x P. 68 cm<br \/>\nCapacit\u00e9 : 183 bouteilles<br \/>\nZone de temp\u00e9rature\u00a0 : 1 (+5 \u00b0C \/ +20\u00b0C)<br \/>\nMod\u00e8les : full glass (BK), cadre inox (SSK), cadre noir matt (MBK), cadre couleur RAL (CK)<br \/>\nEcran tactile : LED<br \/>\nEclairage int\u00e9rieure : bleu LED<\/p>\n<p><img decoding=\"async\" class=\"aligncenter\" src=\"https:\/\/cave-a-vin.ch\/wp-content\/uploads\/2024\/11\/Ecran-LED.jpg\" \/><\/p>\n<p style=\"text-align: justify;\"><a href=\"https:\/\/cave-a-vin.ch\/wp-content\/uploads\/2025\/01\/DX-194.490.jpeg\"><img decoding=\"async\" loading=\"lazy\" class=\"size-full wp-image-5928 aligncenter\" src=\"https:\/\/cave-a-vin.ch\/wp-content\/uploads\/2025\/01\/DX-194.490.jpeg\" alt=\"\" width=\"499\" height=\"113\" srcset=\"https:\/\/cave-a-vin.ch\/wp-content\/uploads\/2025\/01\/DX-194.490.jpeg 499w, https:\/\/cave-a-vin.ch\/wp-content\/uploads\/2025\/01\/DX-194.490-300x68.jpeg 300w\" sizes=\"(max-width: 499px) 100vw, 499px\" \/><\/a><\/p>\n<p>&nbsp;<\/p>\n<p><a href=\"https:\/\/cave-a-vin.ch\/wp-content\/uploads\/2025\/01\/DX-194.490-ouvert.jpg\"><img decoding=\"async\" loading=\"lazy\" class=\" wp-image-5931 aligncenter\" src=\"https:\/\/cave-a-vin.ch\/wp-content\/uploads\/2025\/01\/DX-194.490-ouvert.jpg\" alt=\"\" width=\"420\" height=\"554\" srcset=\"https:\/\/cave-a-vin.ch\/wp-content\/uploads\/2025\/01\/DX-194.490-ouvert.jpg 756w, https:\/\/cave-a-vin.ch\/wp-content\/uploads\/2025\/01\/DX-194.490-ouvert-228x300.jpg 228w\" sizes=\"(max-width: 420px) 100vw, 420px\" \/><\/a><\/p>\n<p>&nbsp;<\/p>\n<p>&nbsp;<\/p>\n<h4 class=\"title-inner1\" style=\"text-align: center;\"><\/h4>\n<p><\/p>","protected":false},"excerpt":{"rendered":"<p>Armoire \u00e0 vin encastrable ou pose libre avec 1 zone de temp\u00e9rature Cette armoire \u00e0 vin encastrable avec une zone de temp\u00e9rature peut accueillir jusqu\u2019\u00e0 183 bouteilles. Son \u00e9clairage int\u00e9rieur permet de mettre en valeur les bouteilles d\u00e9licatement rang\u00e9es sur des clayettes en bois coulissantes. Le design soign\u00e9 de la porte et de l\u2019encadrement ext\u00e9rieur &hellip; <a href=\"https:\/\/cave-a-vin.ch\/fr\/armoire-a-vins\/dunavox\/grands-modeles\/dx-194-490-bk-ssk\/\" class=\"more-link\">Continuer la lecture de <span class=\"screen-reader-text\">DX-194.490<\/span> <span class=\"meta-nav\">&rarr;<\/span><\/a><\/p>\n","protected":false},"author":1,"featured_media":0,"parent":3410,"menu_order":5,"comment_status":"closed","ping_status":"closed","template":"","meta":[],"_links":{"self":[{"href":"https:\/\/cave-a-vin.ch\/fr\/wp-json\/wp\/v2\/pages\/4828"}],"collection":[{"href":"https:\/\/cave-a-vin.ch\/fr\/wp-json\/wp\/v2\/pages"}],"about":[{"href":"https:\/\/cave-a-vin.ch\/fr\/wp-json\/wp\/v2\/types\/page"}],"author":[{"embeddable":true,"href":"https:\/\/cave-a-vin.ch\/fr\/wp-json\/wp\/v2\/users\/1"}],"replies":[{"embeddable":true,"href":"https:\/\/cave-a-vin.ch\/fr\/wp-json\/wp\/v2\/comments?post=4828"}],"version-history":[{"count":12,"href":"https:\/\/cave-a-vin.ch\/fr\/wp-json\/wp\/v2\/pages\/4828\/revisions"}],"predecessor-version":[{"id":5941,"href":"https:\/\/cave-a-vin.ch\/fr\/wp-json\/wp\/v2\/pages\/4828\/revisions\/5941"}],"up":[{"embeddable":true,"href":"https:\/\/cave-a-vin.ch\/fr\/wp-json\/wp\/v2\/pages\/3410"}],"wp:attachment":[{"href":"https:\/\/cave-a-vin.ch\/fr\/wp-json\/wp\/v2\/media?parent=4828"}],"curies":[{"name":"wp","href":"https:\/\/api.w.org\/{rel}","templated":true}]}}