{"id":4976,"date":"2022-06-08T15:38:26","date_gmt":"2022-06-08T13:38:26","guid":{"rendered":"https:\/\/cave-a-vin.ch\/?page_id=4976"},"modified":"2025-01-14T15:13:34","modified_gmt":"2025-01-14T14:13:34","slug":"dauf-40-138-b-ss-sera","status":"publish","type":"page","link":"https:\/\/cave-a-vin.ch\/fr\/armoire-a-vins\/dunavox\/special-champagne\/dauf-40-138-b-ss-sera\/","title":{"rendered":"DAUF-40.138 SERA"},"content":{"rendered":"<p><\/p>\n<h6 style=\"text-align: center;\"><strong>Armoire \u00e0 champagne sous-plan avec 1 zone de temp\u00e9rature<\/strong><\/h6>\n<p><a href=\"https:\/\/cave-a-vin.ch\/wp-content\/uploads\/2022\/06\/DAU-40.jpg\"><img decoding=\"async\" loading=\"lazy\" class=\"size-large wp-image-4998\" src=\"https:\/\/cave-a-vin.ch\/wp-content\/uploads\/2022\/06\/DAU-40-1024x768.jpg\" alt=\"\" width=\"604\" height=\"453\" srcset=\"https:\/\/cave-a-vin.ch\/wp-content\/uploads\/2022\/06\/DAU-40-1024x768.jpg 1024w, https:\/\/cave-a-vin.ch\/wp-content\/uploads\/2022\/06\/DAU-40-300x225.jpg 300w, https:\/\/cave-a-vin.ch\/wp-content\/uploads\/2022\/06\/DAU-40-768x576.jpg 768w\" sizes=\"(max-width: 604px) 100vw, 604px\" \/><\/a><\/p>\n<p style=\"text-align: justify;\">Dot\u00e9e d\u2019un syst\u00e8me d\u2019\u00e9tag\u00e8res coulissantes brevet\u00e9es, cette armoire \u00e0 vin avec une zone de temp\u00e9rature a \u00e9t\u00e9 pens\u00e9e et con\u00e7ue pour disposer les 40 bouteilles \u00e0 l\u2019horizontale, afin de rendre les \u00e9tiquettes bien visibles pour un rep\u00e9rage simple et rapide. Elle a \u00e9t\u00e9 con\u00e7ue pour \u00eatre encastr\u00e9e sous un plan de travail.<\/p>\n<p style=\"text-align: justify;\">La porte est enti\u00e8rement vitr\u00e9e, trait\u00e9 anti-UV, soit full glass noir (B), cadre inox (SS), cadre noir matt (MB). Possibilit\u00e9 de personnaliser le cadre selon la palette couleur RAL (C). Le mod\u00e8le DAUF-40.138 B a une poign\u00e9e int\u00e9gr\u00e9e.<\/p>\n<p style=\"text-align: justify;\"><strong>Le Sera-40 convient non seulement aux grandes bouteilles telles que le champagne et le prosecco, mais est \u00e9galement enti\u00e8rement utilisable pour les bouteilles de type Bordeaux, Bourgogne et Rh\u00f4ne.<\/strong><\/p>\n<p><strong>Caract\u00e9ristiques techniques :<\/strong><br \/>\nDimensions : H. 81.3 x L. 59.5 x P. 57 cm<br \/>\nCapacit\u00e9 : 40 bouteilles<br \/>\nZone de temp\u00e9rature\u00a0 : 1 (+5 \u00b0C \/ +20\u00b0C)<br \/>\n<span lang=\"en\">Mod\u00e8les : full glass (B), cadre inox (SS), cadre noir matt (MB), cadre couleur RAL (C)<\/span><br \/>\nEcran tactile : LED<br \/>\nEclairage int\u00e9rieure : Multi LED (ambre, blanc ou bleu)<\/p>\n<p><a href=\"https:\/\/cave-a-vin.ch\/wp-content\/uploads\/2024\/11\/Ecran-LED.jpg\"><img decoding=\"async\" loading=\"lazy\" class=\"size-full wp-image-5461 aligncenter\" src=\"https:\/\/cave-a-vin.ch\/wp-content\/uploads\/2024\/11\/Ecran-LED.jpg\" sizes=\"(max-width: 998px) 100vw, 998px\" srcset=\"https:\/\/cave-a-vin.ch\/wp-content\/uploads\/2024\/11\/Ecran-LED.jpg 998w, https:\/\/cave-a-vin.ch\/wp-content\/uploads\/2024\/11\/Ecran-LED-300x36.jpg 300w, https:\/\/cave-a-vin.ch\/wp-content\/uploads\/2024\/11\/Ecran-LED-768x92.jpg 768w\" alt=\"\" width=\"998\" height=\"120\" \/><\/a><\/p>\n<p><a href=\"https:\/\/cave-a-vin.ch\/wp-content\/uploads\/2025\/01\/DAUF-40.138-screen.jpeg\"><img decoding=\"async\" loading=\"lazy\" class=\"size-full wp-image-5966 aligncenter\" src=\"https:\/\/cave-a-vin.ch\/wp-content\/uploads\/2025\/01\/DAUF-40.138-screen.jpeg\" alt=\"\" width=\"590\" height=\"105\" srcset=\"https:\/\/cave-a-vin.ch\/wp-content\/uploads\/2025\/01\/DAUF-40.138-screen.jpeg 590w, https:\/\/cave-a-vin.ch\/wp-content\/uploads\/2025\/01\/DAUF-40.138-screen-300x53.jpeg 300w\" sizes=\"(max-width: 590px) 100vw, 590px\" \/><\/a><\/p>\n<h6 style=\"text-align: center;\"><strong><a href=\"https:\/\/cave-a-vin.ch\/wp-content\/uploads\/2025\/01\/DAUF-40.138-porte.png\"><img decoding=\"async\" loading=\"lazy\" class=\"size-full wp-image-5967 aligncenter\" src=\"https:\/\/cave-a-vin.ch\/wp-content\/uploads\/2025\/01\/DAUF-40.138-porte.png\" alt=\"\" width=\"1000\" height=\"1018\" srcset=\"https:\/\/cave-a-vin.ch\/wp-content\/uploads\/2025\/01\/DAUF-40.138-porte.png 1000w, https:\/\/cave-a-vin.ch\/wp-content\/uploads\/2025\/01\/DAUF-40.138-porte-295x300.png 295w, https:\/\/cave-a-vin.ch\/wp-content\/uploads\/2025\/01\/DAUF-40.138-porte-768x782.png 768w\" sizes=\"(max-width: 1000px) 100vw, 1000px\" \/><\/a><\/strong><\/h6>\n<p>&nbsp;<\/p>\n<p>&nbsp;<\/p>\n<p>&nbsp;<\/p>","protected":false},"excerpt":{"rendered":"<p>Armoire \u00e0 champagne sous-plan avec 1 zone de temp\u00e9rature Dot\u00e9e d\u2019un syst\u00e8me d\u2019\u00e9tag\u00e8res coulissantes brevet\u00e9es, cette armoire \u00e0 vin avec une zone de temp\u00e9rature a \u00e9t\u00e9 pens\u00e9e et con\u00e7ue pour disposer les 40 bouteilles \u00e0 l\u2019horizontale, afin de rendre les \u00e9tiquettes bien visibles pour un rep\u00e9rage simple et rapide. Elle a \u00e9t\u00e9 con\u00e7ue pour \u00eatre &hellip; <a href=\"https:\/\/cave-a-vin.ch\/fr\/armoire-a-vins\/dunavox\/special-champagne\/dauf-40-138-b-ss-sera\/\" class=\"more-link\">Continuer la lecture de <span class=\"screen-reader-text\">DAUF-40.138 SERA<\/span> <span class=\"meta-nav\">&rarr;<\/span><\/a><\/p>\n","protected":false},"author":1,"featured_media":0,"parent":4970,"menu_order":1,"comment_status":"closed","ping_status":"closed","template":"","meta":[],"_links":{"self":[{"href":"https:\/\/cave-a-vin.ch\/fr\/wp-json\/wp\/v2\/pages\/4976"}],"collection":[{"href":"https:\/\/cave-a-vin.ch\/fr\/wp-json\/wp\/v2\/pages"}],"about":[{"href":"https:\/\/cave-a-vin.ch\/fr\/wp-json\/wp\/v2\/types\/page"}],"author":[{"embeddable":true,"href":"https:\/\/cave-a-vin.ch\/fr\/wp-json\/wp\/v2\/users\/1"}],"replies":[{"embeddable":true,"href":"https:\/\/cave-a-vin.ch\/fr\/wp-json\/wp\/v2\/comments?post=4976"}],"version-history":[{"count":11,"href":"https:\/\/cave-a-vin.ch\/fr\/wp-json\/wp\/v2\/pages\/4976\/revisions"}],"predecessor-version":[{"id":5995,"href":"https:\/\/cave-a-vin.ch\/fr\/wp-json\/wp\/v2\/pages\/4976\/revisions\/5995"}],"up":[{"embeddable":true,"href":"https:\/\/cave-a-vin.ch\/fr\/wp-json\/wp\/v2\/pages\/4970"}],"wp:attachment":[{"href":"https:\/\/cave-a-vin.ch\/fr\/wp-json\/wp\/v2\/media?parent=4976"}],"curies":[{"name":"wp","href":"https:\/\/api.w.org\/{rel}","templated":true}]}}