{"id":501,"date":"2015-03-20T16:18:09","date_gmt":"2015-03-20T15:18:09","guid":{"rendered":"https:\/\/cave-a-vin.ch\/?page_id=501"},"modified":"2025-10-30T11:56:38","modified_gmt":"2025-10-30T10:56:38","slug":"meuble-du-cellier","status":"publish","type":"page","link":"https:\/\/cave-a-vin.ch\/fr\/casiers-a-bouteilles-en-bois\/meuble-du-cellier\/","title":{"rendered":"Meuble du Cellier"},"content":{"rendered":"<p><\/p>\n<h3><strong>Meuble \u00e0 bouteilles en \u00e9pic\u00e9a massif<\/strong><\/h3>\n<h6 style=\"text-align: right;\"><strong><span style=\"color: #800000;\"><em><img decoding=\"async\" loading=\"lazy\" class=\" wp-image-903 aligncenter\" src=\"https:\/\/cave-a-vin.ch\/wp-content\/uploads\/2015\/05\/Cellier-01.jpg\" alt=\"Cellier-01\" width=\"514\" height=\"656\" srcset=\"https:\/\/cave-a-vin.ch\/wp-content\/uploads\/2015\/05\/Cellier-01.jpg 712w, https:\/\/cave-a-vin.ch\/wp-content\/uploads\/2015\/05\/Cellier-01-235x300.jpg 235w\" sizes=\"(max-width: 514px) 100vw, 514px\" \/><\/em><\/span><\/strong><\/h6>\n<p style=\"text-align: justify;\">Le <strong>Meuble du Cellier<\/strong><em>, en \u00e9pic\u00e9a,<\/em>\u00a0pour votre cave \u00e0 vin : pour bouteilles et pour caisses d&rsquo;origine.<\/p>\n<p style=\"text-align: justify;\">Mod\u00e8les disponibles :<\/p>\n<p style=\"text-align: justify;\">350 bouteilles (H. 197 x L. 156 x P. 31 cm)<br \/>\n240 bouteilles (H. 140 x L. 156 x P. 31 cm)<br \/>\n105 bouteilles (H. 140 x L. 77 x P. 31 cm)<br \/>\n12 caisses (H. 79 x L. 157 x P. 50 cm)<br \/>\n8 caisses (H. 55 x L. 157 x P. 50 cm)<\/p>\n<h6 style=\"text-align: right;\"><strong><span style=\"color: #800000;\"><em><img decoding=\"async\" loading=\"lazy\" class=\"alignnone size-large wp-image-901\" src=\"https:\/\/cave-a-vin.ch\/wp-content\/uploads\/2015\/05\/Cellier-Caisse-3-hauteurs-1024x511.gif\" alt=\"Cellier-Caisse-3-hauteurs\" width=\"604\" height=\"301\" srcset=\"https:\/\/cave-a-vin.ch\/wp-content\/uploads\/2015\/05\/Cellier-Caisse-3-hauteurs-1024x511.gif 1024w, https:\/\/cave-a-vin.ch\/wp-content\/uploads\/2015\/05\/Cellier-Caisse-3-hauteurs-300x150.gif 300w\" sizes=\"(max-width: 604px) 100vw, 604px\" \/><\/em><\/span><\/strong><\/h6>\n<h6 style=\"text-align: center;\"><strong><em>Tous nos casiers sont en exposition dans nos locaux.<\/em><\/strong><\/h6>\n<h6 style=\"text-align: right;\"><\/h6>\n<p><\/p>\n<h3><strong>Meuble \u00e0 bouteilles en \u00e9pic\u00e9a massif<\/strong><\/h3>\n<h6 style=\"text-align: right;\"><strong><span style=\"color: #800000;\"><em><img decoding=\"async\" loading=\"lazy\" class=\" wp-image-903 aligncenter\" src=\"https:\/\/cave-a-vin.ch\/wp-content\/uploads\/2015\/05\/Cellier-01.jpg\" alt=\"Cellier-01\" width=\"514\" height=\"656\" srcset=\"https:\/\/cave-a-vin.ch\/wp-content\/uploads\/2015\/05\/Cellier-01.jpg 712w, https:\/\/cave-a-vin.ch\/wp-content\/uploads\/2015\/05\/Cellier-01-235x300.jpg 235w\" sizes=\"(max-width: 514px) 100vw, 514px\" \/><\/em><\/span><\/strong><\/h6>\n<p style=\"text-align: justify;\">Le <strong>Meuble du Cellier<\/strong><em>, en \u00e9pic\u00e9a,<\/em>\u00a0pour votre cave \u00e0 vin : pour bouteilles et pour caisses d&rsquo;origine.<\/p>\n<p style=\"text-align: justify;\">Mod\u00e8les disponibles :<\/p>\n<p style=\"text-align: justify;\">350 bouteilles (H. 197 x L. 156 x P. 31 cm)<br \/>\n240 bouteilles (H. 140 x L. 156 x P. 31 cm)<br \/>\n105 bouteilles (H. 140 x L. 77 x P. 31 cm)<br \/>\n12 caisses (H. 79 x L. 157 x P. 50 cm)<br \/>\n8 caisses (H. 55 x L. 157 x P. 50 cm)<\/p>\n<h6 style=\"text-align: right;\"><strong><span style=\"color: #800000;\"><em><img decoding=\"async\" loading=\"lazy\" class=\"alignnone size-large wp-image-901\" src=\"https:\/\/cave-a-vin.ch\/wp-content\/uploads\/2015\/05\/Cellier-Caisse-3-hauteurs-1024x511.gif\" alt=\"Cellier-Caisse-3-hauteurs\" width=\"604\" height=\"301\" srcset=\"https:\/\/cave-a-vin.ch\/wp-content\/uploads\/2015\/05\/Cellier-Caisse-3-hauteurs-1024x511.gif 1024w, https:\/\/cave-a-vin.ch\/wp-content\/uploads\/2015\/05\/Cellier-Caisse-3-hauteurs-300x150.gif 300w\" sizes=\"(max-width: 604px) 100vw, 604px\" \/><\/em><\/span><\/strong><\/h6>\n<h6 style=\"text-align: center;\"><strong><em>Tous nos casiers sont en exposition dans nos locaux.<\/em><\/strong><\/h6>\n<h6 style=\"text-align: right;\"><\/h6>\n<p><\/p>","protected":false},"excerpt":{"rendered":"<p>Meuble \u00e0 bouteilles en \u00e9pic\u00e9a massif Le Meuble du Cellier, en \u00e9pic\u00e9a,\u00a0pour votre cave \u00e0 vin : pour bouteilles et pour caisses d&rsquo;origine. Mod\u00e8les disponibles : 350 bouteilles (H. 197 x L. 156 x P. 31 cm) 240 bouteilles (H. 140 x L. 156 x P. 31 cm) 105 bouteilles (H. 140 x L. 77 &hellip; <a href=\"https:\/\/cave-a-vin.ch\/fr\/casiers-a-bouteilles-en-bois\/meuble-du-cellier\/\" class=\"more-link\">Continuer la lecture de <span class=\"screen-reader-text\">Meuble du Cellier<\/span> <span class=\"meta-nav\">&rarr;<\/span><\/a><\/p>\n","protected":false},"author":1,"featured_media":0,"parent":478,"menu_order":0,"comment_status":"closed","ping_status":"closed","template":"","meta":[],"_links":{"self":[{"href":"https:\/\/cave-a-vin.ch\/fr\/wp-json\/wp\/v2\/pages\/501"}],"collection":[{"href":"https:\/\/cave-a-vin.ch\/fr\/wp-json\/wp\/v2\/pages"}],"about":[{"href":"https:\/\/cave-a-vin.ch\/fr\/wp-json\/wp\/v2\/types\/page"}],"author":[{"embeddable":true,"href":"https:\/\/cave-a-vin.ch\/fr\/wp-json\/wp\/v2\/users\/1"}],"replies":[{"embeddable":true,"href":"https:\/\/cave-a-vin.ch\/fr\/wp-json\/wp\/v2\/comments?post=501"}],"version-history":[{"count":24,"href":"https:\/\/cave-a-vin.ch\/fr\/wp-json\/wp\/v2\/pages\/501\/revisions"}],"predecessor-version":[{"id":6546,"href":"https:\/\/cave-a-vin.ch\/fr\/wp-json\/wp\/v2\/pages\/501\/revisions\/6546"}],"up":[{"embeddable":true,"href":"https:\/\/cave-a-vin.ch\/fr\/wp-json\/wp\/v2\/pages\/478"}],"wp:attachment":[{"href":"https:\/\/cave-a-vin.ch\/fr\/wp-json\/wp\/v2\/media?parent=501"}],"curies":[{"name":"wp","href":"https:\/\/api.w.org\/{rel}","templated":true}]}}