{"id":5015,"date":"2022-06-23T15:16:54","date_gmt":"2022-06-23T13:16:54","guid":{"rendered":"https:\/\/cave-a-vin.ch\/?page_id=5015"},"modified":"2025-01-14T15:19:23","modified_gmt":"2025-01-14T14:19:23","slug":"dx-70-258-b-ss-sera","status":"publish","type":"page","link":"https:\/\/cave-a-vin.ch\/fr\/armoire-a-vins\/dunavox\/special-champagne\/dx-70-258-b-ss-sera\/","title":{"rendered":"DX-70.258 SERA"},"content":{"rendered":"<p><\/p>\n<h6 style=\"text-align: center;\"><strong>Armoire \u00e0 champagne sous-plan \/ pose libre avec 1 zone de temp\u00e9rature<\/strong><\/h6>\n<p><a href=\"https:\/\/cave-a-vin.ch\/wp-content\/uploads\/2022\/06\/DX-70.jpg\"><img decoding=\"async\" loading=\"lazy\" class=\"size-large wp-image-4999\" src=\"https:\/\/cave-a-vin.ch\/wp-content\/uploads\/2022\/06\/DX-70-1024x1024.jpg\" alt=\"\" width=\"604\" height=\"604\" srcset=\"https:\/\/cave-a-vin.ch\/wp-content\/uploads\/2022\/06\/DX-70-1024x1024.jpg 1024w, https:\/\/cave-a-vin.ch\/wp-content\/uploads\/2022\/06\/DX-70-150x150.jpg 150w, https:\/\/cave-a-vin.ch\/wp-content\/uploads\/2022\/06\/DX-70-300x300.jpg 300w, https:\/\/cave-a-vin.ch\/wp-content\/uploads\/2022\/06\/DX-70-768x768.jpg 768w\" sizes=\"(max-width: 604px) 100vw, 604px\" \/><\/a><\/p>\n<p style=\"text-align: justify;\">Dot\u00e9e d\u2019un syst\u00e8me d\u2019\u00e9tag\u00e8res coulissantes brevet\u00e9es, cette armoire \u00e0 champagne a \u00e9t\u00e9 pens\u00e9e et con\u00e7ue pour disposer les 70 bouteilles \u00e0 l\u2019horizontale, afin de rendre les \u00e9tiquettes bien visibles pour un rep\u00e9rage simple et rapide. Elle a \u00e9t\u00e9 con\u00e7ue pour \u00eatre encastr\u00e9e sous un plan de travail.<\/p>\n<p style=\"text-align: justify;\">La porte est enti\u00e8rement vitr\u00e9e, trait\u00e9 anti-UV, soit full glass noir (B), cadre inox (SS), cadre noir matt (MB). Possibilit\u00e9 de personnaliser le cadre selon la palette couleur RAL (C). \u00a0Le mod\u00e8le DX-70.258 B a une poign\u00e9e int\u00e9gr\u00e9e.<\/p>\n<p style=\"text-align: justify;\"><strong>Le Sera-70 convient non seulement aux grandes bouteilles telles que le champagne et le prosecco, mais est \u00e9galement enti\u00e8rement utilisable pour les bouteilles de type Bordeaux, Bourgogne et Rh\u00f4ne.<\/strong><\/p>\n<p><strong>Caract\u00e9ristiques techniques :<\/strong><br \/>\nDimensions : H. 122 x L. 59.5 x P. 68 cm<br \/>\nCapacit\u00e9 : 70 bouteilles<br \/>\nZone de temp\u00e9rature : 1 (+5 \u00b0C \/ +20\u00b0C)<br \/>\n<span lang=\"en\">Mod\u00e8les : full glass (B), cadre inox (SS), cadre noir matt (MB), cadre couleur RAL (C)<\/span><br \/>\nEcran tactile : LED<br \/>\nEclairage int\u00e9rieure : Multi LED (ambre, blanc ou bleu)<\/p>\n<p><a href=\"https:\/\/cave-a-vin.ch\/wp-content\/uploads\/2024\/11\/Ecran-LED.jpg\"><img decoding=\"async\" loading=\"lazy\" class=\"size-full wp-image-5461 aligncenter\" src=\"https:\/\/cave-a-vin.ch\/wp-content\/uploads\/2024\/11\/Ecran-LED.jpg\" sizes=\"(max-width: 998px) 100vw, 998px\" srcset=\"https:\/\/cave-a-vin.ch\/wp-content\/uploads\/2024\/11\/Ecran-LED.jpg 998w, https:\/\/cave-a-vin.ch\/wp-content\/uploads\/2024\/11\/Ecran-LED-300x36.jpg 300w, https:\/\/cave-a-vin.ch\/wp-content\/uploads\/2024\/11\/Ecran-LED-768x92.jpg 768w\" alt=\"\" width=\"998\" height=\"120\" \/><\/a><\/p>\n<p><a href=\"https:\/\/cave-a-vin.ch\/wp-content\/uploads\/2025\/01\/DX-70.258-screen.png\"><img decoding=\"async\" loading=\"lazy\" class=\"size-full wp-image-5985 aligncenter\" src=\"https:\/\/cave-a-vin.ch\/wp-content\/uploads\/2025\/01\/DX-70.258-screen.png\" alt=\"\" width=\"566\" height=\"103\" srcset=\"https:\/\/cave-a-vin.ch\/wp-content\/uploads\/2025\/01\/DX-70.258-screen.png 566w, https:\/\/cave-a-vin.ch\/wp-content\/uploads\/2025\/01\/DX-70.258-screen-300x55.png 300w\" sizes=\"(max-width: 566px) 100vw, 566px\" \/><\/a><a href=\"https:\/\/cave-a-vin.ch\/wp-content\/uploads\/2025\/01\/DX-70.258-porte.jpg\"><img decoding=\"async\" loading=\"lazy\" class=\" wp-image-5989 aligncenter\" src=\"https:\/\/cave-a-vin.ch\/wp-content\/uploads\/2025\/01\/DX-70.258-porte.jpg\" alt=\"\" width=\"255\" height=\"440\" srcset=\"https:\/\/cave-a-vin.ch\/wp-content\/uploads\/2025\/01\/DX-70.258-porte.jpg 555w, https:\/\/cave-a-vin.ch\/wp-content\/uploads\/2025\/01\/DX-70.258-porte-174x300.jpg 174w\" sizes=\"(max-width: 255px) 100vw, 255px\" \/><\/a><\/p>\n<p>&nbsp;<\/p>\n<p>&nbsp;<\/p>\n<p>&nbsp;<\/p>\n<div class=\"mceTemp\"><\/div>\n<p>&nbsp;<\/p>","protected":false},"excerpt":{"rendered":"<p>Armoire \u00e0 champagne sous-plan \/ pose libre avec 1 zone de temp\u00e9rature Dot\u00e9e d\u2019un syst\u00e8me d\u2019\u00e9tag\u00e8res coulissantes brevet\u00e9es, cette armoire \u00e0 champagne a \u00e9t\u00e9 pens\u00e9e et con\u00e7ue pour disposer les 70 bouteilles \u00e0 l\u2019horizontale, afin de rendre les \u00e9tiquettes bien visibles pour un rep\u00e9rage simple et rapide. Elle a \u00e9t\u00e9 con\u00e7ue pour \u00eatre encastr\u00e9e sous &hellip; <a href=\"https:\/\/cave-a-vin.ch\/fr\/armoire-a-vins\/dunavox\/special-champagne\/dx-70-258-b-ss-sera\/\" class=\"more-link\">Continuer la lecture de <span class=\"screen-reader-text\">DX-70.258 SERA<\/span> <span class=\"meta-nav\">&rarr;<\/span><\/a><\/p>\n","protected":false},"author":1,"featured_media":0,"parent":4970,"menu_order":3,"comment_status":"closed","ping_status":"closed","template":"","meta":[],"_links":{"self":[{"href":"https:\/\/cave-a-vin.ch\/fr\/wp-json\/wp\/v2\/pages\/5015"}],"collection":[{"href":"https:\/\/cave-a-vin.ch\/fr\/wp-json\/wp\/v2\/pages"}],"about":[{"href":"https:\/\/cave-a-vin.ch\/fr\/wp-json\/wp\/v2\/types\/page"}],"author":[{"embeddable":true,"href":"https:\/\/cave-a-vin.ch\/fr\/wp-json\/wp\/v2\/users\/1"}],"replies":[{"embeddable":true,"href":"https:\/\/cave-a-vin.ch\/fr\/wp-json\/wp\/v2\/comments?post=5015"}],"version-history":[{"count":5,"href":"https:\/\/cave-a-vin.ch\/fr\/wp-json\/wp\/v2\/pages\/5015\/revisions"}],"predecessor-version":[{"id":5998,"href":"https:\/\/cave-a-vin.ch\/fr\/wp-json\/wp\/v2\/pages\/5015\/revisions\/5998"}],"up":[{"embeddable":true,"href":"https:\/\/cave-a-vin.ch\/fr\/wp-json\/wp\/v2\/pages\/4970"}],"wp:attachment":[{"href":"https:\/\/cave-a-vin.ch\/fr\/wp-json\/wp\/v2\/media?parent=5015"}],"curies":[{"name":"wp","href":"https:\/\/api.w.org\/{rel}","templated":true}]}}