{"id":5142,"date":"2023-02-24T12:55:10","date_gmt":"2023-02-24T11:55:10","guid":{"rendered":"https:\/\/cave-a-vin.ch\/?page_id=5142"},"modified":"2025-10-30T11:57:34","modified_gmt":"2025-10-30T10:57:34","slug":"vino-premium","status":"publish","type":"page","link":"https:\/\/cave-a-vin.ch\/fr\/casiers-a-bouteilles-en-bois\/vino-premium\/","title":{"rendered":"Vino Premium"},"content":{"rendered":"<p><a href=\"https:\/\/cave-a-vin.ch\/wp-content\/uploads\/2025\/08\/IMG_4704-002-scaled.jpg\"><img decoding=\"async\" loading=\"lazy\" class=\"alignnone size-full wp-image-6455\" src=\"https:\/\/cave-a-vin.ch\/wp-content\/uploads\/2025\/08\/IMG_4704-002-scaled.jpg\" alt=\"\" width=\"1920\" height=\"2560\" srcset=\"https:\/\/cave-a-vin.ch\/wp-content\/uploads\/2025\/08\/IMG_4704-002-scaled.jpg 1920w, https:\/\/cave-a-vin.ch\/wp-content\/uploads\/2025\/08\/IMG_4704-002-225x300.jpg 225w, https:\/\/cave-a-vin.ch\/wp-content\/uploads\/2025\/08\/IMG_4704-002-768x1024.jpg 768w, https:\/\/cave-a-vin.ch\/wp-content\/uploads\/2025\/08\/IMG_4704-002-1152x1536.jpg 1152w, https:\/\/cave-a-vin.ch\/wp-content\/uploads\/2025\/08\/IMG_4704-002-1536x2048.jpg 1536w\" sizes=\"(max-width: 1920px) 100vw, 1920px\" \/><\/a><\/p>\n<p style=\"text-align: justify;\">Les casiers de la s\u00e9rie Vino Premium forment un syst\u00e8me modulaire de meubles pour bouteilles, de haute qualit\u00e9, \u00e9l\u00e9gant et au design scandinave.<\/p>\n<p style=\"text-align: justify;\">Le Redel (ou aulne rouge) est un bois relativement dur qui r\u00e9siste aux conditions climatiques fra\u00eeches et humides, conditions que l&rsquo;on retrouve dans toutes les caves \u00e0 vin. Le plus grand charme du bois est sa belle couleur l\u00e9g\u00e8rement rouge\u00e2tre et les marques de grain fin &#8211; elles contribuent \u00e0 donner aux modules Vino Premium leur aspect tr\u00e8s exclusif.<\/p>\n<p><a href=\"https:\/\/cave-a-vin.ch\/wp-content\/uploads\/2023\/03\/qbic-classique.jpg\"><img decoding=\"async\" loading=\"lazy\" class=\"alignnone size-full wp-image-5175\" src=\"https:\/\/cave-a-vin.ch\/wp-content\/uploads\/2023\/03\/qbic-classique.jpg\" alt=\"\" width=\"841\" height=\"762\" srcset=\"https:\/\/cave-a-vin.ch\/wp-content\/uploads\/2023\/03\/qbic-classique.jpg 841w, https:\/\/cave-a-vin.ch\/wp-content\/uploads\/2023\/03\/qbic-classique-300x272.jpg 300w, https:\/\/cave-a-vin.ch\/wp-content\/uploads\/2023\/03\/qbic-classique-768x696.jpg 768w\" sizes=\"(max-width: 841px) 100vw, 841px\" \/><\/a><\/p>\n<p><a href=\"https:\/\/cave-a-vin.ch\/wp-content\/uploads\/2023\/02\/Eksempler-2.jpg\"><img decoding=\"async\" loading=\"lazy\" class=\"size-large wp-image-5144 aligncenter\" src=\"https:\/\/cave-a-vin.ch\/wp-content\/uploads\/2023\/02\/Eksempler-2-949x1024.jpg\" alt=\"\" width=\"604\" height=\"652\" srcset=\"https:\/\/cave-a-vin.ch\/wp-content\/uploads\/2023\/02\/Eksempler-2-949x1024.jpg 949w, https:\/\/cave-a-vin.ch\/wp-content\/uploads\/2023\/02\/Eksempler-2-278x300.jpg 278w, https:\/\/cave-a-vin.ch\/wp-content\/uploads\/2023\/02\/Eksempler-2-768x829.jpg 768w, https:\/\/cave-a-vin.ch\/wp-content\/uploads\/2023\/02\/Eksempler-2.jpg 1390w\" sizes=\"(max-width: 604px) 100vw, 604px\" \/><\/a><\/p>\n<p style=\"text-align: justify;\">Les propri\u00e9t\u00e9s naturelles du Redel permettent \u00e9galement d&rsquo;\u00e9viter tout traitement de surface et autres protections du bois, de sorte qu&rsquo;il n&rsquo;y a aucun risque d&rsquo;odeur ni d&rsquo;additifs chimiques qui pourraient alt\u00e9rer vos vins sur la dur\u00e9e du stockage.<\/p>\n<p style=\"text-align: justify;\">Vino Premium propose une gamme compl\u00e8te d&rsquo;\u00e9l\u00e9ments avec des conceptions et des fonctions diff\u00e9rentes qui offrent de nombreuses possibilit\u00e9s d&rsquo;am\u00e9nagement. Vino Premium est enti\u00e8rement personnalisable au niveau des rangements et de leur disposition selon vos envies et votre collection de vins.<\/p>\n<p style=\"text-align: justify;\">Vos bouteilles et caisses seront bien pr\u00e9serv\u00e9es.<\/p>\n<p><a href=\"https:\/\/cave-a-vin.ch\/wp-content\/uploads\/2023\/02\/Eksempler-6.jpg\"><img decoding=\"async\" loading=\"lazy\" class=\"size-large wp-image-5145 aligncenter\" src=\"https:\/\/cave-a-vin.ch\/wp-content\/uploads\/2023\/02\/Eksempler-6-1024x895.jpg\" alt=\"\" width=\"604\" height=\"528\" srcset=\"https:\/\/cave-a-vin.ch\/wp-content\/uploads\/2023\/02\/Eksempler-6-1024x895.jpg 1024w, https:\/\/cave-a-vin.ch\/wp-content\/uploads\/2023\/02\/Eksempler-6-300x262.jpg 300w, https:\/\/cave-a-vin.ch\/wp-content\/uploads\/2023\/02\/Eksempler-6-768x671.jpg 768w, https:\/\/cave-a-vin.ch\/wp-content\/uploads\/2023\/02\/Eksempler-6.jpg 1500w\" sizes=\"(max-width: 604px) 100vw, 604px\" \/><\/a><\/p>\n<p style=\"text-align: center;\"><strong><em>Les casiers \u00e0 bouteilles en bois sont en exposition dans nos locaux.<\/em><\/strong><\/p>\n<p>&nbsp;<\/p>","protected":false},"excerpt":{"rendered":"<p>Les casiers de la s\u00e9rie Vino Premium forment un syst\u00e8me modulaire de meubles pour bouteilles, de haute qualit\u00e9, \u00e9l\u00e9gant et au design scandinave. Le Redel (ou aulne rouge) est un bois relativement dur qui r\u00e9siste aux conditions climatiques fra\u00eeches et humides, conditions que l&rsquo;on retrouve dans toutes les caves \u00e0 vin. Le plus grand charme &hellip; <a href=\"https:\/\/cave-a-vin.ch\/fr\/casiers-a-bouteilles-en-bois\/vino-premium\/\" class=\"more-link\">Continuer la lecture de <span class=\"screen-reader-text\">Vino Premium<\/span> <span class=\"meta-nav\">&rarr;<\/span><\/a><\/p>\n","protected":false},"author":1,"featured_media":0,"parent":478,"menu_order":4,"comment_status":"closed","ping_status":"closed","template":"","meta":[],"_links":{"self":[{"href":"https:\/\/cave-a-vin.ch\/fr\/wp-json\/wp\/v2\/pages\/5142"}],"collection":[{"href":"https:\/\/cave-a-vin.ch\/fr\/wp-json\/wp\/v2\/pages"}],"about":[{"href":"https:\/\/cave-a-vin.ch\/fr\/wp-json\/wp\/v2\/types\/page"}],"author":[{"embeddable":true,"href":"https:\/\/cave-a-vin.ch\/fr\/wp-json\/wp\/v2\/users\/1"}],"replies":[{"embeddable":true,"href":"https:\/\/cave-a-vin.ch\/fr\/wp-json\/wp\/v2\/comments?post=5142"}],"version-history":[{"count":6,"href":"https:\/\/cave-a-vin.ch\/fr\/wp-json\/wp\/v2\/pages\/5142\/revisions"}],"predecessor-version":[{"id":6457,"href":"https:\/\/cave-a-vin.ch\/fr\/wp-json\/wp\/v2\/pages\/5142\/revisions\/6457"}],"up":[{"embeddable":true,"href":"https:\/\/cave-a-vin.ch\/fr\/wp-json\/wp\/v2\/pages\/478"}],"wp:attachment":[{"href":"https:\/\/cave-a-vin.ch\/fr\/wp-json\/wp\/v2\/media?parent=5142"}],"curies":[{"name":"wp","href":"https:\/\/api.w.org\/{rel}","templated":true}]}}