{"id":5204,"date":"2023-03-21T14:03:17","date_gmt":"2023-03-21T13:03:17","guid":{"rendered":"https:\/\/cave-a-vin.ch\/?page_id=5204"},"modified":"2025-01-29T11:26:57","modified_gmt":"2025-01-29T10:26:57","slug":"winemaster-wineout25x","status":"publish","type":"page","link":"https:\/\/cave-a-vin.ch\/fr\/climatisation\/winemaster-integrables\/winemaster-wineout25x\/","title":{"rendered":"WineOut25X"},"content":{"rendered":"<p><\/p>\n<p style=\"text-align: justify;\">En plus de son design novateur, le climatiseur\u00a0<strong>WineMaster WineOUT25 X<\/strong>, par son installation ext\u00e9rieure, est d\u2019une grande discr\u00e9tion. Il ne laisse apparaitre que les grilles de ventilation dans votre cave. Maintien d\u2019une temp\u00e9rature constante dans la cave que vous pouvez r\u00e9gler entre 8 et 18\u00b0C. R\u00e9gulateur \u00e9lectronique de commande d\u00e9port\u00e9 avec affichage de la temp\u00e9rature ambiante de la cave \u00e0 vin.<\/p>\n<p><a href=\"https:\/\/cave-a-vin.ch\/wp-content\/uploads\/2023\/03\/climatiseur-de-cave-wineout25x-1.png\"><img decoding=\"async\" loading=\"lazy\" class=\" wp-image-5207 aligncenter\" src=\"https:\/\/cave-a-vin.ch\/wp-content\/uploads\/2023\/03\/climatiseur-de-cave-wineout25x-1.png\" alt=\"\" width=\"413\" height=\"487\" srcset=\"https:\/\/cave-a-vin.ch\/wp-content\/uploads\/2023\/03\/climatiseur-de-cave-wineout25x-1.png 546w, https:\/\/cave-a-vin.ch\/wp-content\/uploads\/2023\/03\/climatiseur-de-cave-wineout25x-1-255x300.png 255w\" sizes=\"(max-width: 413px) 100vw, 413px\" \/><\/a><\/p>\n<p>&nbsp;<\/p>\n<p><strong>Les avantages :<\/strong><\/p>\n<ul>\n<li>2 vitesses de rotation pour le moteur du ventilateur c\u00f4t\u00e9 cave<\/li>\n<li style=\"text-align: justify;\">Silence de fonctionnement gr\u00e2ce \u00e0 l\u2019utilisation de nouveaux mat\u00e9riaux<\/li>\n<li style=\"text-align: justify;\">Adapt\u00e9 aux caves exig\u00fces (sous escalier par exemple)<\/li>\n<li style=\"text-align: justify;\">Gain de place dans la cave<\/li>\n<li style=\"text-align: justify;\">Hygrom\u00e9trie ma\u00eetris\u00e9e : condensation des exc\u00e8s et \u00e9vacuation de l\u2019humidit\u00e9 vers l\u2019ext\u00e9rieur<\/li>\n<li style=\"text-align: justify;\">Dimensions de l\u2019appareil permettant de s\u2019adapter \u00e0 diff\u00e9rentes pi\u00e8ces (cellier, mansarde\u2026)<\/li>\n<li style=\"text-align: justify;\">Consommation \u00e9lectrique ma\u00eetris\u00e9e gr\u00e2ce \u00e0 la turbine \u00e0 r\u00e9action c\u00f4t\u00e9 condenseur<\/li>\n<li style=\"text-align: justify;\">Fonction r\u00e9chauffage<\/li>\n<li style=\"text-align: justify;\">Le mod\u00e8le Wine OUT25X est \u00e9quip\u00e9 d\u2019une ceinture chauffante de protection en cas de conditions climatiques difficiles (l\u2019hiver notamment)<\/li>\n<li style=\"text-align: justify;\">D\u00e9tendeur Thermostatique, meilleure adaptation aux conditions difficiles<\/li>\n<li style=\"text-align: justify;\">Thermostat d\u00e9port\u00e9<\/li>\n<li>Entretien ais\u00e9 avec un filtre nettoyable<\/li>\n<\/ul>\n<p>&nbsp;<\/p>\n<p><img decoding=\"async\" loading=\"lazy\" class=\"aligncenter\" src=\"https:\/\/winemaster-suisse.ch\/wp-content\/uploads\/2024\/11\/climatiseur-de-cave-wine-out25x.png\" width=\"484\" height=\"575\" \/><\/p>\n<p>&nbsp;<\/p>\n<p><strong>Donn\u00e9es techniques :<\/strong><\/p>\n<p><strong><a href=\"https:\/\/winemaster-suisse.ch\/wp-content\/uploads\/2025\/01\/Climatiseur-Wine-OUT25-X-Winemaster-1.png\"><img decoding=\"async\" loading=\"lazy\" class=\"size-full wp-image-33367 aligncenter\" src=\"https:\/\/winemaster-suisse.ch\/wp-content\/uploads\/2025\/01\/Climatiseur-Wine-OUT25-X-Winemaster-1.png\" sizes=\"(max-width: 644px) 100vw, 644px\" srcset=\"https:\/\/winemaster-suisse.ch\/wp-content\/uploads\/2025\/01\/Climatiseur-Wine-OUT25-X-Winemaster-1.png 644w, https:\/\/winemaster-suisse.ch\/wp-content\/uploads\/2025\/01\/Climatiseur-Wine-OUT25-X-Winemaster-1-300x130.png 300w\" alt=\"\" width=\"644\" height=\"280\" \/><\/a><br \/>\n<\/strong><\/p>\n<p><img decoding=\"async\" loading=\"lazy\" class=\" wp-image-33064 aligncenter\" src=\"https:\/\/winemaster-suisse.ch\/wp-content\/uploads\/2024\/11\/Capture-decran-Out25.jpeg\" sizes=\"(max-width: 880px) 100vw, 880px\" srcset=\"https:\/\/winemaster-suisse.ch\/wp-content\/uploads\/2024\/11\/Capture-decran-Out25.jpeg 1183w, https:\/\/winemaster-suisse.ch\/wp-content\/uploads\/2024\/11\/Capture-decran-Out25-300x108.jpeg 300w, https:\/\/winemaster-suisse.ch\/wp-content\/uploads\/2024\/11\/Capture-decran-Out25-1024x368.jpeg 1024w, https:\/\/winemaster-suisse.ch\/wp-content\/uploads\/2024\/11\/Capture-decran-Out25-768x276.jpeg 768w, https:\/\/winemaster-suisse.ch\/wp-content\/uploads\/2024\/11\/Capture-decran-Out25-850x305.jpeg 850w\" alt=\"\" width=\"880\" height=\"316\" \/><\/p>\n<p>&nbsp;<\/p>\n<p>&nbsp;<\/p>","protected":false},"excerpt":{"rendered":"<p>En plus de son design novateur, le climatiseur\u00a0WineMaster WineOUT25 X, par son installation ext\u00e9rieure, est d\u2019une grande discr\u00e9tion. Il ne laisse apparaitre que les grilles de ventilation dans votre cave. Maintien d\u2019une temp\u00e9rature constante dans la cave que vous pouvez r\u00e9gler entre 8 et 18\u00b0C. R\u00e9gulateur \u00e9lectronique de commande d\u00e9port\u00e9 avec affichage de la temp\u00e9rature &hellip; <a href=\"https:\/\/cave-a-vin.ch\/fr\/climatisation\/winemaster-integrables\/winemaster-wineout25x\/\" class=\"more-link\">Continuer la lecture de <span class=\"screen-reader-text\">WineOut25X<\/span> <span class=\"meta-nav\">&rarr;<\/span><\/a><\/p>\n","protected":false},"author":1,"featured_media":0,"parent":4265,"menu_order":3,"comment_status":"closed","ping_status":"closed","template":"","meta":[],"_links":{"self":[{"href":"https:\/\/cave-a-vin.ch\/fr\/wp-json\/wp\/v2\/pages\/5204"}],"collection":[{"href":"https:\/\/cave-a-vin.ch\/fr\/wp-json\/wp\/v2\/pages"}],"about":[{"href":"https:\/\/cave-a-vin.ch\/fr\/wp-json\/wp\/v2\/types\/page"}],"author":[{"embeddable":true,"href":"https:\/\/cave-a-vin.ch\/fr\/wp-json\/wp\/v2\/users\/1"}],"replies":[{"embeddable":true,"href":"https:\/\/cave-a-vin.ch\/fr\/wp-json\/wp\/v2\/comments?post=5204"}],"version-history":[{"count":3,"href":"https:\/\/cave-a-vin.ch\/fr\/wp-json\/wp\/v2\/pages\/5204\/revisions"}],"predecessor-version":[{"id":6059,"href":"https:\/\/cave-a-vin.ch\/fr\/wp-json\/wp\/v2\/pages\/5204\/revisions\/6059"}],"up":[{"embeddable":true,"href":"https:\/\/cave-a-vin.ch\/fr\/wp-json\/wp\/v2\/pages\/4265"}],"wp:attachment":[{"href":"https:\/\/cave-a-vin.ch\/fr\/wp-json\/wp\/v2\/media?parent=5204"}],"curies":[{"name":"wp","href":"https:\/\/api.w.org\/{rel}","templated":true}]}}