{"id":5263,"date":"2023-12-12T16:15:00","date_gmt":"2023-12-12T15:15:00","guid":{"rendered":"https:\/\/cave-a-vin.ch\/?page_id=5263"},"modified":"2025-10-30T11:55:56","modified_gmt":"2025-10-30T10:55:56","slug":"cavicase","status":"publish","type":"page","link":"https:\/\/cave-a-vin.ch\/fr\/casiers-a-bouteilles-en-bois\/cavicase\/","title":{"rendered":"Cavicase"},"content":{"rendered":"<p><\/p>\n<div class=\"itemIntroText\">\n<p style=\"text-align: justify;\">Simple, pratique et \u00e9volutif, le syst\u00e8me d&rsquo;\u00e9tag\u00e8re \u00e0 vin Cavicase est con\u00e7u pour l\u2019am\u00e9nagement et le rangement de votre cave \u00e0 vin.<\/p>\n<p>Un syst\u00e8me de rangement pratique et flexible.<\/p>\n<\/div>\n<p><a href=\"https:\/\/cave-a-vin.ch\/wp-content\/uploads\/2025\/04\/IMG_4550-002-scaled.jpg\"><img decoding=\"async\" loading=\"lazy\" class=\"size-full wp-image-6283 aligncenter\" src=\"https:\/\/cave-a-vin.ch\/wp-content\/uploads\/2025\/04\/IMG_4550-002-scaled.jpg\" alt=\"\" width=\"1920\" height=\"2560\" srcset=\"https:\/\/cave-a-vin.ch\/wp-content\/uploads\/2025\/04\/IMG_4550-002-scaled.jpg 1920w, https:\/\/cave-a-vin.ch\/wp-content\/uploads\/2025\/04\/IMG_4550-002-225x300.jpg 225w, https:\/\/cave-a-vin.ch\/wp-content\/uploads\/2025\/04\/IMG_4550-002-768x1024.jpg 768w, https:\/\/cave-a-vin.ch\/wp-content\/uploads\/2025\/04\/IMG_4550-002-1152x1536.jpg 1152w, https:\/\/cave-a-vin.ch\/wp-content\/uploads\/2025\/04\/IMG_4550-002-1536x2048.jpg 1536w\" sizes=\"(max-width: 1920px) 100vw, 1920px\" \/><\/a><\/p>\n<div class=\"itemIntroText\"><span style=\"text-align: justify;\">Ce concept d&#8217;empilage en m\u00e9dium hydrofuge de type t\u00eate-b\u00eache propose un module de base sur trois niveaux. Les modules sont empilables et d\u00e9clin\u00e9s en trois solutions :<\/span><\/div>\n<div><\/div>\n<div class=\"itemFullText\">\n<p style=\"text-align: justify;\">\u2022 un \u00e9l\u00e9ment standard qui permet de recevoir jusqu&rsquo;\u00e0 72 bouteilles de type Bordeaux ou 54 bouteilles de type Bourgogne;<br \/>\n\u2022 un \u00e9l\u00e9ment standard compos\u00e9 de six clayettes coulissantes \u00e0 six empreintes pouvant accueillir plusieurs types de formats;<br \/>\n\u2022 un \u00e9l\u00e9ment standard constitu\u00e9 de clayettes coulissantes pour trois caisses de 12 bouteilles ou six caisses de six bouteilles.<\/p>\n<p>&nbsp;<\/p>\n<p><a href=\"https:\/\/cave-a-vin.ch\/wp-content\/uploads\/2023\/12\/Cavicase1trans.gif\"><img decoding=\"async\" loading=\"lazy\" class=\"size-full wp-image-5244 aligncenter\" src=\"https:\/\/cave-a-vin.ch\/wp-content\/uploads\/2023\/12\/Cavicase1trans.gif\" alt=\"\" width=\"478\" height=\"220\" \/><\/a><\/p>\n<\/div>\n<div class=\"itemIntroText\" style=\"text-align: center;\"><strong><em>Les casiers \u00e0 bouteilles en bois sont en exposition dans nos locaux.<\/em><\/strong><\/div>\n<div class=\"itemIntroText\">\n<p>&nbsp;<\/p>\n<\/div>\n<div class=\"itemFullText\">\n<p>&nbsp;<\/p>\n<\/div>\n<div class=\"itemIntroText\"><\/div>\n<p><\/p>","protected":false},"excerpt":{"rendered":"<p>Simple, pratique et \u00e9volutif, le syst\u00e8me d&rsquo;\u00e9tag\u00e8re \u00e0 vin Cavicase est con\u00e7u pour l\u2019am\u00e9nagement et le rangement de votre cave \u00e0 vin. Un syst\u00e8me de rangement pratique et flexible. Ce concept d&#8217;empilage en m\u00e9dium hydrofuge de type t\u00eate-b\u00eache propose un module de base sur trois niveaux. Les modules sont empilables et d\u00e9clin\u00e9s en trois solutions &hellip; <a href=\"https:\/\/cave-a-vin.ch\/fr\/casiers-a-bouteilles-en-bois\/cavicase\/\" class=\"more-link\">Continuer la lecture de <span class=\"screen-reader-text\">Cavicase<\/span> <span class=\"meta-nav\">&rarr;<\/span><\/a><\/p>\n","protected":false},"author":1,"featured_media":0,"parent":478,"menu_order":0,"comment_status":"closed","ping_status":"closed","template":"","meta":[],"_links":{"self":[{"href":"https:\/\/cave-a-vin.ch\/fr\/wp-json\/wp\/v2\/pages\/5263"}],"collection":[{"href":"https:\/\/cave-a-vin.ch\/fr\/wp-json\/wp\/v2\/pages"}],"about":[{"href":"https:\/\/cave-a-vin.ch\/fr\/wp-json\/wp\/v2\/types\/page"}],"author":[{"embeddable":true,"href":"https:\/\/cave-a-vin.ch\/fr\/wp-json\/wp\/v2\/users\/1"}],"replies":[{"embeddable":true,"href":"https:\/\/cave-a-vin.ch\/fr\/wp-json\/wp\/v2\/comments?post=5263"}],"version-history":[{"count":7,"href":"https:\/\/cave-a-vin.ch\/fr\/wp-json\/wp\/v2\/pages\/5263\/revisions"}],"predecessor-version":[{"id":6379,"href":"https:\/\/cave-a-vin.ch\/fr\/wp-json\/wp\/v2\/pages\/5263\/revisions\/6379"}],"up":[{"embeddable":true,"href":"https:\/\/cave-a-vin.ch\/fr\/wp-json\/wp\/v2\/pages\/478"}],"wp:attachment":[{"href":"https:\/\/cave-a-vin.ch\/fr\/wp-json\/wp\/v2\/media?parent=5263"}],"curies":[{"name":"wp","href":"https:\/\/api.w.org\/{rel}","templated":true}]}}