{"id":5296,"date":"2024-02-16T12:56:18","date_gmt":"2024-02-16T11:56:18","guid":{"rendered":"https:\/\/cave-a-vin.ch\/?page_id=5296"},"modified":"2025-10-30T12:00:27","modified_gmt":"2025-10-30T11:00:27","slug":"black-metal","status":"publish","type":"page","link":"https:\/\/cave-a-vin.ch\/fr\/casiers-a-bouteilles-en-metal\/black-metal\/","title":{"rendered":"Black Metal"},"content":{"rendered":"<p><\/p>\n<h4><strong>Mobilier en acier<\/strong><\/h4>\n<p><a href=\"https:\/\/cave-a-vin.ch\/wp-content\/uploads\/2020\/07\/La-Cave-Portrait-Profil.jpg\"><img decoding=\"async\" loading=\"lazy\" class=\" wp-image-3249 aligncenter\" src=\"https:\/\/cave-a-vin.ch\/wp-content\/uploads\/2020\/07\/La-Cave-Portrait-Profil-683x1024.jpg\" alt=\"\" width=\"514\" height=\"771\" srcset=\"https:\/\/cave-a-vin.ch\/wp-content\/uploads\/2020\/07\/La-Cave-Portrait-Profil-683x1024.jpg 683w, https:\/\/cave-a-vin.ch\/wp-content\/uploads\/2020\/07\/La-Cave-Portrait-Profil-200x300.jpg 200w, https:\/\/cave-a-vin.ch\/wp-content\/uploads\/2020\/07\/La-Cave-Portrait-Profil-768x1152.jpg 768w, https:\/\/cave-a-vin.ch\/wp-content\/uploads\/2020\/07\/La-Cave-Portrait-Profil.jpg 1365w\" sizes=\"(max-width: 514px) 100vw, 514px\" \/><\/a><\/p>\n<p>Con\u00e7ues pour un usage priv\u00e9 ou professionnel, les unit\u00e9s sont d\u2019une esth\u00e9tique \u00e9pur\u00e9e : elles prennent facilement place dans les environnements les plus vari\u00e9s et s\u2019adaptent aux dimensions de l\u2019espace qui les re\u00e7oit.<\/p>\n<p style=\"text-align: justify;\">La combinaison de nos nombreuses options d\u2019am\u00e9nagement permet la conception de projets sur mesure. Ces options r\u00e9pondent au choix fonctionnel de l\u2019\u0153nophile pour stocker et pr\u00e9senter ses bouteilles : logement individuel, stockage en masse, pr\u00e9sentation sur plans inclin\u00e9s, tablettes-tiroirs pour caisses en bois\u2026 leur conception est d\u2019une grande robustesse.<\/p>\n<p><a href=\"https:\/\/cave-a-vin.ch\/wp-content\/uploads\/2020\/07\/La-Cave-Vue-densemble-Paysage.jpg\"><img decoding=\"async\" loading=\"lazy\" class=\"size-large wp-image-3251 aligncenter\" src=\"https:\/\/cave-a-vin.ch\/wp-content\/uploads\/2020\/07\/La-Cave-Vue-densemble-Paysage-1024x683.jpg\" alt=\"\" width=\"604\" height=\"403\" srcset=\"https:\/\/cave-a-vin.ch\/wp-content\/uploads\/2020\/07\/La-Cave-Vue-densemble-Paysage-1024x683.jpg 1024w, https:\/\/cave-a-vin.ch\/wp-content\/uploads\/2020\/07\/La-Cave-Vue-densemble-Paysage-300x200.jpg 300w, https:\/\/cave-a-vin.ch\/wp-content\/uploads\/2020\/07\/La-Cave-Vue-densemble-Paysage-768x512.jpg 768w, https:\/\/cave-a-vin.ch\/wp-content\/uploads\/2020\/07\/La-Cave-Vue-densemble-Paysage.jpg 2048w\" sizes=\"(max-width: 604px) 100vw, 604px\" \/><\/a><\/p>\n<p>Les unit\u00e9s sont modulables et existent en trois hauteurs diff\u00e9rentes (90 \u2013 170 \u2013 220 cm.) avec avec des tablettes de 60 ou 90 cm. de large.<\/p>\n<p>Chaque projet peut \u00eatre personnalis\u00e9 individuellement en combinant des modules de diff\u00e9rentes tailles.<\/p>\n<p>\u2013 Un montage selon toutes les longueurs souhait\u00e9es<br \/>\n\u2013 Int\u00e9gration possible aussi bien en cave souterraine que dans le salon ou dans la cuisine<br \/>\n\u2013 Acier trait\u00e9 anti-corrosion, haute r\u00e9sistance<br \/>\n\u2013 Syst\u00e8me de montage simple, sans outil, par embo\u00eetements et clipages<br \/>\n\u2013 Pieds de r\u00e9glage pour adaptation aux petites variations de sol<br \/>\n\u2013 Diff\u00e9rentes personnalisations disponibles<\/p>\n<p><a href=\"https:\/\/cave-a-vin.ch\/wp-content\/uploads\/2020\/07\/Comptoir-de-d\u00e9gustation-de-face-paysage.jpg\"><img decoding=\"async\" loading=\"lazy\" class=\"size-full wp-image-3289 aligncenter\" src=\"https:\/\/cave-a-vin.ch\/wp-content\/uploads\/2020\/07\/Comptoir-de-d\u00e9gustation-de-face-paysage.jpg\" alt=\"\" width=\"825\" height=\"550\" srcset=\"https:\/\/cave-a-vin.ch\/wp-content\/uploads\/2020\/07\/Comptoir-de-d\u00e9gustation-de-face-paysage.jpg 825w, https:\/\/cave-a-vin.ch\/wp-content\/uploads\/2020\/07\/Comptoir-de-d\u00e9gustation-de-face-paysage-300x200.jpg 300w, https:\/\/cave-a-vin.ch\/wp-content\/uploads\/2020\/07\/Comptoir-de-d\u00e9gustation-de-face-paysage-768x512.jpg 768w\" sizes=\"(max-width: 825px) 100vw, 825px\" \/><\/a><\/p>\n<p><a href=\"https:\/\/cave-a-vin.ch\/wp-content\/uploads\/2015\/05\/Comptoir-des-Vins-profil-paysage.jpg\"><img decoding=\"async\" loading=\"lazy\" class=\"alignnone size-large wp-image-3302\" src=\"https:\/\/cave-a-vin.ch\/wp-content\/uploads\/2015\/05\/Comptoir-des-Vins-profil-paysage-1024x683.jpg\" alt=\"\" width=\"604\" height=\"403\" srcset=\"https:\/\/cave-a-vin.ch\/wp-content\/uploads\/2015\/05\/Comptoir-des-Vins-profil-paysage-1024x683.jpg 1024w, https:\/\/cave-a-vin.ch\/wp-content\/uploads\/2015\/05\/Comptoir-des-Vins-profil-paysage-300x200.jpg 300w, https:\/\/cave-a-vin.ch\/wp-content\/uploads\/2015\/05\/Comptoir-des-Vins-profil-paysage-768x512.jpg 768w, https:\/\/cave-a-vin.ch\/wp-content\/uploads\/2015\/05\/Comptoir-des-Vins-profil-paysage.jpg 2048w\" sizes=\"(max-width: 604px) 100vw, 604px\" \/><\/a><\/p>\n<p style=\"text-align: center;\"><em><strong>Tous nos casiers sont en exposition dans nos locaux.<\/strong><\/em><\/p>\n<p>&nbsp;<\/p>\n<p>&nbsp;<\/p>\n<h4><strong>Mobilier en acier<\/strong><\/h4>\n<p><a href=\"https:\/\/cave-a-vin.ch\/wp-content\/uploads\/2020\/07\/La-Cave-Portrait-Profil.jpg\"><img decoding=\"async\" loading=\"lazy\" class=\" wp-image-3249 aligncenter\" src=\"https:\/\/cave-a-vin.ch\/wp-content\/uploads\/2020\/07\/La-Cave-Portrait-Profil-683x1024.jpg\" alt=\"\" width=\"514\" height=\"771\" srcset=\"https:\/\/cave-a-vin.ch\/wp-content\/uploads\/2020\/07\/La-Cave-Portrait-Profil-683x1024.jpg 683w, https:\/\/cave-a-vin.ch\/wp-content\/uploads\/2020\/07\/La-Cave-Portrait-Profil-200x300.jpg 200w, https:\/\/cave-a-vin.ch\/wp-content\/uploads\/2020\/07\/La-Cave-Portrait-Profil-768x1152.jpg 768w, https:\/\/cave-a-vin.ch\/wp-content\/uploads\/2020\/07\/La-Cave-Portrait-Profil.jpg 1365w\" sizes=\"(max-width: 514px) 100vw, 514px\" \/><\/a><\/p>\n<p>Con\u00e7ues pour un usage priv\u00e9 ou professionnel, les unit\u00e9s sont d\u2019une esth\u00e9tique \u00e9pur\u00e9e : elles prennent facilement place dans les environnements les plus vari\u00e9s et s\u2019adaptent aux dimensions de l\u2019espace qui les re\u00e7oit.<\/p>\n<p style=\"text-align: justify;\">La combinaison de nos nombreuses options d\u2019am\u00e9nagement permet la conception de projets sur mesure. Ces options r\u00e9pondent au choix fonctionnel de l\u2019\u0153nophile pour stocker et pr\u00e9senter ses bouteilles : logement individuel, stockage en masse, pr\u00e9sentation sur plans inclin\u00e9s, tablettes-tiroirs pour caisses en bois\u2026 leur conception est d\u2019une grande robustesse.<\/p>\n<p><a href=\"https:\/\/cave-a-vin.ch\/wp-content\/uploads\/2020\/07\/La-Cave-Vue-densemble-Paysage.jpg\"><img decoding=\"async\" loading=\"lazy\" class=\"size-large wp-image-3251 aligncenter\" src=\"https:\/\/cave-a-vin.ch\/wp-content\/uploads\/2020\/07\/La-Cave-Vue-densemble-Paysage-1024x683.jpg\" alt=\"\" width=\"604\" height=\"403\" srcset=\"https:\/\/cave-a-vin.ch\/wp-content\/uploads\/2020\/07\/La-Cave-Vue-densemble-Paysage-1024x683.jpg 1024w, https:\/\/cave-a-vin.ch\/wp-content\/uploads\/2020\/07\/La-Cave-Vue-densemble-Paysage-300x200.jpg 300w, https:\/\/cave-a-vin.ch\/wp-content\/uploads\/2020\/07\/La-Cave-Vue-densemble-Paysage-768x512.jpg 768w, https:\/\/cave-a-vin.ch\/wp-content\/uploads\/2020\/07\/La-Cave-Vue-densemble-Paysage.jpg 2048w\" sizes=\"(max-width: 604px) 100vw, 604px\" \/><\/a><\/p>\n<p>Les unit\u00e9s sont modulables et existent en trois hauteurs diff\u00e9rentes (90 \u2013 170 \u2013 220 cm.) avec avec des tablettes de 60 ou 90 cm. de large.<\/p>\n<p>Chaque projet peut \u00eatre personnalis\u00e9 individuellement en combinant des modules de diff\u00e9rentes tailles.<\/p>\n<p>\u2013 Un montage selon toutes les longueurs souhait\u00e9es<br \/>\n\u2013 Int\u00e9gration possible aussi bien en cave souterraine que dans le salon ou dans la cuisine<br \/>\n\u2013 Acier trait\u00e9 anti-corrosion, haute r\u00e9sistance<br \/>\n\u2013 Syst\u00e8me de montage simple, sans outil, par embo\u00eetements et clipages<br \/>\n\u2013 Pieds de r\u00e9glage pour adaptation aux petites variations de sol<br \/>\n\u2013 Diff\u00e9rentes personnalisations disponibles<\/p>\n<p><a href=\"https:\/\/cave-a-vin.ch\/wp-content\/uploads\/2020\/07\/Comptoir-de-d\u00e9gustation-de-face-paysage.jpg\"><img decoding=\"async\" loading=\"lazy\" class=\"size-full wp-image-3289 aligncenter\" src=\"https:\/\/cave-a-vin.ch\/wp-content\/uploads\/2020\/07\/Comptoir-de-d\u00e9gustation-de-face-paysage.jpg\" alt=\"\" width=\"825\" height=\"550\" srcset=\"https:\/\/cave-a-vin.ch\/wp-content\/uploads\/2020\/07\/Comptoir-de-d\u00e9gustation-de-face-paysage.jpg 825w, https:\/\/cave-a-vin.ch\/wp-content\/uploads\/2020\/07\/Comptoir-de-d\u00e9gustation-de-face-paysage-300x200.jpg 300w, https:\/\/cave-a-vin.ch\/wp-content\/uploads\/2020\/07\/Comptoir-de-d\u00e9gustation-de-face-paysage-768x512.jpg 768w\" sizes=\"(max-width: 825px) 100vw, 825px\" \/><\/a><\/p>\n<p><a href=\"https:\/\/cave-a-vin.ch\/wp-content\/uploads\/2015\/05\/Comptoir-des-Vins-profil-paysage.jpg\"><img decoding=\"async\" loading=\"lazy\" class=\"alignnone size-large wp-image-3302\" src=\"https:\/\/cave-a-vin.ch\/wp-content\/uploads\/2015\/05\/Comptoir-des-Vins-profil-paysage-1024x683.jpg\" alt=\"\" width=\"604\" height=\"403\" srcset=\"https:\/\/cave-a-vin.ch\/wp-content\/uploads\/2015\/05\/Comptoir-des-Vins-profil-paysage-1024x683.jpg 1024w, https:\/\/cave-a-vin.ch\/wp-content\/uploads\/2015\/05\/Comptoir-des-Vins-profil-paysage-300x200.jpg 300w, https:\/\/cave-a-vin.ch\/wp-content\/uploads\/2015\/05\/Comptoir-des-Vins-profil-paysage-768x512.jpg 768w, https:\/\/cave-a-vin.ch\/wp-content\/uploads\/2015\/05\/Comptoir-des-Vins-profil-paysage.jpg 2048w\" sizes=\"(max-width: 604px) 100vw, 604px\" \/><\/a><\/p>\n<p style=\"text-align: center;\"><em><strong>Tous nos casiers sont en exposition dans nos locaux.<\/strong><\/em><\/p>\n<p>&nbsp;<\/p>\n<p><\/p>","protected":false},"excerpt":{"rendered":"<p>Mobilier en acier Con\u00e7ues pour un usage priv\u00e9 ou professionnel, les unit\u00e9s sont d\u2019une esth\u00e9tique \u00e9pur\u00e9e : elles prennent facilement place dans les environnements les plus vari\u00e9s et s\u2019adaptent aux dimensions de l\u2019espace qui les re\u00e7oit. La combinaison de nos nombreuses options d\u2019am\u00e9nagement permet la conception de projets sur mesure. Ces options r\u00e9pondent au choix &hellip; <a href=\"https:\/\/cave-a-vin.ch\/fr\/casiers-a-bouteilles-en-metal\/black-metal\/\" class=\"more-link\">Continuer la lecture de <span class=\"screen-reader-text\">Black Metal<\/span> <span class=\"meta-nav\">&rarr;<\/span><\/a><\/p>\n","protected":false},"author":1,"featured_media":0,"parent":436,"menu_order":0,"comment_status":"closed","ping_status":"closed","template":"","meta":[],"_links":{"self":[{"href":"https:\/\/cave-a-vin.ch\/fr\/wp-json\/wp\/v2\/pages\/5296"}],"collection":[{"href":"https:\/\/cave-a-vin.ch\/fr\/wp-json\/wp\/v2\/pages"}],"about":[{"href":"https:\/\/cave-a-vin.ch\/fr\/wp-json\/wp\/v2\/types\/page"}],"author":[{"embeddable":true,"href":"https:\/\/cave-a-vin.ch\/fr\/wp-json\/wp\/v2\/users\/1"}],"replies":[{"embeddable":true,"href":"https:\/\/cave-a-vin.ch\/fr\/wp-json\/wp\/v2\/comments?post=5296"}],"version-history":[{"count":8,"href":"https:\/\/cave-a-vin.ch\/fr\/wp-json\/wp\/v2\/pages\/5296\/revisions"}],"predecessor-version":[{"id":6547,"href":"https:\/\/cave-a-vin.ch\/fr\/wp-json\/wp\/v2\/pages\/5296\/revisions\/6547"}],"up":[{"embeddable":true,"href":"https:\/\/cave-a-vin.ch\/fr\/wp-json\/wp\/v2\/pages\/436"}],"wp:attachment":[{"href":"https:\/\/cave-a-vin.ch\/fr\/wp-json\/wp\/v2\/media?parent=5296"}],"curies":[{"name":"wp","href":"https:\/\/api.w.org\/{rel}","templated":true}]}}