{"id":5377,"date":"2024-11-21T12:05:24","date_gmt":"2024-11-21T11:05:24","guid":{"rendered":"https:\/\/cave-a-vin.ch\/?page_id=5377"},"modified":"2025-01-16T15:44:49","modified_gmt":"2025-01-16T14:44:49","slug":"dunavox-under-counter","status":"publish","type":"page","link":"https:\/\/cave-a-vin.ch\/fr\/armoire-a-vins\/dunavox\/dunavox-under-counter\/","title":{"rendered":"Dunavox Sous-Plan"},"content":{"rendered":"<p><\/p>\n<p style=\"text-align: justify;\">Les armoires \u00e0 vin Dunavox sont destin\u00e9s \u00e0 \u00eatre int\u00e9gr\u00e9es sous un plan de travail et sont dot\u00e9es d\u2019une grille de ventilation amovible en bas.<\/p>\n<p><a href=\"https:\/\/cave-a-vin.ch\/wp-content\/uploads\/2025\/01\/38.100-image.jpg\"><img decoding=\"async\" loading=\"lazy\" class=\"size-full wp-image-6010 aligncenter\" src=\"https:\/\/cave-a-vin.ch\/wp-content\/uploads\/2025\/01\/38.100-image.jpg\" alt=\"\" width=\"1000\" height=\"1000\" srcset=\"https:\/\/cave-a-vin.ch\/wp-content\/uploads\/2025\/01\/38.100-image.jpg 1000w, https:\/\/cave-a-vin.ch\/wp-content\/uploads\/2025\/01\/38.100-image-300x300.jpg 300w, https:\/\/cave-a-vin.ch\/wp-content\/uploads\/2025\/01\/38.100-image-150x150.jpg 150w, https:\/\/cave-a-vin.ch\/wp-content\/uploads\/2025\/01\/38.100-image-768x768.jpg 768w\" sizes=\"(max-width: 1000px) 100vw, 1000px\" \/><\/a><\/p>\n<p style=\"text-align: justify;\">Elles sont fabriqu\u00e9es dans les dimensions qui correspondent aux normes de cuisine. La hauteur est de 82 cm. pour correspondre \u00e0 la hauteur de porte standard d\u2019une cuisine.<\/p>\n<p style=\"text-align: justify;\">Porte, soign\u00e9e et \u00e9l\u00e9gante, est enti\u00e8rement vitr\u00e9e, teint\u00e9e et trait\u00e9e anti-UV. Dot\u00e9e d\u2019une poign\u00e9e, la porte vitr\u00e9e est propos\u00e9e soit avec un cadre \u00ab full glass \u00bb noir, un cadre inox, un cadre matt noir et vous avez \u00e9galement la possibilit\u00e9 de personnaliser le cadre selon la palette couleur RAL.<\/p>\n<p style=\"text-align: justify;\">La gamme comprend \u00e9galement des mod\u00e8les \u00e9quip\u00e9s du syst\u00e8me <strong>\u201cPush-to-Open<\/strong>\u201d (TO) permettant d\u2019ouvrir la porte gr\u00e2ce \u00e0 une l\u00e9g\u00e8re pression de la main assurant une parfaite correspondance avec toutes les cuisines sans poign\u00e9es dans un environnement moderne.<\/p>\n<p><a href=\"https:\/\/cave-a-vin.ch\/wp-content\/uploads\/2025\/01\/9.22-image.jpg\"><img decoding=\"async\" loading=\"lazy\" class=\"size-full wp-image-6011 aligncenter\" src=\"https:\/\/cave-a-vin.ch\/wp-content\/uploads\/2025\/01\/9.22-image.jpg\" alt=\"\" width=\"1000\" height=\"1000\" srcset=\"https:\/\/cave-a-vin.ch\/wp-content\/uploads\/2025\/01\/9.22-image.jpg 1000w, https:\/\/cave-a-vin.ch\/wp-content\/uploads\/2025\/01\/9.22-image-300x300.jpg 300w, https:\/\/cave-a-vin.ch\/wp-content\/uploads\/2025\/01\/9.22-image-150x150.jpg 150w, https:\/\/cave-a-vin.ch\/wp-content\/uploads\/2025\/01\/9.22-image-768x768.jpg 768w\" sizes=\"(max-width: 1000px) 100vw, 1000px\" \/><\/a><\/p>\n<p style=\"text-align: justify;\">Les armoires \u00e0 vin \u00e0 encastrer sous un plan de travail peuvent stocker entre 9 \u00e0 46 bouteilles, sur des clayettes en bois.<\/p>\n<p style=\"text-align: justify;\">Les diff\u00e9rents compartiments permettent de maintenir des vins \u00e0 une temp\u00e9rature variable pr\u00e9servant aussi bien un vin blanc qu\u2019un vin rouge. Elles peuvent avoir \u00e9galement une zone de temp\u00e9rature.<\/p>\n<p style=\"text-align: justify;\">Cette gamme sous plan de travail vous offre la possibilit\u00e9 de maintenir vos vins pr\u00e8s \u00e0 \u00eatre d\u00e9gust\u00e9s.<\/p>\n<p><a href=\"https:\/\/cave-a-vin.ch\/wp-content\/uploads\/2025\/01\/46.145.jpeg\"><img decoding=\"async\" loading=\"lazy\" class=\"size-full wp-image-6012 aligncenter\" src=\"https:\/\/cave-a-vin.ch\/wp-content\/uploads\/2025\/01\/46.145.jpeg\" alt=\"\" width=\"1000\" height=\"1000\" srcset=\"https:\/\/cave-a-vin.ch\/wp-content\/uploads\/2025\/01\/46.145.jpeg 1000w, https:\/\/cave-a-vin.ch\/wp-content\/uploads\/2025\/01\/46.145-300x300.jpeg 300w, https:\/\/cave-a-vin.ch\/wp-content\/uploads\/2025\/01\/46.145-150x150.jpeg 150w, https:\/\/cave-a-vin.ch\/wp-content\/uploads\/2025\/01\/46.145-768x768.jpeg 768w\" sizes=\"(max-width: 1000px) 100vw, 1000px\" \/><\/a><\/p>\n<p>&nbsp;<\/p>","protected":false},"excerpt":{"rendered":"<p>Les armoires \u00e0 vin Dunavox sont destin\u00e9s \u00e0 \u00eatre int\u00e9gr\u00e9es sous un plan de travail et sont dot\u00e9es d\u2019une grille de ventilation amovible en bas. Elles sont fabriqu\u00e9es dans les dimensions qui correspondent aux normes de cuisine. La hauteur est de 82 cm. pour correspondre \u00e0 la hauteur de porte standard d\u2019une cuisine. Porte, soign\u00e9e &hellip; <a href=\"https:\/\/cave-a-vin.ch\/fr\/armoire-a-vins\/dunavox\/dunavox-under-counter\/\" class=\"more-link\">Continuer la lecture de <span class=\"screen-reader-text\">Dunavox Sous-Plan<\/span> <span class=\"meta-nav\">&rarr;<\/span><\/a><\/p>\n","protected":false},"author":1,"featured_media":0,"parent":752,"menu_order":0,"comment_status":"closed","ping_status":"closed","template":"","meta":[],"_links":{"self":[{"href":"https:\/\/cave-a-vin.ch\/fr\/wp-json\/wp\/v2\/pages\/5377"}],"collection":[{"href":"https:\/\/cave-a-vin.ch\/fr\/wp-json\/wp\/v2\/pages"}],"about":[{"href":"https:\/\/cave-a-vin.ch\/fr\/wp-json\/wp\/v2\/types\/page"}],"author":[{"embeddable":true,"href":"https:\/\/cave-a-vin.ch\/fr\/wp-json\/wp\/v2\/users\/1"}],"replies":[{"embeddable":true,"href":"https:\/\/cave-a-vin.ch\/fr\/wp-json\/wp\/v2\/comments?post=5377"}],"version-history":[{"count":3,"href":"https:\/\/cave-a-vin.ch\/fr\/wp-json\/wp\/v2\/pages\/5377\/revisions"}],"predecessor-version":[{"id":6014,"href":"https:\/\/cave-a-vin.ch\/fr\/wp-json\/wp\/v2\/pages\/5377\/revisions\/6014"}],"up":[{"embeddable":true,"href":"https:\/\/cave-a-vin.ch\/fr\/wp-json\/wp\/v2\/pages\/752"}],"wp:attachment":[{"href":"https:\/\/cave-a-vin.ch\/fr\/wp-json\/wp\/v2\/media?parent=5377"}],"curies":[{"name":"wp","href":"https:\/\/api.w.org\/{rel}","templated":true}]}}