{"id":5379,"date":"2024-11-21T12:06:04","date_gmt":"2024-11-21T11:06:04","guid":{"rendered":"https:\/\/cave-a-vin.ch\/?page_id=5379"},"modified":"2025-01-16T16:22:32","modified_gmt":"2025-01-16T15:22:32","slug":"dunavox-large-models","status":"publish","type":"page","link":"https:\/\/cave-a-vin.ch\/fr\/armoire-a-vins\/dunavox\/dunavox-large-models\/","title":{"rendered":"Dunavox Grands Mod\u00e8les"},"content":{"rendered":"<p><\/p>\n<p style=\"text-align: justify;\"><strong>DUNAVOX<\/strong> proposent des armoires \u00e0 vin avec une ou deux zones de temp\u00e9rature. Elles peuvent stocker entre 94 \u00e0 183 bouteilles.<\/p>\n<p><a href=\"https:\/\/cave-a-vin.ch\/wp-content\/uploads\/2025\/01\/DX-181.490-photo-2-1.jpg\"><img decoding=\"async\" loading=\"lazy\" class=\"size-full wp-image-6019 aligncenter\" src=\"https:\/\/cave-a-vin.ch\/wp-content\/uploads\/2025\/01\/DX-181.490-photo-2-1.jpg\" alt=\"\" width=\"1000\" height=\"1000\" srcset=\"https:\/\/cave-a-vin.ch\/wp-content\/uploads\/2025\/01\/DX-181.490-photo-2-1.jpg 1000w, https:\/\/cave-a-vin.ch\/wp-content\/uploads\/2025\/01\/DX-181.490-photo-2-1-300x300.jpg 300w, https:\/\/cave-a-vin.ch\/wp-content\/uploads\/2025\/01\/DX-181.490-photo-2-1-150x150.jpg 150w, https:\/\/cave-a-vin.ch\/wp-content\/uploads\/2025\/01\/DX-181.490-photo-2-1-768x768.jpg 768w\" sizes=\"(max-width: 1000px) 100vw, 1000px\" \/><\/a><\/p>\n<p dir=\"ltr\" style=\"text-align: justify;\" data-placeholder=\"Traduction\"><span lang=\"fr\">Leur aspect \u00e9l\u00e9gant les rendent particuli\u00e8rement repr\u00e9sentatifs dans les restaurants et les cuisines modernes.\u00a0 <\/span>Porte, soign\u00e9e et \u00e9l\u00e9gante, est enti\u00e8rement vitr\u00e9e, teint\u00e9e et trait\u00e9e anti-UV. Dot\u00e9e d\u2019une poign\u00e9e, la porte vitr\u00e9e est propos\u00e9e soit avec un cadre \u00ab full glass \u00bb noir, un cadre inox, un cadre matt noir et vous avez \u00e9galement la possibilit\u00e9 de personnaliser le cadre selon la palette couleur RAL.<\/p>\n<p class=\"tw-data-text tw-text-large tw-ta\" dir=\"ltr\" style=\"text-align: justify;\" data-placeholder=\"Traduction\"><span lang=\"fr\">Les bouteilles sont r\u00e9parties sur des clayettes coulissantes en bois. Certains mod\u00e8les sont propos\u00e9s pour \u00eatre int\u00e9gr\u00e9s ou peuvent \u00eatre en pose libre.<\/span><\/p>\n<p dir=\"ltr\" data-placeholder=\"Traduction\"><a href=\"https:\/\/cave-a-vin.ch\/wp-content\/uploads\/2025\/01\/DX-194.490-photo-2-1.jpg\"><img decoding=\"async\" loading=\"lazy\" class=\"size-full wp-image-6020 aligncenter\" src=\"https:\/\/cave-a-vin.ch\/wp-content\/uploads\/2025\/01\/DX-194.490-photo-2-1.jpg\" alt=\"\" width=\"1000\" height=\"1000\" srcset=\"https:\/\/cave-a-vin.ch\/wp-content\/uploads\/2025\/01\/DX-194.490-photo-2-1.jpg 1000w, https:\/\/cave-a-vin.ch\/wp-content\/uploads\/2025\/01\/DX-194.490-photo-2-1-300x300.jpg 300w, https:\/\/cave-a-vin.ch\/wp-content\/uploads\/2025\/01\/DX-194.490-photo-2-1-150x150.jpg 150w, https:\/\/cave-a-vin.ch\/wp-content\/uploads\/2025\/01\/DX-194.490-photo-2-1-768x768.jpg 768w\" sizes=\"(max-width: 1000px) 100vw, 1000px\" \/><\/a><\/p>\n<p dir=\"ltr\" data-placeholder=\"Traduction\">\n<p><\/p>","protected":false},"excerpt":{"rendered":"<p>DUNAVOX proposent des armoires \u00e0 vin avec une ou deux zones de temp\u00e9rature. Elles peuvent stocker entre 94 \u00e0 183 bouteilles. Leur aspect \u00e9l\u00e9gant les rendent particuli\u00e8rement repr\u00e9sentatifs dans les restaurants et les cuisines modernes.\u00a0 Porte, soign\u00e9e et \u00e9l\u00e9gante, est enti\u00e8rement vitr\u00e9e, teint\u00e9e et trait\u00e9e anti-UV. Dot\u00e9e d\u2019une poign\u00e9e, la porte vitr\u00e9e est propos\u00e9e soit &hellip; <a href=\"https:\/\/cave-a-vin.ch\/fr\/armoire-a-vins\/dunavox\/dunavox-large-models\/\" class=\"more-link\">Continuer la lecture de <span class=\"screen-reader-text\">Dunavox Grands Mod\u00e8les<\/span> <span class=\"meta-nav\">&rarr;<\/span><\/a><\/p>\n","protected":false},"author":1,"featured_media":0,"parent":752,"menu_order":0,"comment_status":"closed","ping_status":"closed","template":"","meta":[],"_links":{"self":[{"href":"https:\/\/cave-a-vin.ch\/fr\/wp-json\/wp\/v2\/pages\/5379"}],"collection":[{"href":"https:\/\/cave-a-vin.ch\/fr\/wp-json\/wp\/v2\/pages"}],"about":[{"href":"https:\/\/cave-a-vin.ch\/fr\/wp-json\/wp\/v2\/types\/page"}],"author":[{"embeddable":true,"href":"https:\/\/cave-a-vin.ch\/fr\/wp-json\/wp\/v2\/users\/1"}],"replies":[{"embeddable":true,"href":"https:\/\/cave-a-vin.ch\/fr\/wp-json\/wp\/v2\/comments?post=5379"}],"version-history":[{"count":3,"href":"https:\/\/cave-a-vin.ch\/fr\/wp-json\/wp\/v2\/pages\/5379\/revisions"}],"predecessor-version":[{"id":6022,"href":"https:\/\/cave-a-vin.ch\/fr\/wp-json\/wp\/v2\/pages\/5379\/revisions\/6022"}],"up":[{"embeddable":true,"href":"https:\/\/cave-a-vin.ch\/fr\/wp-json\/wp\/v2\/pages\/752"}],"wp:attachment":[{"href":"https:\/\/cave-a-vin.ch\/fr\/wp-json\/wp\/v2\/media?parent=5379"}],"curies":[{"name":"wp","href":"https:\/\/api.w.org\/{rel}","templated":true}]}}