{"id":5381,"date":"2024-11-21T12:06:29","date_gmt":"2024-11-21T11:06:29","guid":{"rendered":"https:\/\/cave-a-vin.ch\/?page_id=5381"},"modified":"2025-01-16T16:51:10","modified_gmt":"2025-01-16T15:51:10","slug":"dunavox-champagne","status":"publish","type":"page","link":"https:\/\/cave-a-vin.ch\/fr\/armoire-a-vins\/dunavox\/dunavox-champagne\/","title":{"rendered":"Dunavox Champagne"},"content":{"rendered":"<p><\/p>\n<p style=\"text-align: justify;\">Les armoires \u00e0 vins Dunavox\u00a0<strong>Sera<\/strong>\u00a0compl\u00e8tent notre gamme pour le plus grand bonheur des amateurs de Champagne et de vins effervescents !<\/p>\n<p style=\"text-align: justify;\">Le champagne est une boisson sp\u00e9ciale, associ\u00e9e \u00e0 la royaut\u00e9 depuis le 17e si\u00e8cle, qui apporte une ambiance diff\u00e9rente \u00e0 tout \u00e9v\u00e8nement festif. La fabrication du champagne requiert de la patience et certains proc\u00e9d\u00e9s pour obtenir le go\u00fbt id\u00e9al du raisin. L\u2019\u00e9clat provient du processus de seconde fermentation, unique aux vins mousseux, qui a lieu \u00e0 l\u2019int\u00e9rieur de la bouteille.<\/p>\n<p><a href=\"https:\/\/cave-a-vin.ch\/wp-content\/uploads\/2025\/01\/DX-70-scaled.jpg\"><img decoding=\"async\" loading=\"lazy\" class=\"size-full wp-image-6027\" src=\"https:\/\/cave-a-vin.ch\/wp-content\/uploads\/2025\/01\/DX-70-scaled.jpg\" alt=\"\" width=\"2560\" height=\"2560\" srcset=\"https:\/\/cave-a-vin.ch\/wp-content\/uploads\/2025\/01\/DX-70-scaled.jpg 2560w, https:\/\/cave-a-vin.ch\/wp-content\/uploads\/2025\/01\/DX-70-300x300.jpg 300w, https:\/\/cave-a-vin.ch\/wp-content\/uploads\/2025\/01\/DX-70-1024x1024.jpg 1024w, https:\/\/cave-a-vin.ch\/wp-content\/uploads\/2025\/01\/DX-70-150x150.jpg 150w, https:\/\/cave-a-vin.ch\/wp-content\/uploads\/2025\/01\/DX-70-768x768.jpg 768w, https:\/\/cave-a-vin.ch\/wp-content\/uploads\/2025\/01\/DX-70-1536x1536.jpg 1536w, https:\/\/cave-a-vin.ch\/wp-content\/uploads\/2025\/01\/DX-70-2048x2048.jpg 2048w\" sizes=\"(max-width: 2560px) 100vw, 2560px\" \/><\/a><\/p>\n<p style=\"text-align: justify;\">Dot\u00e9e d\u2019un syst\u00e8me d\u2019\u00e9tag\u00e8res coulissantes brevet\u00e9es, ces armoires \u00e0 vin ont \u00e9t\u00e9 pens\u00e9es et con\u00e7ue pour disposer les bouteilles \u00e0 l\u2019horizontale, afin de rendre les \u00e9tiquettes bien visibles pour un rep\u00e9rage simple et rapide. Elle sont con\u00e7ues pour \u00eatre encastr\u00e9e sous un plan de travail.<\/p>\n<p style=\"text-align: justify;\">La porte est enti\u00e8rement vitr\u00e9e, trait\u00e9 anti-UV, soit full glass noir (B), cadre inox (SS), cadre noir matt (MB). Possibilit\u00e9 de personnaliser le cadre selon la palette couleur RAL (C). Le mod\u00e8le DAUF-40.138 B a une poign\u00e9e int\u00e9gr\u00e9e.<\/p>\n<p style=\"text-align: justify;\"><strong>Les armoires \u00e0 vin Sera conviennent non seulement aux grandes bouteilles telles que le champagne et le prosecco, mais est \u00e9galement enti\u00e8rement utilisable pour les bouteilles de type Bordeaux, Bourgogne et Rh\u00f4ne.<\/strong><\/p>\n<p style=\"text-align: justify;\">La capacit\u00e9 des armoires varie de 40 \u00e0 143 bouteilles, de quoi s\u2019adapter aux besoins de toutes les familles.<\/p>\n<p><a href=\"https:\/\/cave-a-vin.ch\/wp-content\/uploads\/2025\/01\/DX-143Black-scaled.jpg\"><img decoding=\"async\" loading=\"lazy\" class=\"size-full wp-image-6028\" src=\"https:\/\/cave-a-vin.ch\/wp-content\/uploads\/2025\/01\/DX-143Black-scaled.jpg\" alt=\"\" width=\"2560\" height=\"1707\" srcset=\"https:\/\/cave-a-vin.ch\/wp-content\/uploads\/2025\/01\/DX-143Black-scaled.jpg 2560w, https:\/\/cave-a-vin.ch\/wp-content\/uploads\/2025\/01\/DX-143Black-300x200.jpg 300w, https:\/\/cave-a-vin.ch\/wp-content\/uploads\/2025\/01\/DX-143Black-1024x683.jpg 1024w, https:\/\/cave-a-vin.ch\/wp-content\/uploads\/2025\/01\/DX-143Black-768x512.jpg 768w, https:\/\/cave-a-vin.ch\/wp-content\/uploads\/2025\/01\/DX-143Black-1536x1024.jpg 1536w, https:\/\/cave-a-vin.ch\/wp-content\/uploads\/2025\/01\/DX-143Black-2048x1365.jpg 2048w\" sizes=\"(max-width: 2560px) 100vw, 2560px\" \/><\/a><\/p>\n<p>&nbsp;<\/p>","protected":false},"excerpt":{"rendered":"<p>Les armoires \u00e0 vins Dunavox\u00a0Sera\u00a0compl\u00e8tent notre gamme pour le plus grand bonheur des amateurs de Champagne et de vins effervescents ! Le champagne est une boisson sp\u00e9ciale, associ\u00e9e \u00e0 la royaut\u00e9 depuis le 17e si\u00e8cle, qui apporte une ambiance diff\u00e9rente \u00e0 tout \u00e9v\u00e8nement festif. La fabrication du champagne requiert de la patience et certains proc\u00e9d\u00e9s &hellip; <a href=\"https:\/\/cave-a-vin.ch\/fr\/armoire-a-vins\/dunavox\/dunavox-champagne\/\" class=\"more-link\">Continuer la lecture de <span class=\"screen-reader-text\">Dunavox Champagne<\/span> <span class=\"meta-nav\">&rarr;<\/span><\/a><\/p>\n","protected":false},"author":1,"featured_media":0,"parent":752,"menu_order":0,"comment_status":"closed","ping_status":"closed","template":"","meta":[],"_links":{"self":[{"href":"https:\/\/cave-a-vin.ch\/fr\/wp-json\/wp\/v2\/pages\/5381"}],"collection":[{"href":"https:\/\/cave-a-vin.ch\/fr\/wp-json\/wp\/v2\/pages"}],"about":[{"href":"https:\/\/cave-a-vin.ch\/fr\/wp-json\/wp\/v2\/types\/page"}],"author":[{"embeddable":true,"href":"https:\/\/cave-a-vin.ch\/fr\/wp-json\/wp\/v2\/users\/1"}],"replies":[{"embeddable":true,"href":"https:\/\/cave-a-vin.ch\/fr\/wp-json\/wp\/v2\/comments?post=5381"}],"version-history":[{"count":2,"href":"https:\/\/cave-a-vin.ch\/fr\/wp-json\/wp\/v2\/pages\/5381\/revisions"}],"predecessor-version":[{"id":6029,"href":"https:\/\/cave-a-vin.ch\/fr\/wp-json\/wp\/v2\/pages\/5381\/revisions\/6029"}],"up":[{"embeddable":true,"href":"https:\/\/cave-a-vin.ch\/fr\/wp-json\/wp\/v2\/pages\/752"}],"wp:attachment":[{"href":"https:\/\/cave-a-vin.ch\/fr\/wp-json\/wp\/v2\/media?parent=5381"}],"curies":[{"name":"wp","href":"https:\/\/api.w.org\/{rel}","templated":true}]}}