{"id":5383,"date":"2024-11-21T12:07:13","date_gmt":"2024-11-21T11:07:13","guid":{"rendered":"https:\/\/cave-a-vin.ch\/?page_id=5383"},"modified":"2024-12-05T14:56:16","modified_gmt":"2024-12-05T13:56:16","slug":"dunavox-free-standing","status":"publish","type":"page","link":"https:\/\/cave-a-vin.ch\/fr\/armoire-a-vins\/dunavox\/dunavox-free-standing\/","title":{"rendered":"Dunavox Pose Libre"},"content":{"rendered":"<p><\/p>\n<p style=\"text-align: justify;\">Les armoires \u00e0 vin de la gamme\u00a0<strong>Dunavox Home<\/strong>\u00a0peuvent \u00eatre plac\u00e9s n\u2019importe o\u00f9 dans votre habitat en pose libre. Toutefois elles ne conviennent pas pour \u00eatre encastr\u00e9es dans un meuble.<\/p>\n<p style=\"text-align: justify;\">Elles donnent une touche contemporaine et sophistiqu\u00e9e \u00e0 votre int\u00e9rieur tout en pr\u00e9servant vos bouteilles.<\/p>\n<p><a href=\"https:\/\/cave-a-vin.ch\/wp-content\/uploads\/2024\/11\/DX30.80.jpeg\"><img decoding=\"async\" loading=\"lazy\" class=\"size-full wp-image-5452 aligncenter\" src=\"https:\/\/cave-a-vin.ch\/wp-content\/uploads\/2024\/11\/DX30.80.jpeg\" alt=\"\" width=\"1000\" height=\"1000\" srcset=\"https:\/\/cave-a-vin.ch\/wp-content\/uploads\/2024\/11\/DX30.80.jpeg 1000w, https:\/\/cave-a-vin.ch\/wp-content\/uploads\/2024\/11\/DX30.80-300x300.jpeg 300w, https:\/\/cave-a-vin.ch\/wp-content\/uploads\/2024\/11\/DX30.80-150x150.jpeg 150w, https:\/\/cave-a-vin.ch\/wp-content\/uploads\/2024\/11\/DX30.80-768x768.jpeg 768w\" sizes=\"(max-width: 1000px) 100vw, 1000px\" \/><\/a><\/p>\n<p>De petite, moyenne ou grande taille, leur capacit\u00e9 est de 6 \u00e0 54 bouteilles.<\/p>\n<p>Avec cette gamme, Dunavox vous propose des armoires \u00e0 vins simples \u00e0 poser et \u00e0 utiliser.<\/p>\n<p><a href=\"https:\/\/cave-a-vin.ch\/wp-content\/uploads\/2024\/11\/DX-20.62-03.jpeg\"><img decoding=\"async\" loading=\"lazy\" class=\"size-full wp-image-5454 aligncenter\" src=\"https:\/\/cave-a-vin.ch\/wp-content\/uploads\/2024\/11\/DX-20.62-03.jpeg\" alt=\"\" width=\"1000\" height=\"1000\" srcset=\"https:\/\/cave-a-vin.ch\/wp-content\/uploads\/2024\/11\/DX-20.62-03.jpeg 1000w, https:\/\/cave-a-vin.ch\/wp-content\/uploads\/2024\/11\/DX-20.62-03-300x300.jpeg 300w, https:\/\/cave-a-vin.ch\/wp-content\/uploads\/2024\/11\/DX-20.62-03-150x150.jpeg 150w, https:\/\/cave-a-vin.ch\/wp-content\/uploads\/2024\/11\/DX-20.62-03-768x768.jpeg 768w\" sizes=\"(max-width: 1000px) 100vw, 1000px\" \/><\/a><\/p>\n<p>&nbsp;<\/p>","protected":false},"excerpt":{"rendered":"<p>Les armoires \u00e0 vin de la gamme\u00a0Dunavox Home\u00a0peuvent \u00eatre plac\u00e9s n\u2019importe o\u00f9 dans votre habitat en pose libre. Toutefois elles ne conviennent pas pour \u00eatre encastr\u00e9es dans un meuble. Elles donnent une touche contemporaine et sophistiqu\u00e9e \u00e0 votre int\u00e9rieur tout en pr\u00e9servant vos bouteilles. De petite, moyenne ou grande taille, leur capacit\u00e9 est de 6 &hellip; <a href=\"https:\/\/cave-a-vin.ch\/fr\/armoire-a-vins\/dunavox\/dunavox-free-standing\/\" class=\"more-link\">Continuer la lecture de <span class=\"screen-reader-text\">Dunavox Pose Libre<\/span> <span class=\"meta-nav\">&rarr;<\/span><\/a><\/p>\n","protected":false},"author":1,"featured_media":0,"parent":752,"menu_order":0,"comment_status":"closed","ping_status":"closed","template":"","meta":[],"_links":{"self":[{"href":"https:\/\/cave-a-vin.ch\/fr\/wp-json\/wp\/v2\/pages\/5383"}],"collection":[{"href":"https:\/\/cave-a-vin.ch\/fr\/wp-json\/wp\/v2\/pages"}],"about":[{"href":"https:\/\/cave-a-vin.ch\/fr\/wp-json\/wp\/v2\/types\/page"}],"author":[{"embeddable":true,"href":"https:\/\/cave-a-vin.ch\/fr\/wp-json\/wp\/v2\/users\/1"}],"replies":[{"embeddable":true,"href":"https:\/\/cave-a-vin.ch\/fr\/wp-json\/wp\/v2\/comments?post=5383"}],"version-history":[{"count":3,"href":"https:\/\/cave-a-vin.ch\/fr\/wp-json\/wp\/v2\/pages\/5383\/revisions"}],"predecessor-version":[{"id":5456,"href":"https:\/\/cave-a-vin.ch\/fr\/wp-json\/wp\/v2\/pages\/5383\/revisions\/5456"}],"up":[{"embeddable":true,"href":"https:\/\/cave-a-vin.ch\/fr\/wp-json\/wp\/v2\/pages\/752"}],"wp:attachment":[{"href":"https:\/\/cave-a-vin.ch\/fr\/wp-json\/wp\/v2\/media?parent=5383"}],"curies":[{"name":"wp","href":"https:\/\/api.w.org\/{rel}","templated":true}]}}