{"id":5390,"date":"2024-11-21T12:31:45","date_gmt":"2024-11-21T11:31:45","guid":{"rendered":"https:\/\/cave-a-vin.ch\/?page_id=5390"},"modified":"2024-11-21T14:54:19","modified_gmt":"2024-11-21T13:54:19","slug":"dunavox-horizon","status":"publish","type":"page","link":"https:\/\/cave-a-vin.ch\/fr\/armoire-a-vins\/dunavox\/dunavox-built-in\/dunavox-horizon\/","title":{"rendered":"Dunavox Horizon"},"content":{"rendered":"<p><\/p>\n<p style=\"text-align: justify;\">Am\u00e9liorez votre exp\u00e9rience du vin avec notre armoire \u00e0 vin exclusif \u00e0 \u00e9cran LCD le syst\u00e8me push-to-open enti\u00e8rement encastr\u00e9e. Combinant une technologie de pointe avec un design \u00e9l\u00e9gant et moderne, cette armoire \u00e0 vin est l\u2019incarnation du luxe et de la commodit\u00e9 pour tout amateur de vin.<\/p>\n<p><a href=\"https:\/\/cave-a-vin.ch\/wp-content\/uploads\/2024\/11\/Glance-32.jpg\"><img decoding=\"async\" loading=\"lazy\" class=\"size-full wp-image-5444 aligncenter\" src=\"https:\/\/cave-a-vin.ch\/wp-content\/uploads\/2024\/11\/Glance-32.jpg\" alt=\"\" width=\"1000\" height=\"1000\" srcset=\"https:\/\/cave-a-vin.ch\/wp-content\/uploads\/2024\/11\/Glance-32.jpg 1000w, https:\/\/cave-a-vin.ch\/wp-content\/uploads\/2024\/11\/Glance-32-300x300.jpg 300w, https:\/\/cave-a-vin.ch\/wp-content\/uploads\/2024\/11\/Glance-32-150x150.jpg 150w, https:\/\/cave-a-vin.ch\/wp-content\/uploads\/2024\/11\/Glance-32-768x768.jpg 768w\" sizes=\"(max-width: 1000px) 100vw, 1000px\" \/><\/a><\/p>\n<p style=\"text-align: justify;\">Les armoires \u00e0 vin\u00a0<strong>Dunavox HORIZON<\/strong>\u00a0sont \u00e0 install\u00e9s dans les meubles de cuisine. Elles sont toutes \u00e9quip\u00e9es du syst\u00e8me\u00a0<strong>\u201cPush-to-Open\u201d<\/strong>\u00a0permettant d\u2019ouvrir la porte gr\u00e2ce \u00e0 une l\u00e9g\u00e8re pression de la main assurant une parfaite correspondance avec toutes les cuisines sans poign\u00e9es dans un environnement moderne.<\/p>\n<p style=\"text-align: justify;\">Le syst\u00e8me de ventilation int\u00e9gr\u00e9 d\u00e9velopp\u00e9 par Dunavox permet \u00e0 l\u2019air frais d\u2019atteindre le compresseur et\u00a0<strong>ne<\/strong>\u00a0<strong>n\u00e9cessite plus<\/strong>\u00a0le rajout de grilles d\u2019a\u00e9ration sup\u00e9rieure et inf\u00e9rieure.<\/p>\n<p>\u2013 Ecran tactile LCD<br \/>\n\u2013 WiFi + SmartHome App contr\u00f4le<br \/>\n\u2013 Syst\u00e8me de ventilation int\u00e9gr\u00e9e<br \/>\n\u2013 Syst\u00e8me \u00ab\u00a0Push-to-Open\u00a0\u00bb sans poign\u00e9e<br \/>\n\u2013 Eclairage multi LED<br \/>\n\u2013 Clayettes t\u00e9l\u00e9scopiques<\/p>\n<p><a href=\"https:\/\/cave-a-vin.ch\/wp-content\/uploads\/2024\/11\/Ecran-LCD.jpg\"><img decoding=\"async\" loading=\"lazy\" class=\"size-full wp-image-5443 aligncenter\" src=\"https:\/\/cave-a-vin.ch\/wp-content\/uploads\/2024\/11\/Ecran-LCD.jpg\" alt=\"\" width=\"979\" height=\"87\" srcset=\"https:\/\/cave-a-vin.ch\/wp-content\/uploads\/2024\/11\/Ecran-LCD.jpg 979w, https:\/\/cave-a-vin.ch\/wp-content\/uploads\/2024\/11\/Ecran-LCD-300x27.jpg 300w, https:\/\/cave-a-vin.ch\/wp-content\/uploads\/2024\/11\/Ecran-LCD-768x68.jpg 768w\" sizes=\"(max-width: 979px) 100vw, 979px\" \/><\/a><\/p>\n<p><a href=\"https:\/\/cave-a-vin.ch\/wp-content\/uploads\/2024\/10\/Systeme-ventilation.jpg\"><img decoding=\"async\" loading=\"lazy\" class=\" wp-image-5356 aligncenter\" src=\"https:\/\/cave-a-vin.ch\/wp-content\/uploads\/2024\/10\/Systeme-ventilation.jpg\" alt=\"\" width=\"456\" height=\"456\" srcset=\"https:\/\/cave-a-vin.ch\/wp-content\/uploads\/2024\/10\/Systeme-ventilation.jpg 1000w, https:\/\/cave-a-vin.ch\/wp-content\/uploads\/2024\/10\/Systeme-ventilation-300x300.jpg 300w, https:\/\/cave-a-vin.ch\/wp-content\/uploads\/2024\/10\/Systeme-ventilation-150x150.jpg 150w, https:\/\/cave-a-vin.ch\/wp-content\/uploads\/2024\/10\/Systeme-ventilation-768x768.jpg 768w\" sizes=\"(max-width: 456px) 100vw, 456px\" \/><\/a><\/p>\n<p>&nbsp;<\/p>","protected":false},"excerpt":{"rendered":"<p>Am\u00e9liorez votre exp\u00e9rience du vin avec notre armoire \u00e0 vin exclusif \u00e0 \u00e9cran LCD le syst\u00e8me push-to-open enti\u00e8rement encastr\u00e9e. Combinant une technologie de pointe avec un design \u00e9l\u00e9gant et moderne, cette armoire \u00e0 vin est l\u2019incarnation du luxe et de la commodit\u00e9 pour tout amateur de vin. Les armoires \u00e0 vin\u00a0Dunavox HORIZON\u00a0sont \u00e0 install\u00e9s dans &hellip; <a href=\"https:\/\/cave-a-vin.ch\/fr\/armoire-a-vins\/dunavox\/dunavox-built-in\/dunavox-horizon\/\" class=\"more-link\">Continuer la lecture de <span class=\"screen-reader-text\">Dunavox Horizon<\/span> <span class=\"meta-nav\">&rarr;<\/span><\/a><\/p>\n","protected":false},"author":1,"featured_media":0,"parent":5375,"menu_order":2,"comment_status":"closed","ping_status":"closed","template":"","meta":[],"_links":{"self":[{"href":"https:\/\/cave-a-vin.ch\/fr\/wp-json\/wp\/v2\/pages\/5390"}],"collection":[{"href":"https:\/\/cave-a-vin.ch\/fr\/wp-json\/wp\/v2\/pages"}],"about":[{"href":"https:\/\/cave-a-vin.ch\/fr\/wp-json\/wp\/v2\/types\/page"}],"author":[{"embeddable":true,"href":"https:\/\/cave-a-vin.ch\/fr\/wp-json\/wp\/v2\/users\/1"}],"replies":[{"embeddable":true,"href":"https:\/\/cave-a-vin.ch\/fr\/wp-json\/wp\/v2\/comments?post=5390"}],"version-history":[{"count":5,"href":"https:\/\/cave-a-vin.ch\/fr\/wp-json\/wp\/v2\/pages\/5390\/revisions"}],"predecessor-version":[{"id":5448,"href":"https:\/\/cave-a-vin.ch\/fr\/wp-json\/wp\/v2\/pages\/5390\/revisions\/5448"}],"up":[{"embeddable":true,"href":"https:\/\/cave-a-vin.ch\/fr\/wp-json\/wp\/v2\/pages\/5375"}],"wp:attachment":[{"href":"https:\/\/cave-a-vin.ch\/fr\/wp-json\/wp\/v2\/media?parent=5390"}],"curies":[{"name":"wp","href":"https:\/\/api.w.org\/{rel}","templated":true}]}}