{"id":5396,"date":"2024-11-21T12:32:57","date_gmt":"2024-11-21T11:32:57","guid":{"rendered":"https:\/\/cave-a-vin.ch\/?page_id=5396"},"modified":"2025-04-04T15:35:27","modified_gmt":"2025-04-04T13:35:27","slug":"dunavox-spirit","status":"publish","type":"page","link":"https:\/\/cave-a-vin.ch\/fr\/armoire-a-vins\/dunavox\/dunavox-built-in\/dunavox-spirit\/","title":{"rendered":"Dunavox Spirit"},"content":{"rendered":"<p><\/p>\n<p style=\"text-align: justify;\">Am\u00e9liorez votre exp\u00e9rience du vin avec nos armoires \u00e0 vin exclusif \u00e0 \u00e9cran tactile LCD et les clayettes t\u00e9lescopiques. Combinant une technologie de pointe avec un design \u00e9l\u00e9gant et moderne, ces armoire \u00e0 vins sont l\u2019incarnation du luxe et de la commodit\u00e9 pour tout amateur de vin.<\/p>\n<p><a href=\"https:\/\/cave-a-vin.ch\/wp-content\/uploads\/2025\/04\/Spirit-25-2.jpg\"><img decoding=\"async\" loading=\"lazy\" class=\"size-full wp-image-6319 aligncenter\" src=\"https:\/\/cave-a-vin.ch\/wp-content\/uploads\/2025\/04\/Spirit-25-2.jpg\" alt=\"\" width=\"1000\" height=\"1000\" srcset=\"https:\/\/cave-a-vin.ch\/wp-content\/uploads\/2025\/04\/Spirit-25-2.jpg 1000w, https:\/\/cave-a-vin.ch\/wp-content\/uploads\/2025\/04\/Spirit-25-2-300x300.jpg 300w, https:\/\/cave-a-vin.ch\/wp-content\/uploads\/2025\/04\/Spirit-25-2-150x150.jpg 150w, https:\/\/cave-a-vin.ch\/wp-content\/uploads\/2025\/04\/Spirit-25-2-768x768.jpg 768w\" sizes=\"(max-width: 1000px) 100vw, 1000px\" \/><\/a><\/p>\n<p style=\"text-align: justify;\">Les armoires \u00e0 vin\u00a0<strong>Dunavox SPIRIT<\/strong>\u00a0sont \u00e0 install\u00e9s dans les meubles de cuisine et aussi sous un plan de travail. Elles sont toutes \u00e9quip\u00e9es d\u2019une poign\u00e9e.<\/p>\n<p style=\"text-align: justify;\">Le syst\u00e8me de ventilation int\u00e9gr\u00e9 d\u00e9velopp\u00e9 par Dunavox permet \u00e0 l\u2019air frais d\u2019atteindre le compresseur et\u00a0<strong>ne<\/strong>\u00a0<strong>n\u00e9cessite plus<\/strong>\u00a0le rajout de grilles d\u2019a\u00e9ration sup\u00e9rieure et inf\u00e9rieure.<\/p>\n<p style=\"text-align: justify;\">\u2013 Ecran tactile LCD<br \/>\n\u2013 WiFi + SmartHome App contr\u00f4le<br \/>\n\u2013 Syst\u00e8me de ventilation int\u00e9gr\u00e9e<br \/>\n\u2013 Poign\u00e9e de porte<br \/>\n\u2013 Eclairage multi LED<br \/>\n\u2013 Clayettes coulissantes en bois<\/p>\n<p><a href=\"https:\/\/cave-a-vin.ch\/wp-content\/uploads\/2024\/11\/Ecran-LED.jpg\"><img decoding=\"async\" loading=\"lazy\" class=\"size-full wp-image-5461 aligncenter\" src=\"https:\/\/cave-a-vin.ch\/wp-content\/uploads\/2024\/11\/Ecran-LED.jpg\" alt=\"\" width=\"998\" height=\"120\" srcset=\"https:\/\/cave-a-vin.ch\/wp-content\/uploads\/2024\/11\/Ecran-LED.jpg 998w, https:\/\/cave-a-vin.ch\/wp-content\/uploads\/2024\/11\/Ecran-LED-300x36.jpg 300w, https:\/\/cave-a-vin.ch\/wp-content\/uploads\/2024\/11\/Ecran-LED-768x92.jpg 768w\" sizes=\"(max-width: 998px) 100vw, 998px\" \/><\/a><\/p>\n<p><a href=\"https:\/\/cave-a-vin.ch\/wp-content\/uploads\/2024\/10\/Systeme-ventilation.jpg\"><img decoding=\"async\" loading=\"lazy\" class=\"size-full wp-image-5356 aligncenter\" src=\"https:\/\/cave-a-vin.ch\/wp-content\/uploads\/2024\/10\/Systeme-ventilation.jpg\" alt=\"\" width=\"1000\" height=\"1000\" srcset=\"https:\/\/cave-a-vin.ch\/wp-content\/uploads\/2024\/10\/Systeme-ventilation.jpg 1000w, https:\/\/cave-a-vin.ch\/wp-content\/uploads\/2024\/10\/Systeme-ventilation-300x300.jpg 300w, https:\/\/cave-a-vin.ch\/wp-content\/uploads\/2024\/10\/Systeme-ventilation-150x150.jpg 150w, https:\/\/cave-a-vin.ch\/wp-content\/uploads\/2024\/10\/Systeme-ventilation-768x768.jpg 768w\" sizes=\"(max-width: 1000px) 100vw, 1000px\" \/><\/a><\/p>\n<p>&nbsp;<\/p>\n<p>&nbsp;<\/p>","protected":false},"excerpt":{"rendered":"<p>Am\u00e9liorez votre exp\u00e9rience du vin avec nos armoires \u00e0 vin exclusif \u00e0 \u00e9cran tactile LCD et les clayettes t\u00e9lescopiques. Combinant une technologie de pointe avec un design \u00e9l\u00e9gant et moderne, ces armoire \u00e0 vins sont l\u2019incarnation du luxe et de la commodit\u00e9 pour tout amateur de vin. Les armoires \u00e0 vin\u00a0Dunavox SPIRIT\u00a0sont \u00e0 install\u00e9s dans &hellip; <a href=\"https:\/\/cave-a-vin.ch\/fr\/armoire-a-vins\/dunavox\/dunavox-built-in\/dunavox-spirit\/\" class=\"more-link\">Continuer la lecture de <span class=\"screen-reader-text\">Dunavox Spirit<\/span> <span class=\"meta-nav\">&rarr;<\/span><\/a><\/p>\n","protected":false},"author":1,"featured_media":0,"parent":5375,"menu_order":5,"comment_status":"closed","ping_status":"closed","template":"","meta":[],"_links":{"self":[{"href":"https:\/\/cave-a-vin.ch\/fr\/wp-json\/wp\/v2\/pages\/5396"}],"collection":[{"href":"https:\/\/cave-a-vin.ch\/fr\/wp-json\/wp\/v2\/pages"}],"about":[{"href":"https:\/\/cave-a-vin.ch\/fr\/wp-json\/wp\/v2\/types\/page"}],"author":[{"embeddable":true,"href":"https:\/\/cave-a-vin.ch\/fr\/wp-json\/wp\/v2\/users\/1"}],"replies":[{"embeddable":true,"href":"https:\/\/cave-a-vin.ch\/fr\/wp-json\/wp\/v2\/comments?post=5396"}],"version-history":[{"count":5,"href":"https:\/\/cave-a-vin.ch\/fr\/wp-json\/wp\/v2\/pages\/5396\/revisions"}],"predecessor-version":[{"id":6320,"href":"https:\/\/cave-a-vin.ch\/fr\/wp-json\/wp\/v2\/pages\/5396\/revisions\/6320"}],"up":[{"embeddable":true,"href":"https:\/\/cave-a-vin.ch\/fr\/wp-json\/wp\/v2\/pages\/5375"}],"wp:attachment":[{"href":"https:\/\/cave-a-vin.ch\/fr\/wp-json\/wp\/v2\/media?parent=5396"}],"curies":[{"name":"wp","href":"https:\/\/api.w.org\/{rel}","templated":true}]}}