{"id":5398,"date":"2024-11-21T12:34:10","date_gmt":"2024-11-21T11:34:10","guid":{"rendered":"https:\/\/cave-a-vin.ch\/?page_id=5398"},"modified":"2025-04-04T15:34:11","modified_gmt":"2025-04-04T13:34:11","slug":"dunavox-prime","status":"publish","type":"page","link":"https:\/\/cave-a-vin.ch\/fr\/armoire-a-vins\/dunavox\/dunavox-built-in\/dunavox-prime\/","title":{"rendered":"Dunavox Prime"},"content":{"rendered":"<p><\/p>\n<p style=\"text-align: justify;\">Offrez-vous une armoire \u00e0 vin qui, non seulement stocke votre collection de vins mais, la met \u00e9galement en valeur. Nos armoires \u00e0 vin \u00e0 \u00e9cran TFT enti\u00e8rement int\u00e9gr\u00e9 sont plus qu\u2019un appareil; c\u2019est une d\u00e9claration de sophistication et un engagement envers le verre de vin parfait. Que vous soyez connaisseur chevronn\u00e9 ou que vous d\u00e9butiez tout juste votre collection, cette armoire \u00e0 vin est con\u00e7ue pour r\u00e9pondre \u00e0 tous vos besoins avec style et pr\u00e9cision.<\/p>\n<p><a href=\"https:\/\/cave-a-vin.ch\/wp-content\/uploads\/2025\/04\/Prime-19.jpg\"><img decoding=\"async\" loading=\"lazy\" class=\"size-full wp-image-6317 aligncenter\" src=\"https:\/\/cave-a-vin.ch\/wp-content\/uploads\/2025\/04\/Prime-19.jpg\" alt=\"\" width=\"1000\" height=\"1000\" srcset=\"https:\/\/cave-a-vin.ch\/wp-content\/uploads\/2025\/04\/Prime-19.jpg 1000w, https:\/\/cave-a-vin.ch\/wp-content\/uploads\/2025\/04\/Prime-19-300x300.jpg 300w, https:\/\/cave-a-vin.ch\/wp-content\/uploads\/2025\/04\/Prime-19-150x150.jpg 150w, https:\/\/cave-a-vin.ch\/wp-content\/uploads\/2025\/04\/Prime-19-768x768.jpg 768w\" sizes=\"(max-width: 1000px) 100vw, 1000px\" \/><\/a><\/p>\n<p style=\"text-align: justify;\">Les armoires \u00e0 vin\u00a0<strong>Dunavox PRIME<\/strong>\u00a0sont \u00e0 install\u00e9s dans les meubles de cuisine et aussi sous un plan de travail. Elles sont toutes \u00e9quip\u00e9es d\u2019une poign\u00e9e.<\/p>\n<p style=\"text-align: justify;\">Le syst\u00e8me de ventilation int\u00e9gr\u00e9 d\u00e9velopp\u00e9 par Dunavox permet \u00e0 l\u2019air frais d\u2019atteindre le compresseur et\u00a0<strong>ne<\/strong>\u00a0<strong>n\u00e9cessite plus<\/strong>\u00a0le rajout de grilles d\u2019a\u00e9ration sup\u00e9rieure et inf\u00e9rieure.<\/p>\n<p>\u2013 Ecran tactile TFT (touch screen display)<br \/>\n\u2013 WiFi + SmartHome App contr\u00f4le<br \/>\n\u2013 Syst\u00e8me de ventilation int\u00e9gr\u00e9e<br \/>\n\u2013 Poign\u00e9e de porte<br \/>\n\u2013 Eclairage multi LED<br \/>\n\u2013 Clayettes coulissantes en bois<\/p>\n<p><a href=\"https:\/\/cave-a-vin.ch\/wp-content\/uploads\/2024\/10\/TFT-screen.jpg\"><img decoding=\"async\" loading=\"lazy\" class=\"size-full wp-image-5357 aligncenter\" src=\"https:\/\/cave-a-vin.ch\/wp-content\/uploads\/2024\/10\/TFT-screen.jpg\" alt=\"\" width=\"1000\" height=\"181\" srcset=\"https:\/\/cave-a-vin.ch\/wp-content\/uploads\/2024\/10\/TFT-screen.jpg 1000w, https:\/\/cave-a-vin.ch\/wp-content\/uploads\/2024\/10\/TFT-screen-300x54.jpg 300w, https:\/\/cave-a-vin.ch\/wp-content\/uploads\/2024\/10\/TFT-screen-768x139.jpg 768w\" sizes=\"(max-width: 1000px) 100vw, 1000px\" \/><\/a><\/p>\n<p><a href=\"https:\/\/cave-a-vin.ch\/wp-content\/uploads\/2024\/10\/Systeme-ventilation.jpg\"><img decoding=\"async\" loading=\"lazy\" class=\" wp-image-5356 aligncenter\" src=\"https:\/\/cave-a-vin.ch\/wp-content\/uploads\/2024\/10\/Systeme-ventilation.jpg\" alt=\"\" width=\"441\" height=\"441\" srcset=\"https:\/\/cave-a-vin.ch\/wp-content\/uploads\/2024\/10\/Systeme-ventilation.jpg 1000w, https:\/\/cave-a-vin.ch\/wp-content\/uploads\/2024\/10\/Systeme-ventilation-300x300.jpg 300w, https:\/\/cave-a-vin.ch\/wp-content\/uploads\/2024\/10\/Systeme-ventilation-150x150.jpg 150w, https:\/\/cave-a-vin.ch\/wp-content\/uploads\/2024\/10\/Systeme-ventilation-768x768.jpg 768w\" sizes=\"(max-width: 441px) 100vw, 441px\" \/><\/a><\/p>\n<p>&nbsp;<\/p>","protected":false},"excerpt":{"rendered":"<p>Offrez-vous une armoire \u00e0 vin qui, non seulement stocke votre collection de vins mais, la met \u00e9galement en valeur. Nos armoires \u00e0 vin \u00e0 \u00e9cran TFT enti\u00e8rement int\u00e9gr\u00e9 sont plus qu\u2019un appareil; c\u2019est une d\u00e9claration de sophistication et un engagement envers le verre de vin parfait. Que vous soyez connaisseur chevronn\u00e9 ou que vous d\u00e9butiez &hellip; <a href=\"https:\/\/cave-a-vin.ch\/fr\/armoire-a-vins\/dunavox\/dunavox-built-in\/dunavox-prime\/\" class=\"more-link\">Continuer la lecture de <span class=\"screen-reader-text\">Dunavox Prime<\/span> <span class=\"meta-nav\">&rarr;<\/span><\/a><\/p>\n","protected":false},"author":1,"featured_media":0,"parent":5375,"menu_order":3,"comment_status":"closed","ping_status":"closed","template":"","meta":[],"_links":{"self":[{"href":"https:\/\/cave-a-vin.ch\/fr\/wp-json\/wp\/v2\/pages\/5398"}],"collection":[{"href":"https:\/\/cave-a-vin.ch\/fr\/wp-json\/wp\/v2\/pages"}],"about":[{"href":"https:\/\/cave-a-vin.ch\/fr\/wp-json\/wp\/v2\/types\/page"}],"author":[{"embeddable":true,"href":"https:\/\/cave-a-vin.ch\/fr\/wp-json\/wp\/v2\/users\/1"}],"replies":[{"embeddable":true,"href":"https:\/\/cave-a-vin.ch\/fr\/wp-json\/wp\/v2\/comments?post=5398"}],"version-history":[{"count":4,"href":"https:\/\/cave-a-vin.ch\/fr\/wp-json\/wp\/v2\/pages\/5398\/revisions"}],"predecessor-version":[{"id":6318,"href":"https:\/\/cave-a-vin.ch\/fr\/wp-json\/wp\/v2\/pages\/5398\/revisions\/6318"}],"up":[{"embeddable":true,"href":"https:\/\/cave-a-vin.ch\/fr\/wp-json\/wp\/v2\/pages\/5375"}],"wp:attachment":[{"href":"https:\/\/cave-a-vin.ch\/fr\/wp-json\/wp\/v2\/media?parent=5398"}],"curies":[{"name":"wp","href":"https:\/\/api.w.org\/{rel}","templated":true}]}}