{"id":5404,"date":"2024-11-21T12:37:30","date_gmt":"2024-11-21T11:37:30","guid":{"rendered":"https:\/\/cave-a-vin.ch\/?page_id=5404"},"modified":"2025-04-04T15:37:49","modified_gmt":"2025-04-04T13:37:49","slug":"dunavox-joy","status":"publish","type":"page","link":"https:\/\/cave-a-vin.ch\/fr\/armoire-a-vins\/dunavox\/dunavox-built-in\/dunavox-joy\/","title":{"rendered":"Dunavox Joy"},"content":{"rendered":"<p><\/p>\n<p style=\"text-align: justify;\">Notre cave \u00e0 vin \u00e9conomique enti\u00e8rement int\u00e9gr\u00e9e est la solution parfaite pour les amateurs de vin \u00e0 la recherche de qualit\u00e9 et de prix abordable.<\/p>\n<p><a href=\"https:\/\/cave-a-vin.ch\/wp-content\/uploads\/2025\/04\/Joy-65.154-1.jpg\"><img decoding=\"async\" loading=\"lazy\" class=\"size-full wp-image-6321 aligncenter\" src=\"https:\/\/cave-a-vin.ch\/wp-content\/uploads\/2025\/04\/Joy-65.154-1.jpg\" alt=\"\" width=\"1000\" height=\"1000\" srcset=\"https:\/\/cave-a-vin.ch\/wp-content\/uploads\/2025\/04\/Joy-65.154-1.jpg 1000w, https:\/\/cave-a-vin.ch\/wp-content\/uploads\/2025\/04\/Joy-65.154-1-300x300.jpg 300w, https:\/\/cave-a-vin.ch\/wp-content\/uploads\/2025\/04\/Joy-65.154-1-150x150.jpg 150w, https:\/\/cave-a-vin.ch\/wp-content\/uploads\/2025\/04\/Joy-65.154-1-768x768.jpg 768w\" sizes=\"(max-width: 1000px) 100vw, 1000px\" \/><\/a><\/p>\n<p style=\"text-align: justify;\">Les armoires \u00e0 vin\u00a0<strong>Dunavox JOY<\/strong> sont \u00e0 install\u00e9s dans les meubles de cuisine. Elles sont toutes \u00e9quip\u00e9es d\u2019une poign\u00e9e.<\/p>\n<p style=\"text-align: justify;\"><strong>Conception int\u00e9gr\u00e9e :<\/strong>\u00a0Con\u00e7u pour s&rsquo;int\u00e9grer parfaitement dans votre cuisine ou dans n&rsquo;importe quel espace. Son design \u00e9pur\u00e9 et minimaliste rehausse l&rsquo;attrait esth\u00e9tique de votre maison.<br \/>\n<strong>Efficacit\u00e9 \u00e9nerg\u00e9tique :\u00a0<\/strong>Avec une technologie respectueuse de l&rsquo;environnement, cette armoire \u00e0 vin offre des performances \u00e9lev\u00e9es avec une faible consommation d&rsquo;\u00e9nergie, r\u00e9duisant ainsi votre empreinte carbone sans compromettre la qualit\u00e9.<\/p>\n<p>\u2013 Ecran tactile LED<br \/>\n\u2013 Grille de ventilation avant et arri\u00e8re est n\u00e9cessaire<br \/>\n\u2013 Poign\u00e9e<br \/>\n\u2013 Eclairage multi LED<br \/>\n\u2013 Clayettes en bois coulissantes<\/p>\n<p><a href=\"https:\/\/cave-a-vin.ch\/wp-content\/uploads\/2024\/11\/Ecran-LED.jpg\"><img decoding=\"async\" loading=\"lazy\" class=\"size-full wp-image-5461 aligncenter\" src=\"https:\/\/cave-a-vin.ch\/wp-content\/uploads\/2024\/11\/Ecran-LED.jpg\" alt=\"\" width=\"998\" height=\"120\" srcset=\"https:\/\/cave-a-vin.ch\/wp-content\/uploads\/2024\/11\/Ecran-LED.jpg 998w, https:\/\/cave-a-vin.ch\/wp-content\/uploads\/2024\/11\/Ecran-LED-300x36.jpg 300w, https:\/\/cave-a-vin.ch\/wp-content\/uploads\/2024\/11\/Ecran-LED-768x92.jpg 768w\" sizes=\"(max-width: 998px) 100vw, 998px\" \/><\/a><\/p>\n<p><a href=\"https:\/\/cave-a-vin.ch\/wp-content\/uploads\/2024\/12\/Poignees-1.jpg\"><img decoding=\"async\" loading=\"lazy\" class=\"size-full wp-image-5644 aligncenter\" src=\"https:\/\/cave-a-vin.ch\/wp-content\/uploads\/2024\/12\/Poignees-1.jpg\" alt=\"\" width=\"999\" height=\"498\" srcset=\"https:\/\/cave-a-vin.ch\/wp-content\/uploads\/2024\/12\/Poignees-1.jpg 999w, https:\/\/cave-a-vin.ch\/wp-content\/uploads\/2024\/12\/Poignees-1-300x150.jpg 300w, https:\/\/cave-a-vin.ch\/wp-content\/uploads\/2024\/12\/Poignees-1-768x383.jpg 768w\" sizes=\"(max-width: 999px) 100vw, 999px\" \/><\/a><\/p>\n<p>&nbsp;<\/p>\n<p>&nbsp;<\/p>\n<p>&nbsp;<\/p>","protected":false},"excerpt":{"rendered":"<p>Notre cave \u00e0 vin \u00e9conomique enti\u00e8rement int\u00e9gr\u00e9e est la solution parfaite pour les amateurs de vin \u00e0 la recherche de qualit\u00e9 et de prix abordable. Les armoires \u00e0 vin\u00a0Dunavox JOY sont \u00e0 install\u00e9s dans les meubles de cuisine. Elles sont toutes \u00e9quip\u00e9es d\u2019une poign\u00e9e. Conception int\u00e9gr\u00e9e :\u00a0Con\u00e7u pour s&rsquo;int\u00e9grer parfaitement dans votre cuisine ou dans &hellip; <a href=\"https:\/\/cave-a-vin.ch\/fr\/armoire-a-vins\/dunavox\/dunavox-built-in\/dunavox-joy\/\" class=\"more-link\">Continuer la lecture de <span class=\"screen-reader-text\">Dunavox Joy<\/span> <span class=\"meta-nav\">&rarr;<\/span><\/a><\/p>\n","protected":false},"author":1,"featured_media":0,"parent":5375,"menu_order":5,"comment_status":"closed","ping_status":"closed","template":"","meta":[],"_links":{"self":[{"href":"https:\/\/cave-a-vin.ch\/fr\/wp-json\/wp\/v2\/pages\/5404"}],"collection":[{"href":"https:\/\/cave-a-vin.ch\/fr\/wp-json\/wp\/v2\/pages"}],"about":[{"href":"https:\/\/cave-a-vin.ch\/fr\/wp-json\/wp\/v2\/types\/page"}],"author":[{"embeddable":true,"href":"https:\/\/cave-a-vin.ch\/fr\/wp-json\/wp\/v2\/users\/1"}],"replies":[{"embeddable":true,"href":"https:\/\/cave-a-vin.ch\/fr\/wp-json\/wp\/v2\/comments?post=5404"}],"version-history":[{"count":3,"href":"https:\/\/cave-a-vin.ch\/fr\/wp-json\/wp\/v2\/pages\/5404\/revisions"}],"predecessor-version":[{"id":6322,"href":"https:\/\/cave-a-vin.ch\/fr\/wp-json\/wp\/v2\/pages\/5404\/revisions\/6322"}],"up":[{"embeddable":true,"href":"https:\/\/cave-a-vin.ch\/fr\/wp-json\/wp\/v2\/pages\/5375"}],"wp:attachment":[{"href":"https:\/\/cave-a-vin.ch\/fr\/wp-json\/wp\/v2\/media?parent=5404"}],"curies":[{"name":"wp","href":"https:\/\/api.w.org\/{rel}","templated":true}]}}