{"id":5411,"date":"2024-11-21T12:54:46","date_gmt":"2024-11-21T11:54:46","guid":{"rendered":"https:\/\/cave-a-vin.ch\/?page_id=5411"},"modified":"2026-03-27T13:47:33","modified_gmt":"2026-03-27T12:47:33","slug":"dvn-19-50-b-to","status":"publish","type":"page","link":"https:\/\/cave-a-vin.ch\/fr\/armoire-a-vins\/dunavox\/noble-encastrable\/dvn-19-50-b-to\/","title":{"rendered":"DVN-19.50 B.TO"},"content":{"rendered":"<p><\/p>\n<p style=\"text-align: center;\"><strong>Armoire \u00e0 vin encastrable \/ sous-plan avec 1 zone de temp\u00e9rature<\/strong><\/p>\n<p><a href=\"https:\/\/cave-a-vin.ch\/wp-content\/uploads\/2025\/04\/Noble-1.jpg\"><img decoding=\"async\" loading=\"lazy\" class=\"size-full wp-image-6323 aligncenter\" src=\"https:\/\/cave-a-vin.ch\/wp-content\/uploads\/2025\/04\/Noble-1.jpg\" alt=\"\" width=\"1000\" height=\"1000\" srcset=\"https:\/\/cave-a-vin.ch\/wp-content\/uploads\/2025\/04\/Noble-1.jpg 1000w, https:\/\/cave-a-vin.ch\/wp-content\/uploads\/2025\/04\/Noble-1-300x300.jpg 300w, https:\/\/cave-a-vin.ch\/wp-content\/uploads\/2025\/04\/Noble-1-150x150.jpg 150w, https:\/\/cave-a-vin.ch\/wp-content\/uploads\/2025\/04\/Noble-1-768x768.jpg 768w\" sizes=\"(max-width: 1000px) 100vw, 1000px\" \/><\/a><\/p>\n<div style=\"text-align: justify;\">Cette armoire \u00e0 vin est destin\u00e9e \u00e0 \u00eatre encastr\u00e9e dans un meuble de cuisine ou sous un plan de travail. Elle poss\u00e8de une zone de temp\u00e9rature et peut accueillir jusqu\u2019\u00e0 19 bouteilles r\u00e9parties sur des clayettes coulissantes en bois et d\u00e9licatement r\u00e9v\u00e9l\u00e9es par un \u00e9clairage int\u00e9rieur. La porte est enti\u00e8rement vitr\u00e9e \u00ab\u00a0full glass\u00a0\u00bb noir, trait\u00e9 anti-UV.<\/div>\n<div style=\"text-align: justify;\"><span style=\"color: #ffffff;\">\u2026<\/span><\/div>\n<div>\n<p style=\"text-align: justify;\"><strong>Push-to-Open Technologie :\u00a0<\/strong>Cette armoire \u00e0 vin est \u00e9quip\u00e9e du syst\u00e8me Push-to-Open permettant d\u2019ouvrir la porte gr\u00e2ce \u00e0 une l\u00e9g\u00e8re pression de la main.<br \/>\n<strong>Syst\u00e8me de ventilation int\u00e9gr\u00e9 :\u00a0<\/strong>Simple \u00e0 installer sans grille de ventilation; permettant d\u2019installer sous un plan de travail tout en gardant les lignes de la cuisine.<br \/>\n<strong>Ecran TFT :\u00a0<\/strong>L\u2019interface intuitive de l\u2019\u00e9cran TFT offre un contr\u00f4le pr\u00e9cis sur les param\u00e8tres de temp\u00e9rature, l\u2019\u00e9clairage et bien plus encore. Visualisez et g\u00e9rez votre collection de vins en toute simplicit\u00e9, du bout des doigts.<br \/>\n<strong>Connectivit\u00e9 WiFi :\u00a0<\/strong>Surveillez et contr\u00f4lez votre armoire \u00e0 vin de n\u2019importe o\u00f9 gr\u00e2ce \u00e0 l\u2019option WiFi. Ajustez les param\u00e8tres de temp\u00e9rature, recevez des alertes et suivez votre collection via une application d\u00e9di\u00e9e sur votre smartphone ou votre tablette.<br \/>\n<strong>Conception int\u00e9gr\u00e9e :<\/strong>\u00a0Con\u00e7u pour s\u2019int\u00e9grer parfaitement dans votre cuisine ou dans n\u2019importe quel espace. Son design \u00e9pur\u00e9 et minimaliste rehausse l\u2019attrait esth\u00e9tique de votre maison.<br \/>\n<strong>Efficacit\u00e9 \u00e9nerg\u00e9tique :\u00a0<\/strong>Avec une technologie respectueuse de l\u2019environnement, cette armoire \u00e0 vin offre des performances \u00e9lev\u00e9es avec une faible consommation d\u2019\u00e9nergie, r\u00e9duisant ainsi votre empreinte carbone sans compromettre la qualit\u00e9.<br \/>\n<span style=\"color: #ffffff;\">\u2026<\/span><br \/>\n<strong>Caract\u00e9ristiques techniques :<br \/>\n<\/strong>Dimensions : H. 45.5 x L. 59 x P. 56 cm<br \/>\nCapacit\u00e9 : 19 bouteilles<br \/>\nZone de temp\u00e9rature\u00a0 : 1 (+5 \u00b0C \/ +18\u00b0C)<br \/>\nEcran tactile : TFT<br \/>\nEclairage int\u00e9rieure : Multi LED (ambre, blanc ou bleu)<\/p>\n<\/div>\n<p><a href=\"https:\/\/cave-a-vin.ch\/wp-content\/uploads\/2024\/10\/TFT-screen.jpg\"><img decoding=\"async\" loading=\"lazy\" class=\"size-full wp-image-5357 aligncenter\" src=\"https:\/\/cave-a-vin.ch\/wp-content\/uploads\/2024\/10\/TFT-screen.jpg\" alt=\"\" width=\"1000\" height=\"181\" srcset=\"https:\/\/cave-a-vin.ch\/wp-content\/uploads\/2024\/10\/TFT-screen.jpg 1000w, https:\/\/cave-a-vin.ch\/wp-content\/uploads\/2024\/10\/TFT-screen-300x54.jpg 300w, https:\/\/cave-a-vin.ch\/wp-content\/uploads\/2024\/10\/TFT-screen-768x139.jpg 768w\" sizes=\"(max-width: 1000px) 100vw, 1000px\" \/><\/a><\/p>\n<p><a href=\"https:\/\/cave-a-vin.ch\/wp-content\/uploads\/2024\/10\/Screenshot-19.50.png\"><br \/>\n<img decoding=\"async\" loading=\"lazy\" class=\"size-full wp-image-5354 aligncenter\" src=\"https:\/\/cave-a-vin.ch\/wp-content\/uploads\/2024\/10\/Screenshot-19.50.png\" alt=\"\" width=\"700\" height=\"72\" srcset=\"https:\/\/cave-a-vin.ch\/wp-content\/uploads\/2024\/10\/Screenshot-19.50.png 700w, https:\/\/cave-a-vin.ch\/wp-content\/uploads\/2024\/10\/Screenshot-19.50-300x31.png 300w\" sizes=\"(max-width: 700px) 100vw, 700px\" \/><\/a><\/p>\n<p>&nbsp;<\/p>\n<p>&nbsp;<\/p>\n<p style=\"text-align: center;\"><strong>Armoire \u00e0 vin encastrable avec 1 zone de temp\u00e9rature<\/strong><\/p>\n<p><a href=\"https:\/\/cave-a-vin.ch\/wp-content\/uploads\/2025\/04\/Noble-1.jpg\"><img decoding=\"async\" loading=\"lazy\" class=\"size-full wp-image-6323 aligncenter\" src=\"https:\/\/cave-a-vin.ch\/wp-content\/uploads\/2025\/04\/Noble-1.jpg\" alt=\"\" width=\"1000\" height=\"1000\" srcset=\"https:\/\/cave-a-vin.ch\/wp-content\/uploads\/2025\/04\/Noble-1.jpg 1000w, https:\/\/cave-a-vin.ch\/wp-content\/uploads\/2025\/04\/Noble-1-300x300.jpg 300w, https:\/\/cave-a-vin.ch\/wp-content\/uploads\/2025\/04\/Noble-1-150x150.jpg 150w, https:\/\/cave-a-vin.ch\/wp-content\/uploads\/2025\/04\/Noble-1-768x768.jpg 768w\" sizes=\"(max-width: 1000px) 100vw, 1000px\" \/><\/a><\/p>\n<div style=\"text-align: justify;\">Cette armoire \u00e0 vin est destin\u00e9e \u00e0 \u00eatre encastr\u00e9e dans un meuble de cuisine ou sous un plan de travail. Elle poss\u00e8de une zone de temp\u00e9rature et peut accueillir jusqu\u2019\u00e0 19 bouteilles r\u00e9parties sur des clayettes coulissantes en bois et d\u00e9licatement r\u00e9v\u00e9l\u00e9es par un \u00e9clairage int\u00e9rieur. La porte est enti\u00e8rement vitr\u00e9e \u00ab\u00a0full glass\u00a0\u00bb noir, trait\u00e9 anti-UV.<\/div>\n<div style=\"text-align: justify;\"><span style=\"color: #ffffff;\">\u2026<\/span><\/div>\n<div>\n<p style=\"text-align: justify;\"><strong>Push-to-Open Technologie :\u00a0<\/strong>Cette armoire \u00e0 vin est \u00e9quip\u00e9e du syst\u00e8me Push-to-Open permettant d\u2019ouvrir la porte gr\u00e2ce \u00e0 une l\u00e9g\u00e8re pression de la main.<br \/>\n<strong>Syst\u00e8me de ventilation int\u00e9gr\u00e9 :\u00a0<\/strong>Simple \u00e0 installer sans grille de ventilation; permettant d\u2019installer sous un plan de travail tout en gardant les lignes de la cuisine.<br \/>\n<strong>Ecran TFT :\u00a0<\/strong>L\u2019interface intuitive de l\u2019\u00e9cran TFT offre un contr\u00f4le pr\u00e9cis sur les param\u00e8tres de temp\u00e9rature, l\u2019\u00e9clairage et bien plus encore. Visualisez et g\u00e9rez votre collection de vins en toute simplicit\u00e9, du bout des doigts.<br \/>\n<strong>Connectivit\u00e9 WiFi :\u00a0<\/strong>Surveillez et contr\u00f4lez votre armoire \u00e0 vin de n\u2019importe o\u00f9 gr\u00e2ce \u00e0 l\u2019option WiFi. Ajustez les param\u00e8tres de temp\u00e9rature, recevez des alertes et suivez votre collection via une application d\u00e9di\u00e9e sur votre smartphone ou votre tablette.<br \/>\n<strong>Conception int\u00e9gr\u00e9e :<\/strong>\u00a0Con\u00e7u pour s\u2019int\u00e9grer parfaitement dans votre cuisine ou dans n\u2019importe quel espace. Son design \u00e9pur\u00e9 et minimaliste rehausse l\u2019attrait esth\u00e9tique de votre maison.<br \/>\n<strong>Efficacit\u00e9 \u00e9nerg\u00e9tique :\u00a0<\/strong>Avec une technologie respectueuse de l\u2019environnement, cette armoire \u00e0 vin offre des performances \u00e9lev\u00e9es avec une faible consommation d\u2019\u00e9nergie, r\u00e9duisant ainsi votre empreinte carbone sans compromettre la qualit\u00e9.<br \/>\n<span style=\"color: #ffffff;\">\u2026<\/span><br \/>\n<strong>Caract\u00e9ristiques techniques :<br \/>\n<\/strong>Dimensions : H. 45.5 x L. 59 x P. 56 cm<br \/>\nCapacit\u00e9 : 19 bouteilles<br \/>\nZone de temp\u00e9rature\u00a0 : 1 (+5 \u00b0C \/ +18\u00b0C)<br \/>\nEcran tactile : TFT<br \/>\nEclairage int\u00e9rieure : Multi LED (ambre, blanc ou bleu)<\/p>\n<\/div>\n<p><a href=\"https:\/\/cave-a-vin.ch\/wp-content\/uploads\/2024\/10\/TFT-screen.jpg\"><img decoding=\"async\" loading=\"lazy\" class=\"size-full wp-image-5357 aligncenter\" src=\"https:\/\/cave-a-vin.ch\/wp-content\/uploads\/2024\/10\/TFT-screen.jpg\" alt=\"\" width=\"1000\" height=\"181\" srcset=\"https:\/\/cave-a-vin.ch\/wp-content\/uploads\/2024\/10\/TFT-screen.jpg 1000w, https:\/\/cave-a-vin.ch\/wp-content\/uploads\/2024\/10\/TFT-screen-300x54.jpg 300w, https:\/\/cave-a-vin.ch\/wp-content\/uploads\/2024\/10\/TFT-screen-768x139.jpg 768w\" sizes=\"(max-width: 1000px) 100vw, 1000px\" \/><\/a><\/p>\n<p><a href=\"https:\/\/cave-a-vin.ch\/wp-content\/uploads\/2024\/10\/Screenshot-19.50.png\"><br \/>\n<img decoding=\"async\" loading=\"lazy\" class=\"size-full wp-image-5354 aligncenter\" src=\"https:\/\/cave-a-vin.ch\/wp-content\/uploads\/2024\/10\/Screenshot-19.50.png\" alt=\"\" width=\"700\" height=\"72\" srcset=\"https:\/\/cave-a-vin.ch\/wp-content\/uploads\/2024\/10\/Screenshot-19.50.png 700w, https:\/\/cave-a-vin.ch\/wp-content\/uploads\/2024\/10\/Screenshot-19.50-300x31.png 300w\" sizes=\"(max-width: 700px) 100vw, 700px\" \/><\/a><\/p>\n<p>&nbsp;<\/p>","protected":false},"excerpt":{"rendered":"<p>Armoire \u00e0 vin encastrable \/ sous-plan avec 1 zone de temp\u00e9rature Cette armoire \u00e0 vin est destin\u00e9e \u00e0 \u00eatre encastr\u00e9e dans un meuble de cuisine ou sous un plan de travail. Elle poss\u00e8de une zone de temp\u00e9rature et peut accueillir jusqu\u2019\u00e0 19 bouteilles r\u00e9parties sur des clayettes coulissantes en bois et d\u00e9licatement r\u00e9v\u00e9l\u00e9es par un &hellip; <a href=\"https:\/\/cave-a-vin.ch\/fr\/armoire-a-vins\/dunavox\/noble-encastrable\/dvn-19-50-b-to\/\" class=\"more-link\">Continuer la lecture de <span class=\"screen-reader-text\">DVN-19.50 B.TO<\/span> <span class=\"meta-nav\">&rarr;<\/span><\/a><\/p>\n","protected":false},"author":1,"featured_media":0,"parent":3007,"menu_order":1,"comment_status":"closed","ping_status":"closed","template":"","meta":[],"_links":{"self":[{"href":"https:\/\/cave-a-vin.ch\/fr\/wp-json\/wp\/v2\/pages\/5411"}],"collection":[{"href":"https:\/\/cave-a-vin.ch\/fr\/wp-json\/wp\/v2\/pages"}],"about":[{"href":"https:\/\/cave-a-vin.ch\/fr\/wp-json\/wp\/v2\/types\/page"}],"author":[{"embeddable":true,"href":"https:\/\/cave-a-vin.ch\/fr\/wp-json\/wp\/v2\/users\/1"}],"replies":[{"embeddable":true,"href":"https:\/\/cave-a-vin.ch\/fr\/wp-json\/wp\/v2\/comments?post=5411"}],"version-history":[{"count":9,"href":"https:\/\/cave-a-vin.ch\/fr\/wp-json\/wp\/v2\/pages\/5411\/revisions"}],"predecessor-version":[{"id":6593,"href":"https:\/\/cave-a-vin.ch\/fr\/wp-json\/wp\/v2\/pages\/5411\/revisions\/6593"}],"up":[{"embeddable":true,"href":"https:\/\/cave-a-vin.ch\/fr\/wp-json\/wp\/v2\/pages\/3007"}],"wp:attachment":[{"href":"https:\/\/cave-a-vin.ch\/fr\/wp-json\/wp\/v2\/media?parent=5411"}],"curies":[{"name":"wp","href":"https:\/\/api.w.org\/{rel}","templated":true}]}}