{"id":5475,"date":"2024-11-21T15:44:36","date_gmt":"2024-11-21T14:44:36","guid":{"rendered":"https:\/\/cave-a-vin.ch\/?page_id=5475"},"modified":"2025-01-10T14:46:57","modified_gmt":"2025-01-10T13:46:57","slug":"dxfh-50-142","status":"publish","type":"page","link":"https:\/\/cave-a-vin.ch\/fr\/armoire-a-vins\/dunavox\/pose-libre\/dxfh-50-142\/","title":{"rendered":"DXFH-50.142"},"content":{"rendered":"<p><\/p>\n<p style=\"text-align: center;\"><strong>Armoire \u00e0 vin pose libre avec 2 zones de temp\u00e9rature<\/strong><\/p>\n<p><a href=\"https:\/\/cave-a-vin.ch\/wp-content\/uploads\/2024\/11\/dx-54.150dk.jpg\"><img decoding=\"async\" loading=\"lazy\" class=\" wp-image-5477 aligncenter\" src=\"https:\/\/cave-a-vin.ch\/wp-content\/uploads\/2024\/11\/dx-54.150dk.jpg\" alt=\"\" width=\"229\" height=\"555\" srcset=\"https:\/\/cave-a-vin.ch\/wp-content\/uploads\/2024\/11\/dx-54.150dk.jpg 330w, https:\/\/cave-a-vin.ch\/wp-content\/uploads\/2024\/11\/dx-54.150dk-124x300.jpg 124w\" sizes=\"(max-width: 229px) 100vw, 229px\" \/><\/a><\/p>\n<p style=\"text-align: justify;\">Armoire \u00e0 vin pose libre, coloris noir, avec deux zones de temp\u00e9ratures. Capacit\u00e9 de stockage 50 bouteilles de 0.75 l, porte en verre avec cadre\u00a0 en acier inoxydable.<\/p>\n<p>L\u2019armoire \u00e0 vin est \u00e9quip\u00e9e de 9 clayettes en bois et une lumi\u00e8re LED.<\/p>\n<p><span lang=\"en\"><strong>Caract\u00e9ristiques techniques :<\/strong><br \/>\nDimensions : H. 129.5 x L. 480 x P. 480 mm<br \/>\n<\/span><span lang=\"en\">Capacit\u00e9 : 50 bouteilles<br \/>\nZone de temp\u00e9rature : 2 (+5 \u00b0C \/ +18\u00b0C)<br \/>\nEcran tactile : LED<br \/>\nEclairage int\u00e9rieure : LED (bleu)<\/span><\/p>\n<p><a href=\"https:\/\/cave-a-vin.ch\/wp-content\/uploads\/2024\/11\/Ecran-LED.jpg\"><img decoding=\"async\" loading=\"lazy\" class=\"size-full wp-image-5461 aligncenter\" src=\"https:\/\/cave-a-vin.ch\/wp-content\/uploads\/2024\/11\/Ecran-LED.jpg\" alt=\"\" width=\"998\" height=\"120\" srcset=\"https:\/\/cave-a-vin.ch\/wp-content\/uploads\/2024\/11\/Ecran-LED.jpg 998w, https:\/\/cave-a-vin.ch\/wp-content\/uploads\/2024\/11\/Ecran-LED-300x36.jpg 300w, https:\/\/cave-a-vin.ch\/wp-content\/uploads\/2024\/11\/Ecran-LED-768x92.jpg 768w\" sizes=\"(max-width: 998px) 100vw, 998px\" \/><\/a><\/p>\n<p><a href=\"https:\/\/cave-a-vin.ch\/wp-content\/uploads\/2024\/11\/50.142.jpeg\"><img decoding=\"async\" loading=\"lazy\" class=\"size-full wp-image-5476 aligncenter\" src=\"https:\/\/cave-a-vin.ch\/wp-content\/uploads\/2024\/11\/50.142.jpeg\" alt=\"\" width=\"509\" height=\"106\" srcset=\"https:\/\/cave-a-vin.ch\/wp-content\/uploads\/2024\/11\/50.142.jpeg 509w, https:\/\/cave-a-vin.ch\/wp-content\/uploads\/2024\/11\/50.142-300x62.jpeg 300w\" sizes=\"(max-width: 509px) 100vw, 509px\" \/><\/a><\/p>","protected":false},"excerpt":{"rendered":"<p>Armoire \u00e0 vin pose libre avec 2 zones de temp\u00e9rature Armoire \u00e0 vin pose libre, coloris noir, avec deux zones de temp\u00e9ratures. Capacit\u00e9 de stockage 50 bouteilles de 0.75 l, porte en verre avec cadre\u00a0 en acier inoxydable. L\u2019armoire \u00e0 vin est \u00e9quip\u00e9e de 9 clayettes en bois et une lumi\u00e8re LED. Caract\u00e9ristiques techniques : &hellip; <a href=\"https:\/\/cave-a-vin.ch\/fr\/armoire-a-vins\/dunavox\/pose-libre\/dxfh-50-142\/\" class=\"more-link\">Continuer la lecture de <span class=\"screen-reader-text\">DXFH-50.142<\/span> <span class=\"meta-nav\">&rarr;<\/span><\/a><\/p>\n","protected":false},"author":1,"featured_media":0,"parent":3004,"menu_order":6,"comment_status":"closed","ping_status":"closed","template":"","meta":[],"_links":{"self":[{"href":"https:\/\/cave-a-vin.ch\/fr\/wp-json\/wp\/v2\/pages\/5475"}],"collection":[{"href":"https:\/\/cave-a-vin.ch\/fr\/wp-json\/wp\/v2\/pages"}],"about":[{"href":"https:\/\/cave-a-vin.ch\/fr\/wp-json\/wp\/v2\/types\/page"}],"author":[{"embeddable":true,"href":"https:\/\/cave-a-vin.ch\/fr\/wp-json\/wp\/v2\/users\/1"}],"replies":[{"embeddable":true,"href":"https:\/\/cave-a-vin.ch\/fr\/wp-json\/wp\/v2\/comments?post=5475"}],"version-history":[{"count":2,"href":"https:\/\/cave-a-vin.ch\/fr\/wp-json\/wp\/v2\/pages\/5475\/revisions"}],"predecessor-version":[{"id":5964,"href":"https:\/\/cave-a-vin.ch\/fr\/wp-json\/wp\/v2\/pages\/5475\/revisions\/5964"}],"up":[{"embeddable":true,"href":"https:\/\/cave-a-vin.ch\/fr\/wp-json\/wp\/v2\/pages\/3004"}],"wp:attachment":[{"href":"https:\/\/cave-a-vin.ch\/fr\/wp-json\/wp\/v2\/media?parent=5475"}],"curies":[{"name":"wp","href":"https:\/\/api.w.org\/{rel}","templated":true}]}}