{"id":5670,"date":"2024-12-06T17:19:14","date_gmt":"2024-12-06T16:19:14","guid":{"rendered":"https:\/\/cave-a-vin.ch\/?page_id=5670"},"modified":"2025-04-02T15:20:44","modified_gmt":"2025-04-02T13:20:44","slug":"dvs-70-185","status":"publish","type":"page","link":"https:\/\/cave-a-vin.ch\/fr\/dvs-70-185\/","title":{"rendered":"DVS-70.185"},"content":{"rendered":"<p><\/p>\n<p style=\"text-align: center;\"><strong>Armoire \u00e0 vin encastrable avec 2 zones de temp\u00e9rature<\/strong><\/p>\n<p><a href=\"https:\/\/cave-a-vin.ch\/wp-content\/uploads\/2025\/04\/Spirit-70.jpg\"><img decoding=\"async\" loading=\"lazy\" class=\"size-full wp-image-6288 aligncenter\" src=\"https:\/\/cave-a-vin.ch\/wp-content\/uploads\/2025\/04\/Spirit-70.jpg\" alt=\"\" width=\"1000\" height=\"1000\" srcset=\"https:\/\/cave-a-vin.ch\/wp-content\/uploads\/2025\/04\/Spirit-70.jpg 1000w, https:\/\/cave-a-vin.ch\/wp-content\/uploads\/2025\/04\/Spirit-70-300x300.jpg 300w, https:\/\/cave-a-vin.ch\/wp-content\/uploads\/2025\/04\/Spirit-70-150x150.jpg 150w, https:\/\/cave-a-vin.ch\/wp-content\/uploads\/2025\/04\/Spirit-70-768x768.jpg 768w\" sizes=\"(max-width: 1000px) 100vw, 1000px\" \/><\/a><\/p>\n<div style=\"text-align: justify;\">Cette armoire \u00e0 vin est destin\u00e9e \u00e0 \u00eatre encastr\u00e9e dans un meuble de cuisine ou sous un plan de travail. Elle poss\u00e8de deux zones de temp\u00e9rature et peut accueillir jusqu\u2019\u00e0 70 bouteilles r\u00e9parties sur des clayettes coulissantes en bois et d\u00e9licatement r\u00e9v\u00e9l\u00e9es par un \u00e9clairage int\u00e9rieur. La porte est enti\u00e8rement vitr\u00e9e, trait\u00e9 anti-UV, soit full glass noir (B), cadre inox (SS), cadre noir matt (MB). Possibilit\u00e9 de personnaliser le cadre selon la palette couleur RAL (C).<\/div>\n<div style=\"text-align: justify;\"><span style=\"color: #ffffff;\"><strong>\u2026<\/strong><\/span><\/div>\n<div>\n<p style=\"text-align: justify;\"><strong>Syst\u00e8me de ventilation int\u00e9gr\u00e9 :\u00a0<\/strong>Simple \u00e0 installer sans grille de ventilation; permettant d\u2019installer sous un plan de travail tout en gardant les lignes de la cuisine.<br \/>\n<strong>Connectivit\u00e9 WiFi :\u00a0<\/strong>Surveillez et contr\u00f4lez votre armoire \u00e0 vin de n\u2019importe o\u00f9 gr\u00e2ce \u00e0 l\u2019option WiFi. Ajustez les param\u00e8tres de temp\u00e9rature, recevez des alertes et suivez votre collection via une application d\u00e9di\u00e9e sur votre smartphone ou votre tablette.<br \/>\n<strong>Conception int\u00e9gr\u00e9e :<\/strong>\u00a0Con\u00e7u pour s\u2019int\u00e9grer parfaitement dans votre cuisine ou dans n\u2019importe quel espace. Son design \u00e9pur\u00e9 et minimaliste rehausse l\u2019attrait esth\u00e9tique de votre maison.<br \/>\n<strong>Efficacit\u00e9 \u00e9nerg\u00e9tique :\u00a0<\/strong>Avec une technologie respectueuse de l\u2019environnement, cette armoire \u00e0 vin offre des performances \u00e9lev\u00e9es avec une faible consommation d\u2019\u00e9nergie, r\u00e9duisant ainsi votre empreinte carbone sans compromettre la qualit\u00e9.<br \/>\n<span style=\"color: #ffffff;\">\u2026<\/span><br \/>\n<strong>Caract\u00e9ristiques techniques :<br \/>\n<\/strong>Dimensions : H. 1223.3 x L. 59 x P. 57.1 cm<br \/>\nCapacit\u00e9 : 70 bouteilles<br \/>\nPoign\u00e9e de porte : noire ou inox<br \/>\nZone de temp\u00e9rature\u00a0 : 2 (+5 \u00b0C \/ +18\u00b0C)<br \/>\nEcran tactile : LCD<br \/>\nEclairage int\u00e9rieure : Multi LED (ambre, blanc ou bleu)<\/p>\n<\/div>\n<p><a href=\"https:\/\/cave-a-vin.ch\/wp-content\/uploads\/2024\/11\/Ecran-LCD.jpg\"><img decoding=\"async\" loading=\"lazy\" class=\"size-full wp-image-5443 aligncenter\" src=\"https:\/\/cave-a-vin.ch\/wp-content\/uploads\/2024\/11\/Ecran-LCD.jpg\" alt=\"\" width=\"979\" height=\"87\" srcset=\"https:\/\/cave-a-vin.ch\/wp-content\/uploads\/2024\/11\/Ecran-LCD.jpg 979w, https:\/\/cave-a-vin.ch\/wp-content\/uploads\/2024\/11\/Ecran-LCD-300x27.jpg 300w, https:\/\/cave-a-vin.ch\/wp-content\/uploads\/2024\/11\/Ecran-LCD-768x68.jpg 768w\" sizes=\"(max-width: 979px) 100vw, 979px\" \/><\/a><\/p>\n<p><a href=\"https:\/\/cave-a-vin.ch\/wp-content\/uploads\/2024\/12\/70.185.jpeg\"><img decoding=\"async\" loading=\"lazy\" class=\"size-full wp-image-5677 aligncenter\" src=\"https:\/\/cave-a-vin.ch\/wp-content\/uploads\/2024\/12\/70.185.jpeg\" alt=\"\" width=\"719\" height=\"101\" srcset=\"https:\/\/cave-a-vin.ch\/wp-content\/uploads\/2024\/12\/70.185.jpeg 719w, https:\/\/cave-a-vin.ch\/wp-content\/uploads\/2024\/12\/70.185-300x42.jpeg 300w\" sizes=\"(max-width: 719px) 100vw, 719px\" \/><\/a><\/p>\n<p><a href=\"https:\/\/cave-a-vin.ch\/wp-content\/uploads\/2024\/12\/Poignees-1.jpg\"><img decoding=\"async\" loading=\"lazy\" class=\"size-full wp-image-5644 aligncenter\" src=\"https:\/\/cave-a-vin.ch\/wp-content\/uploads\/2024\/12\/Poignees-1.jpg\" alt=\"\" width=\"999\" height=\"498\" srcset=\"https:\/\/cave-a-vin.ch\/wp-content\/uploads\/2024\/12\/Poignees-1.jpg 999w, https:\/\/cave-a-vin.ch\/wp-content\/uploads\/2024\/12\/Poignees-1-300x150.jpg 300w, https:\/\/cave-a-vin.ch\/wp-content\/uploads\/2024\/12\/Poignees-1-768x383.jpg 768w\" sizes=\"(max-width: 999px) 100vw, 999px\" \/><\/a><\/p>\n<p>&nbsp;<\/p>\n<p><strong><a href=\"https:\/\/cave-a-vin.ch\/wp-content\/uploads\/2024\/11\/SmartPhone.jpg\"><img decoding=\"async\" loading=\"lazy\" class=\" wp-image-5436 aligncenter\" src=\"https:\/\/cave-a-vin.ch\/wp-content\/uploads\/2024\/11\/SmartPhone.jpg\" alt=\"\" width=\"242\" height=\"482\" srcset=\"https:\/\/cave-a-vin.ch\/wp-content\/uploads\/2024\/11\/SmartPhone.jpg 494w, https:\/\/cave-a-vin.ch\/wp-content\/uploads\/2024\/11\/SmartPhone-150x300.jpg 150w\" sizes=\"(max-width: 242px) 100vw, 242px\" \/><\/a><\/strong><\/p>","protected":false},"excerpt":{"rendered":"<p>Armoire \u00e0 vin encastrable avec 2 zones de temp\u00e9rature Cette armoire \u00e0 vin est destin\u00e9e \u00e0 \u00eatre encastr\u00e9e dans un meuble de cuisine ou sous un plan de travail. Elle poss\u00e8de deux zones de temp\u00e9rature et peut accueillir jusqu\u2019\u00e0 70 bouteilles r\u00e9parties sur des clayettes coulissantes en bois et d\u00e9licatement r\u00e9v\u00e9l\u00e9es par un \u00e9clairage int\u00e9rieur. &hellip; <a href=\"https:\/\/cave-a-vin.ch\/fr\/dvs-70-185\/\" class=\"more-link\">Continuer la lecture de <span class=\"screen-reader-text\">DVS-70.185<\/span> <span class=\"meta-nav\">&rarr;<\/span><\/a><\/p>\n","protected":false},"author":1,"featured_media":0,"parent":0,"menu_order":0,"comment_status":"closed","ping_status":"closed","template":"","meta":[],"_links":{"self":[{"href":"https:\/\/cave-a-vin.ch\/fr\/wp-json\/wp\/v2\/pages\/5670"}],"collection":[{"href":"https:\/\/cave-a-vin.ch\/fr\/wp-json\/wp\/v2\/pages"}],"about":[{"href":"https:\/\/cave-a-vin.ch\/fr\/wp-json\/wp\/v2\/types\/page"}],"author":[{"embeddable":true,"href":"https:\/\/cave-a-vin.ch\/fr\/wp-json\/wp\/v2\/users\/1"}],"replies":[{"embeddable":true,"href":"https:\/\/cave-a-vin.ch\/fr\/wp-json\/wp\/v2\/comments?post=5670"}],"version-history":[{"count":11,"href":"https:\/\/cave-a-vin.ch\/fr\/wp-json\/wp\/v2\/pages\/5670\/revisions"}],"predecessor-version":[{"id":6289,"href":"https:\/\/cave-a-vin.ch\/fr\/wp-json\/wp\/v2\/pages\/5670\/revisions\/6289"}],"wp:attachment":[{"href":"https:\/\/cave-a-vin.ch\/fr\/wp-json\/wp\/v2\/media?parent=5670"}],"curies":[{"name":"wp","href":"https:\/\/api.w.org\/{rel}","templated":true}]}}