{"id":5762,"date":"2024-12-18T15:30:05","date_gmt":"2024-12-18T14:30:05","guid":{"rendered":"https:\/\/cave-a-vin.ch\/?page_id=5762"},"modified":"2024-12-18T15:41:10","modified_gmt":"2024-12-18T14:41:10","slug":"dx-89-246","status":"publish","type":"page","link":"https:\/\/cave-a-vin.ch\/fr\/armoire-a-vins\/dunavox\/dunavox-built-in\/dunavox-joy\/dx-89-246\/","title":{"rendered":"DX-89.246"},"content":{"rendered":"<p><\/p>\n<p style=\"text-align: center;\"><strong>Armoire \u00e0 vin encastrable avec 3 zones de temp\u00e9rature<\/strong><\/p>\n<p><a href=\"https:\/\/cave-a-vin.ch\/wp-content\/uploads\/2024\/12\/89.246-TB-PHOTO.jpg\"><img decoding=\"async\" loading=\"lazy\" class=\"size-full wp-image-5763 aligncenter\" src=\"https:\/\/cave-a-vin.ch\/wp-content\/uploads\/2024\/12\/89.246-TB-PHOTO.jpg\" alt=\"\" width=\"1000\" height=\"1000\" srcset=\"https:\/\/cave-a-vin.ch\/wp-content\/uploads\/2024\/12\/89.246-TB-PHOTO.jpg 1000w, https:\/\/cave-a-vin.ch\/wp-content\/uploads\/2024\/12\/89.246-TB-PHOTO-300x300.jpg 300w, https:\/\/cave-a-vin.ch\/wp-content\/uploads\/2024\/12\/89.246-TB-PHOTO-150x150.jpg 150w, https:\/\/cave-a-vin.ch\/wp-content\/uploads\/2024\/12\/89.246-TB-PHOTO-768x768.jpg 768w\" sizes=\"(max-width: 1000px) 100vw, 1000px\" \/><\/a><\/p>\n<p style=\"text-align: justify;\">D\u00e9stin\u00e9 a \u00eatre encastr\u00e9e dans un meuble de cuisine. Elle poss\u00e8de trois zones de temp\u00e9rature et peut accueillir jusqu&rsquo;\u00e0 100 bouteilles r\u00e9parties sur des clayettes coulissantes en bois et d\u00e9licatement r\u00e9v\u00e9l\u00e9es par un \u00e9clairage int\u00e9rieur. La porte est enti\u00e8rement vitr\u00e9e, trait\u00e9 anti-UV, soit full glass noir, cadre inox, cadre noir matt. Possibilit\u00e9 de personnaliser le cadre selon la palette couleur RAL.<\/p>\n<p style=\"text-align: justify;\"><strong>Conception int\u00e9gr\u00e9e :<\/strong>\u00a0Con\u00e7u pour s&rsquo;int\u00e9grer parfaitement dans votre cuisine ou dans n&rsquo;importe quel espace. Son design \u00e9pur\u00e9 et minimaliste rehausse l&rsquo;attrait esth\u00e9tique de votre maison.<br \/>\n<strong>Efficacit\u00e9 \u00e9nerg\u00e9tique :\u00a0<\/strong>Avec une technologie respectueuse de l&rsquo;environnement, cette armoire \u00e0 vin offre des performances \u00e9lev\u00e9es avec une faible consommation d&rsquo;\u00e9nergie, r\u00e9duisant ainsi votre empreinte carbone sans compromettre la qualit\u00e9.<\/p>\n<div>\n<p><strong>Caract\u00e9ristiques techniques :<br \/>\n<\/strong>Dimensions : H. 178.6 x L. 59.5 x P. 55.9 cm<br \/>\nCapacit\u00e9 : 100 bouteilles<br \/>\nPoign\u00e9e de porte : noire ou inox<br \/>\nZone de temp\u00e9rature\u00a0 : 2 (+5 \u00b0C \/ +18\u00b0C)<br \/>\nEcran tactile : LED<br \/>\nEclairage int\u00e9rieure : Blanc<\/p>\n<\/div>\n<p><a href=\"https:\/\/cave-a-vin.ch\/wp-content\/uploads\/2024\/11\/Ecran-LED.jpg\"><img decoding=\"async\" loading=\"lazy\" class=\"alignnone size-full wp-image-5461\" src=\"https:\/\/cave-a-vin.ch\/wp-content\/uploads\/2024\/11\/Ecran-LED.jpg\" alt=\"\" width=\"998\" height=\"120\" srcset=\"https:\/\/cave-a-vin.ch\/wp-content\/uploads\/2024\/11\/Ecran-LED.jpg 998w, https:\/\/cave-a-vin.ch\/wp-content\/uploads\/2024\/11\/Ecran-LED-300x36.jpg 300w, https:\/\/cave-a-vin.ch\/wp-content\/uploads\/2024\/11\/Ecran-LED-768x92.jpg 768w\" sizes=\"(max-width: 998px) 100vw, 998px\" \/><\/a><\/p>\n<p><a href=\"https:\/\/cave-a-vin.ch\/wp-content\/uploads\/2024\/12\/89.246.jpeg\"><img decoding=\"async\" loading=\"lazy\" class=\"size-full wp-image-5764 aligncenter\" src=\"https:\/\/cave-a-vin.ch\/wp-content\/uploads\/2024\/12\/89.246.jpeg\" alt=\"\" width=\"450\" height=\"85\" srcset=\"https:\/\/cave-a-vin.ch\/wp-content\/uploads\/2024\/12\/89.246.jpeg 450w, https:\/\/cave-a-vin.ch\/wp-content\/uploads\/2024\/12\/89.246-300x57.jpeg 300w\" sizes=\"(max-width: 450px) 100vw, 450px\" \/><\/a><\/p>\n<p><a href=\"https:\/\/cave-a-vin.ch\/wp-content\/uploads\/2024\/12\/Poignees-1.jpg\"><img decoding=\"async\" loading=\"lazy\" class=\"size-full wp-image-5644 aligncenter\" src=\"https:\/\/cave-a-vin.ch\/wp-content\/uploads\/2024\/12\/Poignees-1.jpg\" alt=\"\" width=\"999\" height=\"498\" srcset=\"https:\/\/cave-a-vin.ch\/wp-content\/uploads\/2024\/12\/Poignees-1.jpg 999w, https:\/\/cave-a-vin.ch\/wp-content\/uploads\/2024\/12\/Poignees-1-300x150.jpg 300w, https:\/\/cave-a-vin.ch\/wp-content\/uploads\/2024\/12\/Poignees-1-768x383.jpg 768w\" sizes=\"(max-width: 999px) 100vw, 999px\" \/><\/a><\/p>\n<p>&nbsp;<\/p>\n<p>&nbsp;<\/p>\n<p>&nbsp;<\/p>\n<p>&nbsp;<\/p>\n<p>&nbsp;<\/p>","protected":false},"excerpt":{"rendered":"<p>Armoire \u00e0 vin encastrable avec 3 zones de temp\u00e9rature D\u00e9stin\u00e9 a \u00eatre encastr\u00e9e dans un meuble de cuisine. Elle poss\u00e8de trois zones de temp\u00e9rature et peut accueillir jusqu&rsquo;\u00e0 100 bouteilles r\u00e9parties sur des clayettes coulissantes en bois et d\u00e9licatement r\u00e9v\u00e9l\u00e9es par un \u00e9clairage int\u00e9rieur. La porte est enti\u00e8rement vitr\u00e9e, trait\u00e9 anti-UV, soit full glass noir, &hellip; <a href=\"https:\/\/cave-a-vin.ch\/fr\/armoire-a-vins\/dunavox\/dunavox-built-in\/dunavox-joy\/dx-89-246\/\" class=\"more-link\">Continuer la lecture de <span class=\"screen-reader-text\">DX-89.246<\/span> <span class=\"meta-nav\">&rarr;<\/span><\/a><\/p>\n","protected":false},"author":1,"featured_media":0,"parent":5404,"menu_order":5,"comment_status":"closed","ping_status":"closed","template":"","meta":[],"_links":{"self":[{"href":"https:\/\/cave-a-vin.ch\/fr\/wp-json\/wp\/v2\/pages\/5762"}],"collection":[{"href":"https:\/\/cave-a-vin.ch\/fr\/wp-json\/wp\/v2\/pages"}],"about":[{"href":"https:\/\/cave-a-vin.ch\/fr\/wp-json\/wp\/v2\/types\/page"}],"author":[{"embeddable":true,"href":"https:\/\/cave-a-vin.ch\/fr\/wp-json\/wp\/v2\/users\/1"}],"replies":[{"embeddable":true,"href":"https:\/\/cave-a-vin.ch\/fr\/wp-json\/wp\/v2\/comments?post=5762"}],"version-history":[{"count":3,"href":"https:\/\/cave-a-vin.ch\/fr\/wp-json\/wp\/v2\/pages\/5762\/revisions"}],"predecessor-version":[{"id":5775,"href":"https:\/\/cave-a-vin.ch\/fr\/wp-json\/wp\/v2\/pages\/5762\/revisions\/5775"}],"up":[{"embeddable":true,"href":"https:\/\/cave-a-vin.ch\/fr\/wp-json\/wp\/v2\/pages\/5404"}],"wp:attachment":[{"href":"https:\/\/cave-a-vin.ch\/fr\/wp-json\/wp\/v2\/media?parent=5762"}],"curies":[{"name":"wp","href":"https:\/\/api.w.org\/{rel}","templated":true}]}}