{"id":5892,"date":"2025-01-09T16:23:47","date_gmt":"2025-01-09T15:23:47","guid":{"rendered":"https:\/\/cave-a-vin.ch\/?page_id=5892"},"modified":"2025-04-08T14:11:12","modified_gmt":"2025-04-08T12:11:12","slug":"dx-108-330","status":"publish","type":"page","link":"https:\/\/cave-a-vin.ch\/fr\/armoire-a-vins\/dunavox\/dunavox-large-models\/dx-108-330\/","title":{"rendered":"DX-108.330"},"content":{"rendered":"<p><\/p>\n<p style=\"text-align: center;\"><strong>Armoire \u00e0 vin encastrable ou pose libre avec 2 zones de temp\u00e9rature<\/strong><\/p>\n<p><a href=\"https:\/\/cave-a-vin.ch\/wp-content\/uploads\/2025\/04\/Grande-108.jpg\"><img decoding=\"async\" loading=\"lazy\" class=\"size-full wp-image-6358 aligncenter\" src=\"https:\/\/cave-a-vin.ch\/wp-content\/uploads\/2025\/04\/Grande-108.jpg\" alt=\"\" width=\"1000\" height=\"1000\" srcset=\"https:\/\/cave-a-vin.ch\/wp-content\/uploads\/2025\/04\/Grande-108.jpg 1000w, https:\/\/cave-a-vin.ch\/wp-content\/uploads\/2025\/04\/Grande-108-300x300.jpg 300w, https:\/\/cave-a-vin.ch\/wp-content\/uploads\/2025\/04\/Grande-108-150x150.jpg 150w, https:\/\/cave-a-vin.ch\/wp-content\/uploads\/2025\/04\/Grande-108-768x768.jpg 768w\" sizes=\"(max-width: 1000px) 100vw, 1000px\" \/><\/a><\/p>\n<p style=\"text-align: justify;\">Cette armoire \u00e0 vin de service poss\u00e8de deux zones de temp\u00e9rature et peut accueillir jusqu\u2019\u00e0 108 bouteilles. Ce mod\u00e8le peut \u00eatre install\u00e9 ou int\u00e9gr\u00e9 dans une cuisine. Elle peut \u00e9galement \u00eatre en pose libre dans n\u2019importe quelle autre pi\u00e8ce.<\/p>\n<p style=\"text-align: justify;\">Les bouteilles sont r\u00e9parties sur des clayettes en bois et sont r\u00e9v\u00e9l\u00e9es par un \u00e9clairage int\u00e9rieur.<\/p>\n<p style=\"text-align: justify;\">La porte est enti\u00e8rement vitr\u00e9e, trait\u00e9 anti-UV, soit full glass noir (DB), cadre inox (DSS), cadre noir matt (DMB). Possibilit\u00e9 de personnaliser le cadre selon la palette couleur RAL (DC).<\/p>\n<p style=\"text-align: justify;\"><strong>Caract\u00e9ristiques techniques :<\/strong><br \/>\nDimensions : H. 167 x L. 59.5 x P. 58 cm<br \/>\nCapacit\u00e9 : 108 bouteilles<br \/>\nZone de temp\u00e9rature\u00a0 : 2 (+5 \u00b0C \/ +18\u00b0C)<br \/>\nMod\u00e8les : full glass (DB), cadre inox (DSS), cadre noir matt (DMB), cadre couleur RAL (DC)<br \/>\nEcran tactile : LED<br \/>\nEclairage int\u00e9rieure : lat\u00e9rale RVB<\/p>\n<p><a href=\"https:\/\/cave-a-vin.ch\/wp-content\/uploads\/2024\/11\/Ecran-LED.jpg\"><img decoding=\"async\" loading=\"lazy\" class=\"size-full wp-image-5461 aligncenter\" src=\"https:\/\/cave-a-vin.ch\/wp-content\/uploads\/2024\/11\/Ecran-LED.jpg\" alt=\"\" width=\"998\" height=\"120\" srcset=\"https:\/\/cave-a-vin.ch\/wp-content\/uploads\/2024\/11\/Ecran-LED.jpg 998w, https:\/\/cave-a-vin.ch\/wp-content\/uploads\/2024\/11\/Ecran-LED-300x36.jpg 300w, https:\/\/cave-a-vin.ch\/wp-content\/uploads\/2024\/11\/Ecran-LED-768x92.jpg 768w\" sizes=\"(max-width: 998px) 100vw, 998px\" \/><\/a><\/p>\n<p><a href=\"https:\/\/cave-a-vin.ch\/wp-content\/uploads\/2025\/01\/DX-108.330.jpeg\"><img decoding=\"async\" loading=\"lazy\" class=\"size-full wp-image-5899 aligncenter\" src=\"https:\/\/cave-a-vin.ch\/wp-content\/uploads\/2025\/01\/DX-108.330.jpeg\" alt=\"\" width=\"499\" height=\"115\" srcset=\"https:\/\/cave-a-vin.ch\/wp-content\/uploads\/2025\/01\/DX-108.330.jpeg 499w, https:\/\/cave-a-vin.ch\/wp-content\/uploads\/2025\/01\/DX-108.330-300x69.jpeg 300w\" sizes=\"(max-width: 499px) 100vw, 499px\" \/><\/a><\/p>\n<p><a href=\"https:\/\/cave-a-vin.ch\/wp-content\/uploads\/2025\/01\/Clayettes-DX-108-scaled.jpg\"><img decoding=\"async\" loading=\"lazy\" class=\" wp-image-5900 aligncenter\" src=\"https:\/\/cave-a-vin.ch\/wp-content\/uploads\/2025\/01\/Clayettes-DX-108-scaled.jpg\" alt=\"\" width=\"388\" height=\"540\" srcset=\"https:\/\/cave-a-vin.ch\/wp-content\/uploads\/2025\/01\/Clayettes-DX-108-scaled.jpg 1838w, https:\/\/cave-a-vin.ch\/wp-content\/uploads\/2025\/01\/Clayettes-DX-108-215x300.jpg 215w, https:\/\/cave-a-vin.ch\/wp-content\/uploads\/2025\/01\/Clayettes-DX-108-735x1024.jpg 735w, https:\/\/cave-a-vin.ch\/wp-content\/uploads\/2025\/01\/Clayettes-DX-108-768x1070.jpg 768w, https:\/\/cave-a-vin.ch\/wp-content\/uploads\/2025\/01\/Clayettes-DX-108-1103x1536.jpg 1103w, https:\/\/cave-a-vin.ch\/wp-content\/uploads\/2025\/01\/Clayettes-DX-108-1470x2048.jpg 1470w\" sizes=\"(max-width: 388px) 100vw, 388px\" \/><\/a><\/p>\n<p>&nbsp;<\/p>\n<p>&nbsp;<\/p>","protected":false},"excerpt":{"rendered":"<p>Armoire \u00e0 vin encastrable ou pose libre avec 2 zones de temp\u00e9rature Cette armoire \u00e0 vin de service poss\u00e8de deux zones de temp\u00e9rature et peut accueillir jusqu\u2019\u00e0 108 bouteilles. Ce mod\u00e8le peut \u00eatre install\u00e9 ou int\u00e9gr\u00e9 dans une cuisine. Elle peut \u00e9galement \u00eatre en pose libre dans n\u2019importe quelle autre pi\u00e8ce. Les bouteilles sont r\u00e9parties &hellip; <a href=\"https:\/\/cave-a-vin.ch\/fr\/armoire-a-vins\/dunavox\/dunavox-large-models\/dx-108-330\/\" class=\"more-link\">Continuer la lecture de <span class=\"screen-reader-text\">DX-108.330<\/span> <span class=\"meta-nav\">&rarr;<\/span><\/a><\/p>\n","protected":false},"author":1,"featured_media":0,"parent":5379,"menu_order":2,"comment_status":"closed","ping_status":"closed","template":"","meta":[],"_links":{"self":[{"href":"https:\/\/cave-a-vin.ch\/fr\/wp-json\/wp\/v2\/pages\/5892"}],"collection":[{"href":"https:\/\/cave-a-vin.ch\/fr\/wp-json\/wp\/v2\/pages"}],"about":[{"href":"https:\/\/cave-a-vin.ch\/fr\/wp-json\/wp\/v2\/types\/page"}],"author":[{"embeddable":true,"href":"https:\/\/cave-a-vin.ch\/fr\/wp-json\/wp\/v2\/users\/1"}],"replies":[{"embeddable":true,"href":"https:\/\/cave-a-vin.ch\/fr\/wp-json\/wp\/v2\/comments?post=5892"}],"version-history":[{"count":2,"href":"https:\/\/cave-a-vin.ch\/fr\/wp-json\/wp\/v2\/pages\/5892\/revisions"}],"predecessor-version":[{"id":6359,"href":"https:\/\/cave-a-vin.ch\/fr\/wp-json\/wp\/v2\/pages\/5892\/revisions\/6359"}],"up":[{"embeddable":true,"href":"https:\/\/cave-a-vin.ch\/fr\/wp-json\/wp\/v2\/pages\/5379"}],"wp:attachment":[{"href":"https:\/\/cave-a-vin.ch\/fr\/wp-json\/wp\/v2\/media?parent=5892"}],"curies":[{"name":"wp","href":"https:\/\/api.w.org\/{rel}","templated":true}]}}