{"id":6070,"date":"2025-01-29T11:45:36","date_gmt":"2025-01-29T10:45:36","guid":{"rendered":"https:\/\/cave-a-vin.ch\/?page_id=6070"},"modified":"2025-01-29T15:22:48","modified_gmt":"2025-01-29T14:22:48","slug":"winesp40ce","status":"publish","type":"page","link":"https:\/\/cave-a-vin.ch\/fr\/winesp40ce\/","title":{"rendered":"WineSP40CE"},"content":{"rendered":"<p><\/p>\n<p style=\"text-align: justify;\">Le climatiseur\u00a0<strong>WineMaster SP40 CE<\/strong>\u00a0est con\u00e7us pour les caves allant jusqu\u2019\u00e0\u00a040m3. Il permet un rendement exceptionnel tout en vous faisant r\u00e9aliser des \u00e9conomies d\u2019\u00e9nergies gr\u00e2ce \u00e0 la technologie WineMaster.<\/p>\n<p><a href=\"https:\/\/cave-a-vin.ch\/wp-content\/uploads\/2025\/01\/SP40-CE-B.jpg\"><img decoding=\"async\" loading=\"lazy\" class=\"size-full wp-image-6079 aligncenter\" src=\"https:\/\/cave-a-vin.ch\/wp-content\/uploads\/2025\/01\/SP40-CE-B.jpg\" alt=\"\" width=\"799\" height=\"611\" srcset=\"https:\/\/cave-a-vin.ch\/wp-content\/uploads\/2025\/01\/SP40-CE-B.jpg 799w, https:\/\/cave-a-vin.ch\/wp-content\/uploads\/2025\/01\/SP40-CE-B-300x229.jpg 300w, https:\/\/cave-a-vin.ch\/wp-content\/uploads\/2025\/01\/SP40-CE-B-768x587.jpg 768w\" sizes=\"(max-width: 799px) 100vw, 799px\" \/><\/a><\/p>\n<p style=\"text-align: justify;\">La gamme WineMaster a e\u0301te\u0301 conc\u0327ue pour apporter une solution de climatisation optimale a\u0300 la cave de vos re\u0302ves. Gra\u0302ce a\u0300 une tempe\u0301rature constante et une humidite\u0301 pre\u0301serve\u0301e, vos vins s\u2019e\u0301panouissent tout au long de l\u2019anne\u0301e dans une cave a\u0300 vins aux meilleures conditions.<\/p>\n<p style=\"text-align: justify;\">Le Wine SP40 CE s\u2019int\u00e8gre au plafond, et veillera sur vos vins quelque soit la saison.<\/p>\n<p style=\"text-align: justify;\">L\u2019unite\u0301 exte\u0301rieure peut e\u0302tre e\u0301loigne\u0301e de l\u2019unite\u0301 inte\u0301rieure et installe\u0301e a\u0300 l\u2019exte\u0301rieur de l\u2019habitation ; solution ide\u0301ale si la cave est enterre\u0301e ou si elle se trouve dans un local attenant a\u0300 une pie\u0300ce a\u0300 vivre.<\/p>\n<p style=\"text-align: justify;\">Le climatiseur SP40 CE est \u00e9quip\u00e9 d\u2019une unit\u00e9 int\u00e9rieure qui s\u2019installe au plafond de coloris noir, et d\u2019une unit\u00e9 ext\u00e9rieure nouvelle g\u00e9n\u00e9ration de faible niveau sonore, d\u2019un thermostat \u00e9lectronique \u00e0 affichage digital, de turbines \u00e0 r\u00e9action permettant une consommation ma\u00eetris\u00e9e.<\/p>\n<p>Cet appareil n\u00e9cessite l\u2019intervention d\u2019un professionnel.<\/p>\n<p><a href=\"https:\/\/cave-a-vin.ch\/wp-content\/uploads\/2025\/01\/SP40-CE-D-1.jpg\"><img decoding=\"async\" loading=\"lazy\" class=\"size-full wp-image-6081 aligncenter\" src=\"https:\/\/cave-a-vin.ch\/wp-content\/uploads\/2025\/01\/SP40-CE-D-1.jpg\" alt=\"\" width=\"799\" height=\"803\" srcset=\"https:\/\/cave-a-vin.ch\/wp-content\/uploads\/2025\/01\/SP40-CE-D-1.jpg 799w, https:\/\/cave-a-vin.ch\/wp-content\/uploads\/2025\/01\/SP40-CE-D-1-150x150.jpg 150w, https:\/\/cave-a-vin.ch\/wp-content\/uploads\/2025\/01\/SP40-CE-D-1-768x772.jpg 768w\" sizes=\"(max-width: 799px) 100vw, 799px\" \/><\/a><\/p>\n<p><strong>Donn\u00e9es techniques :<br \/>\n<\/strong>Capacit\u00e9 : jusqu\u2019\u00e0 40m3<br \/>\nPuissance frigorifique : 900 W<br \/>\nPuissance chauffage : 500 W<br \/>\nDimensions unit\u00e9 ext\u00e9rieure L x H x P : 853 x 640 x 424 mm<br \/>\nDimensions unit\u00e9 int\u00e9rieure\u00a0 L x H x P : 950 x 153 x 700 mm<br \/>\nPoids : 28 \/ 55 kg<br \/>\nAlimentation \u00e9lectrique : 230-240 V \u2013 50Hz<br \/>\nNiveau sonore (\u00e0 1m) : 42 dB<\/p>\n<p><img decoding=\"async\" class=\"aligncenter\" src=\"https:\/\/winemaster-suisse.ch\/wp-content\/uploads\/2024\/11\/Capture-decranSP40CE.jpeg\" \/><\/p>\n<p>&nbsp;<\/p>\n<p>&nbsp;<\/p>\n<p>&nbsp;<\/p>","protected":false},"excerpt":{"rendered":"<p>Le climatiseur\u00a0WineMaster SP40 CE\u00a0est con\u00e7us pour les caves allant jusqu\u2019\u00e0\u00a040m3. Il permet un rendement exceptionnel tout en vous faisant r\u00e9aliser des \u00e9conomies d\u2019\u00e9nergies gr\u00e2ce \u00e0 la technologie WineMaster. La gamme WineMaster a e\u0301te\u0301 conc\u0327ue pour apporter une solution de climatisation optimale a\u0300 la cave de vos re\u0302ves. Gra\u0302ce a\u0300 une tempe\u0301rature constante et une humidite\u0301 &hellip; <a href=\"https:\/\/cave-a-vin.ch\/fr\/winesp40ce\/\" class=\"more-link\">Continuer la lecture de <span class=\"screen-reader-text\">WineSP40CE<\/span> <span class=\"meta-nav\">&rarr;<\/span><\/a><\/p>\n","protected":false},"author":1,"featured_media":0,"parent":0,"menu_order":0,"comment_status":"closed","ping_status":"closed","template":"","meta":[],"_links":{"self":[{"href":"https:\/\/cave-a-vin.ch\/fr\/wp-json\/wp\/v2\/pages\/6070"}],"collection":[{"href":"https:\/\/cave-a-vin.ch\/fr\/wp-json\/wp\/v2\/pages"}],"about":[{"href":"https:\/\/cave-a-vin.ch\/fr\/wp-json\/wp\/v2\/types\/page"}],"author":[{"embeddable":true,"href":"https:\/\/cave-a-vin.ch\/fr\/wp-json\/wp\/v2\/users\/1"}],"replies":[{"embeddable":true,"href":"https:\/\/cave-a-vin.ch\/fr\/wp-json\/wp\/v2\/comments?post=6070"}],"version-history":[{"count":3,"href":"https:\/\/cave-a-vin.ch\/fr\/wp-json\/wp\/v2\/pages\/6070\/revisions"}],"predecessor-version":[{"id":6116,"href":"https:\/\/cave-a-vin.ch\/fr\/wp-json\/wp\/v2\/pages\/6070\/revisions\/6116"}],"wp:attachment":[{"href":"https:\/\/cave-a-vin.ch\/fr\/wp-json\/wp\/v2\/media?parent=6070"}],"curies":[{"name":"wp","href":"https:\/\/api.w.org\/{rel}","templated":true}]}}