{"id":6092,"date":"2025-01-29T12:32:35","date_gmt":"2025-01-29T11:32:35","guid":{"rendered":"https:\/\/cave-a-vin.ch\/?page_id=6092"},"modified":"2025-01-29T14:52:55","modified_gmt":"2025-01-29T13:52:55","slug":"winearm15x","status":"publish","type":"page","link":"https:\/\/cave-a-vin.ch\/fr\/winearm15x\/","title":{"rendered":"WineARM15X"},"content":{"rendered":"<p><\/p>\n<p style=\"text-align: justify;\">Climatiseur de cave \u00e0 vin mod\u00e8le\u00a0<strong>WineMaster Wine ARM15 X<\/strong>\u00a0s\u2019int\u00e8gre en toute discr\u00e9tion \u00e0 votre armoire \u00e0 vins.<\/p>\n<p><a href=\"https:\/\/cave-a-vin.ch\/wp-content\/uploads\/2025\/01\/Wine-Arm15.png\"><img decoding=\"async\" loading=\"lazy\" class=\"size-full wp-image-6093 aligncenter\" src=\"https:\/\/cave-a-vin.ch\/wp-content\/uploads\/2025\/01\/Wine-Arm15.png\" alt=\"\" width=\"1024\" height=\"684\" srcset=\"https:\/\/cave-a-vin.ch\/wp-content\/uploads\/2025\/01\/Wine-Arm15.png 1024w, https:\/\/cave-a-vin.ch\/wp-content\/uploads\/2025\/01\/Wine-Arm15-300x200.png 300w, https:\/\/cave-a-vin.ch\/wp-content\/uploads\/2025\/01\/Wine-Arm15-768x513.png 768w\" sizes=\"(max-width: 1024px) 100vw, 1024px\" \/><\/a><\/p>\n<p style=\"text-align: justify;\">Le climatiseur WineMaster mod\u00e8le Wine ARM15X est pens\u00e9 pour s\u2019adapter \u00e0 votre armoire \u00e0 vins en toute discr\u00e9tion pour une cave qui vous ressemble. Celle-ci devient alors un \u00e9l\u00e9ment incontournable de votre int\u00e9rieur.<\/p>\n<p style=\"text-align: justify;\">Syst\u00e8me silencieux pour votre confort acoustique, faible consommation \u00e9nerg\u00e9tique, robustesse, \u00e9vaporation des condensats, r\u00e9gularisation par thermostat \u00e9lectronique filaire, le Wine ARM15X est dot\u00e9 d\u2019une technologie de pointe pour r\u00e9pondre \u00e0 toutes vos exigences.<\/p>\n<p><a href=\"https:\/\/cave-a-vin.ch\/wp-content\/uploads\/2025\/01\/Winearm15-7-scaled.jpg\"><img decoding=\"async\" loading=\"lazy\" class=\"size-full wp-image-6095 aligncenter\" src=\"https:\/\/cave-a-vin.ch\/wp-content\/uploads\/2025\/01\/Winearm15-7-scaled.jpg\" alt=\"\" width=\"2560\" height=\"1924\" srcset=\"https:\/\/cave-a-vin.ch\/wp-content\/uploads\/2025\/01\/Winearm15-7-scaled.jpg 2560w, https:\/\/cave-a-vin.ch\/wp-content\/uploads\/2025\/01\/Winearm15-7-300x226.jpg 300w, https:\/\/cave-a-vin.ch\/wp-content\/uploads\/2025\/01\/Winearm15-7-1024x770.jpg 1024w, https:\/\/cave-a-vin.ch\/wp-content\/uploads\/2025\/01\/Winearm15-7-768x577.jpg 768w, https:\/\/cave-a-vin.ch\/wp-content\/uploads\/2025\/01\/Winearm15-7-1536x1155.jpg 1536w, https:\/\/cave-a-vin.ch\/wp-content\/uploads\/2025\/01\/Winearm15-7-2048x1540.jpg 2048w\" sizes=\"(max-width: 2560px) 100vw, 2560px\" \/><\/a><\/p>\n<p>&nbsp;<\/p>\n<p><strong>Donn\u00e9es techniques :<br \/>\n<\/strong>Capacit\u00e9 : jusqu\u2019\u00e0 15m3 selon isolation<br \/>\nPuissance frigorifique : 500 W \u00e0 15\u00b0C<br \/>\nDimensions L x H x P : 885 x 317 x 424 mm<br \/>\nPoids : 31 kg<br \/>\nAlimentation \u00e9lectrique : 235 V \u2013 50Hz + 3m de c\u00e2ble<br \/>\nFiche CH<br \/>\nNiveau sonore: 36 dB<\/p>\n<p>&nbsp;<\/p>\n<p><strong><a href=\"https:\/\/cave-a-vin.ch\/wp-content\/uploads\/2025\/01\/winemaster-arm15x.webp\"><img decoding=\"async\" loading=\"lazy\" class=\"size-full wp-image-6096 aligncenter\" src=\"https:\/\/cave-a-vin.ch\/wp-content\/uploads\/2025\/01\/winemaster-arm15x.webp\" alt=\"\" width=\"800\" height=\"800\" \/><\/a><\/strong><\/p>\n<p><img decoding=\"async\" class=\"aligncenter\" src=\"https:\/\/winemaster-suisse.ch\/wp-content\/uploads\/2024\/11\/Capture-decran-Wine-Arm15-1.jpeg\" \/><\/p>\n<p>&nbsp;<\/p>\n<p>&nbsp;<\/p>","protected":false},"excerpt":{"rendered":"<p>Climatiseur de cave \u00e0 vin mod\u00e8le\u00a0WineMaster Wine ARM15 X\u00a0s\u2019int\u00e8gre en toute discr\u00e9tion \u00e0 votre armoire \u00e0 vins. Le climatiseur WineMaster mod\u00e8le Wine ARM15X est pens\u00e9 pour s\u2019adapter \u00e0 votre armoire \u00e0 vins en toute discr\u00e9tion pour une cave qui vous ressemble. Celle-ci devient alors un \u00e9l\u00e9ment incontournable de votre int\u00e9rieur. Syst\u00e8me silencieux pour votre confort &hellip; <a href=\"https:\/\/cave-a-vin.ch\/fr\/winearm15x\/\" class=\"more-link\">Continuer la lecture de <span class=\"screen-reader-text\">WineARM15X<\/span> <span class=\"meta-nav\">&rarr;<\/span><\/a><\/p>\n","protected":false},"author":1,"featured_media":0,"parent":0,"menu_order":0,"comment_status":"closed","ping_status":"closed","template":"","meta":[],"_links":{"self":[{"href":"https:\/\/cave-a-vin.ch\/fr\/wp-json\/wp\/v2\/pages\/6092"}],"collection":[{"href":"https:\/\/cave-a-vin.ch\/fr\/wp-json\/wp\/v2\/pages"}],"about":[{"href":"https:\/\/cave-a-vin.ch\/fr\/wp-json\/wp\/v2\/types\/page"}],"author":[{"embeddable":true,"href":"https:\/\/cave-a-vin.ch\/fr\/wp-json\/wp\/v2\/users\/1"}],"replies":[{"embeddable":true,"href":"https:\/\/cave-a-vin.ch\/fr\/wp-json\/wp\/v2\/comments?post=6092"}],"version-history":[{"count":2,"href":"https:\/\/cave-a-vin.ch\/fr\/wp-json\/wp\/v2\/pages\/6092\/revisions"}],"predecessor-version":[{"id":6111,"href":"https:\/\/cave-a-vin.ch\/fr\/wp-json\/wp\/v2\/pages\/6092\/revisions\/6111"}],"wp:attachment":[{"href":"https:\/\/cave-a-vin.ch\/fr\/wp-json\/wp\/v2\/media?parent=6092"}],"curies":[{"name":"wp","href":"https:\/\/api.w.org\/{rel}","templated":true}]}}