{"id":6124,"date":"2025-02-11T16:54:11","date_gmt":"2025-02-11T15:54:11","guid":{"rendered":"https:\/\/cave-a-vin.ch\/?page_id=6124"},"modified":"2025-07-02T14:19:59","modified_gmt":"2025-07-02T12:19:59","slug":"faq-casiers-a-bouteilles","status":"publish","type":"page","link":"https:\/\/cave-a-vin.ch\/fr\/casiers-a-bouteilles\/faq-casiers-a-bouteilles\/","title":{"rendered":"FAQ Casiers \u00e0 bouteilles"},"content":{"rendered":"<p><\/p>\n<h3 data-start=\"0\" data-end=\"63\"><strong data-start=\"4\" data-end=\"61\">Casiers et Meubles \u00e0 Bouteilles<br \/>\n<\/strong><\/h3>\n<h4 data-start=\"65\" data-end=\"129\"><strong data-start=\"70\" data-end=\"127\">1. Comment choisir le bon casier \u00e0 vin pour ma cave ?<\/strong><\/h4>\n<p data-start=\"130\" data-end=\"181\">Le choix du casier d\u00e9pend de plusieurs crit\u00e8res :<\/p>\n<ul data-start=\"182\" data-end=\"585\">\n<li style=\"text-align: justify;\" data-start=\"182\" data-end=\"250\"><strong data-start=\"184\" data-end=\"199\">La capacit\u00e9<\/strong> : combien de bouteilles souhaitez-vous stocker ?<\/li>\n<li style=\"text-align: justify;\" data-start=\"251\" data-end=\"356\"><strong data-start=\"253\" data-end=\"268\">Le mat\u00e9riau<\/strong> : bois, m\u00e9tal, pierre ou plastique, selon vos pr\u00e9f\u00e9rences et l\u2019esth\u00e9tique recherch\u00e9e.<\/li>\n<li style=\"text-align: justify;\" data-start=\"357\" data-end=\"467\"><strong data-start=\"359\" data-end=\"382\">L\u2019espace disponible<\/strong> : optez pour des mod\u00e8les modulables si vous avez une cave \u00e9volutive.<\/li>\n<li style=\"text-align: justify;\" data-start=\"468\" data-end=\"585\"><strong data-start=\"470\" data-end=\"495\">Le type de bouteilles<\/strong> : certains casiers sont con\u00e7us pour des bouteilles de Bordeaux, Bourgogne ou Champagne, Magnum et caisses bordelaises en bois.<\/li>\n<li style=\"text-align: justify;\" data-start=\"468\" data-end=\"585\"><strong data-start=\"470\" data-end=\"495\">L\u2019esth\u00e9tisme <\/strong>: l\u2019apparence et le design de votre cave \u00e0 vin sont des crit\u00e8res tous aussi\u00a0 essentiels \u00e0 prendre en compte pour obtenir le rendu souhait\u00e9.<\/li>\n<\/ul>\n<p style=\"text-align: justify;\" data-start=\"587\" data-end=\"681\">Astuce : Pr\u00e9voyez toujours un peu plus de place pour faire \u00e9voluer votre collection !<\/p>\n<hr data-start=\"683\" data-end=\"686\" \/>\n<h4 style=\"text-align: justify;\" data-start=\"688\" data-end=\"771\"><strong data-start=\"693\" data-end=\"769\">2. Quels sont les avantages des casiers en bois, en m\u00e9tal ou en pierre ?<\/strong><\/h4>\n<ul style=\"text-align: justify;\" data-start=\"773\" data-end=\"1135\">\n<li style=\"text-align: justify;\" data-start=\"773\" data-end=\"885\"><strong data-start=\"775\" data-end=\"783\">Bois<\/strong> : esth\u00e9tique chaleureuse, mat\u00e9riau naturel, prot\u00e8ge le vin des vibrations.<\/li>\n<li style=\"text-align: justify;\" data-start=\"886\" data-end=\"1007\"><strong data-start=\"888\" data-end=\"897\">M\u00e9tal<\/strong> : robuste, facile \u00e0 nettoyer et souvent modulable, id\u00e9al pour une installation dans des espaces restreints, parfait pour des caves contemporaines.<\/li>\n<li style=\"text-align: justify;\" data-start=\"1008\" data-end=\"1135\"><strong data-start=\"1010\" data-end=\"1020\">Pierre<\/strong> : excellente inertie thermique et hygrom\u00e9trique, favorisent une stabilit\u00e9 de la temp\u00e9rature et de l&rsquo;humidit\u00e9 dans la cave \u00e0 vin et apporte une touche authentique \u00e0 votre cave. Id\u00e9al pour les caves naturelles et sol en terre battue.<\/li>\n<\/ul>\n<p style=\"text-align: justify;\" data-start=\"1137\" data-end=\"1243\">Bon \u00e0 savoir : Certains mod\u00e8les combinent plusieurs mat\u00e9riaux pour allier solidit\u00e9 et esth\u00e9tisme.<\/p>\n<hr data-start=\"1245\" data-end=\"1248\" \/>\n<h4 data-start=\"1250\" data-end=\"1316\"><strong data-start=\"1255\" data-end=\"1314\">3. Existe-t-il des casiers adapt\u00e9s aux petits espaces ?<\/strong><\/h4>\n<p style=\"text-align: justify;\" data-start=\"1317\" data-end=\"1558\">Oui ! Nous proposons des solutions compactes et modulables, parfaites pour les petits espaces ou les caves \u00e0 vin d&rsquo;appartements. Vous pouvez \u00e9galement opter pour des meubles de rangement multifonctions int\u00e9grant des casiers \u00e0 bouteilles.<\/p>\n<hr data-start=\"1560\" data-end=\"1563\" \/>\n<h4 data-start=\"2177\" data-end=\"2242\"><strong data-start=\"2182\" data-end=\"2240\">4. Comment organiser mes bouteilles dans mes casiers ?<\/strong><\/h4>\n<p data-start=\"2243\" data-end=\"2277\">Pour une conservation optimale :<\/p>\n<ul data-start=\"2278\" data-end=\"2552\">\n<li style=\"text-align: justify;\" data-start=\"2278\" data-end=\"2357\">Rangez vos bouteilles horizontalement pour garder les bouchons toujours en en contact avec le vin.<\/li>\n<li style=\"text-align: justify;\" data-start=\"2453\" data-end=\"2552\">Utilisez des \u00e9tiquettes ou un syst\u00e8me de marquage pour retrouver facilement vos bouteilles.<\/li>\n<li data-start=\"2453\" data-end=\"2552\">Vous pouvez les ranger selon l\u2019appellation et le type de vin (blancs, rouge, effervescents, etc.).<\/li>\n<\/ul>\n<p style=\"text-align: justify;\" data-start=\"2554\" data-end=\"2654\">Conseil : Placez les vins de garde au fond et ceux \u00e0 consommer rapidement \u00e0 port\u00e9e de main.<\/p>\n<hr data-start=\"2656\" data-end=\"2659\" \/>\n<h4 style=\"text-align: justify;\" data-start=\"2661\" data-end=\"2741\"><strong data-start=\"2666\" data-end=\"2739\">5. Les meubles \u00e0 vin peuvent-ils \u00eatre utilis\u00e9s en dehors de la cave ?<\/strong><\/h4>\n<p style=\"text-align: justify;\" data-start=\"2742\" data-end=\"2975\">Bien s\u00fbr ! Nos meubles \u00e0 vin sont con\u00e7us pour \u00eatre install\u00e9s dans votre salon, cuisine ou salle \u00e0 manger. Certains mod\u00e8les int\u00e8grent des espaces pour verres, accessoires et d\u00e9canteurs, parfaits pour un coin d\u00e9gustation \u00e9l\u00e9gant.<\/p>\n<hr data-start=\"2977\" data-end=\"2980\" \/>\n<h4 data-start=\"2982\" data-end=\"3037\"><strong data-start=\"2987\" data-end=\"3035\">6. Peut-on empiler plusieurs casiers \u00e0 vin ?<\/strong><\/h4>\n<p style=\"text-align: justify;\" data-start=\"3038\" data-end=\"3257\">Oui, plusieurs de nos mod\u00e8les sont empilables et modulables, ce qui permet d\u2019agrandir votre espace de stockage au fil du temps. Assurez-vous toutefois de bien fixer les structures pour garantir leur stabilit\u00e9.<\/p>\n<hr data-start=\"3363\" data-end=\"3366\" \/>\n<h4 style=\"text-align: justify;\" data-start=\"3368\" data-end=\"3453\"><strong data-start=\"3373\" data-end=\"3451\">7. Quels sont les meubles \u00e0 vin les plus adapt\u00e9s aux restaurants,\u00a0 bars et cavistes ?<\/strong><\/h4>\n<p style=\"text-align: justify;\" data-start=\"3454\" data-end=\"3504\">Pour un usage professionnel, nous recommandons :<\/p>\n<ul style=\"text-align: justify;\" data-start=\"3505\" data-end=\"3728\">\n<li data-start=\"3505\" data-end=\"3566\">Des meubles robustes en m\u00e9tal, bois massif ou pierre.<\/li>\n<li data-start=\"3567\" data-end=\"3633\">Des casiers de grande capacit\u00e9 pour optimiser le stockage.<\/li>\n<li data-start=\"3634\" data-end=\"3728\">S&rsquo;ils sont visibles par votre client\u00e8le int\u00e9grez des mod\u00e8les avec pr\u00e9sentoirs inclin\u00e9s pour mettre en valeur les bouteilles \u00e0 la vente.<\/li>\n<\/ul>\n<p style=\"text-align: justify;\" data-start=\"3730\" data-end=\"3838\">Besoin d\u2019un conseil personnalis\u00e9 ? Contactez-nous pour une solution adapt\u00e9e \u00e0 votre \u00e9tablissement !<\/p>\n<hr data-start=\"3840\" data-end=\"3843\" \/>\n<h4 style=\"text-align: justify;\" data-start=\"3845\" data-end=\"3915\"><strong data-start=\"3850\" data-end=\"3913\">8. Comment entretenir mes casiers et meubles \u00e0 bouteilles ?<\/strong><\/h4>\n<p style=\"text-align: justify;\">Pour tout les types de casiers et meubles un d\u00e9poussi\u00e9rage occasionnel suffit ; \u00e9vitez surtout les produits chimiques agressifs qui pourraient aussi nuire \u00e0 vos bouteilles.<\/p>\n<hr data-start=\"4261\" data-end=\"4264\" \/>\n<h4 style=\"text-align: justify;\" data-start=\"4266\" data-end=\"4319\"><strong data-start=\"4271\" data-end=\"4317\">9. Proposez-vous des casiers sur mesure ?<\/strong><\/h4>\n<p style=\"text-align: justify;\" data-start=\"4320\" data-end=\"4474\">Oui ! Si vous avez des dimensions sp\u00e9cifiques ou un projet particulier, nous pouvons vous proposer des solutions <strong data-start=\"4433\" data-end=\"4447\">sur mesure<\/strong> adapt\u00e9es \u00e0 votre espace.<\/p>\n<p style=\"text-align: justify;\" data-start=\"4476\" data-end=\"4552\">Faites-nous part de votre projet et recevez un devis personnalis\u00e9 !<\/p>\n<hr data-start=\"4554\" data-end=\"4557\" \/>\n<h4 style=\"text-align: justify;\" data-start=\"4559\" data-end=\"4625\"><strong data-start=\"4564\" data-end=\"4623\">10. O\u00f9 acheter des casiers et meubles \u00e0 vin en Suisse ?<\/strong><\/h4>\n<p style=\"text-align: justify;\" data-start=\"4626\" data-end=\"4760\">Vous pouvez commander directement par email <strong><span style=\"color: #800000;\">info@vino-concept.ch<\/span><\/strong>, par t\u00e9l\u00e9phone au +41(0)22 320 79 20 ou visiter notre showroom pour d\u00e9couvrir nos mod\u00e8les en personne.<\/p>\n<p style=\"text-align: justify;\" data-start=\"4762\" data-end=\"4904\">Besoin d\u2019un conseil ? Notre \u00e9quipe est \u00e0 votre disposition pour vous guider vers la meilleure solution de rangement pour votre cave !<\/p>\n<p><\/p>","protected":false},"excerpt":{"rendered":"<p>Casiers et Meubles \u00e0 Bouteilles 1. Comment choisir le bon casier \u00e0 vin pour ma cave ? Le choix du casier d\u00e9pend de plusieurs crit\u00e8res : La capacit\u00e9 : combien de bouteilles souhaitez-vous stocker ? Le mat\u00e9riau : bois, m\u00e9tal, pierre ou plastique, selon vos pr\u00e9f\u00e9rences et l\u2019esth\u00e9tique recherch\u00e9e. L\u2019espace disponible : optez pour des &hellip; <a href=\"https:\/\/cave-a-vin.ch\/fr\/casiers-a-bouteilles\/faq-casiers-a-bouteilles\/\" class=\"more-link\">Continuer la lecture de <span class=\"screen-reader-text\">FAQ Casiers \u00e0 bouteilles<\/span> <span class=\"meta-nav\">&rarr;<\/span><\/a><\/p>\n","protected":false},"author":1,"featured_media":0,"parent":2444,"menu_order":4,"comment_status":"closed","ping_status":"closed","template":"","meta":[],"_links":{"self":[{"href":"https:\/\/cave-a-vin.ch\/fr\/wp-json\/wp\/v2\/pages\/6124"}],"collection":[{"href":"https:\/\/cave-a-vin.ch\/fr\/wp-json\/wp\/v2\/pages"}],"about":[{"href":"https:\/\/cave-a-vin.ch\/fr\/wp-json\/wp\/v2\/types\/page"}],"author":[{"embeddable":true,"href":"https:\/\/cave-a-vin.ch\/fr\/wp-json\/wp\/v2\/users\/1"}],"replies":[{"embeddable":true,"href":"https:\/\/cave-a-vin.ch\/fr\/wp-json\/wp\/v2\/comments?post=6124"}],"version-history":[{"count":15,"href":"https:\/\/cave-a-vin.ch\/fr\/wp-json\/wp\/v2\/pages\/6124\/revisions"}],"predecessor-version":[{"id":6370,"href":"https:\/\/cave-a-vin.ch\/fr\/wp-json\/wp\/v2\/pages\/6124\/revisions\/6370"}],"up":[{"embeddable":true,"href":"https:\/\/cave-a-vin.ch\/fr\/wp-json\/wp\/v2\/pages\/2444"}],"wp:attachment":[{"href":"https:\/\/cave-a-vin.ch\/fr\/wp-json\/wp\/v2\/media?parent=6124"}],"curies":[{"name":"wp","href":"https:\/\/api.w.org\/{rel}","templated":true}]}}