{"id":615,"date":"2015-03-27T15:11:12","date_gmt":"2015-03-27T14:11:12","guid":{"rendered":"https:\/\/cave-a-vin.ch\/?page_id=615"},"modified":"2025-10-30T12:08:27","modified_gmt":"2025-10-30T11:08:27","slug":"winecooler-sm-ar","status":"publish","type":"page","link":"https:\/\/cave-a-vin.ch\/fr\/climatisation\/winecooler-sm-ar\/","title":{"rendered":"WineCooler SM"},"content":{"rendered":"<p><a href=\"https:\/\/cave-a-vin.ch\/wp-content\/uploads\/2019\/02\/SM-AR.gif\"><img decoding=\"async\" loading=\"lazy\" class=\"alignnone wp-image-2974\" src=\"https:\/\/cave-a-vin.ch\/wp-content\/uploads\/2019\/02\/SM-AR-1024x364.gif\" alt=\"\" width=\"272\" height=\"97\" srcset=\"https:\/\/cave-a-vin.ch\/wp-content\/uploads\/2019\/02\/SM-AR-1024x364.gif 1024w, https:\/\/cave-a-vin.ch\/wp-content\/uploads\/2019\/02\/SM-AR-300x107.gif 300w, https:\/\/cave-a-vin.ch\/wp-content\/uploads\/2019\/02\/SM-AR-768x273.gif 768w\" sizes=\"(max-width: 272px) 100vw, 272px\" \/> \u00a0\u00a0\u00a0\u00a0\u00a0\u00a0\u00a0\u00a0\u00a0\u00a0\u00a0\u00a0\u00a0\u00a0\u00a0\u00a0\u00a0\u00a0\u00a0\u00a0\u00a0\u00a0<\/a><a href=\"https:\/\/cave-a-vin.ch\/wp-content\/uploads\/2019\/02\/SP-AR-2.gif\"><img decoding=\"async\" loading=\"lazy\" class=\"alignnone wp-image-2975\" src=\"https:\/\/cave-a-vin.ch\/wp-content\/uploads\/2019\/02\/SP-AR-2.gif\" alt=\"\" width=\"201\" height=\"159\" \/><\/a><\/p>\n<p><em>\u00a0\u00a0\u00a0\u00a0\u00a0\u00a0\u00a0\u00a0\u00a0\u00a0\u00a0\u00a0\u00a0\u00a0\u00a0\u00a0\u00a0\u00a0\u00a0\u00a0\u00a0\u00a0\u00a0\u00a0\u00a0\u00a0\u00a0\u00a0\u00a0\u00a0\u00a0\u00a0\u00a0\u00a0 u<\/em><em><em><em><em>nit\u00e9 int\u00e9rieure \u00a0 \u00a0 \u00a0 \u00a0 \u00a0 \u00a0 \u00a0 \u00a0 \u00a0 \u00a0 \u00a0 \u00a0 \u00a0 \u00a0 \u00a0 \u00a0 \u00a0 \u00a0 \u00a0 \u00a0 \u00a0 \u00a0 \u00a0 \u00a0 \u00a0 \u00a0 \u00a0 \u00a0 \u00a0 \u00a0<\/em><\/em><\/em><\/em> <em>unit\u00e9 ext\u00e9rieure<\/em><\/p>\n<p style=\"text-align: justify;\">Les appareils de climatisation de cave \u00e0 vin de la s\u00e9rie <strong>WINECOOLER SM<\/strong> sont compos\u00e9s d&rsquo;un \u00e9changeur \u00ab\u00a0froid\u00a0\u00bb \u00e0 fixer au mur de la cave (unit\u00e9 int\u00e9rieure) et d&rsquo;un groupe frigorifique avec \u00e9changeur \u00ab\u00a0chaud\u00a0\u00bb (unit\u00e9 ext\u00e9rieure).<\/p>\n<p style=\"text-align: justify;\">Appareil complet avec syst\u00e8me de d\u00e9givrage automatique, compresseur rotatif, r\u00e9frig\u00e9rant sans CFC ni HCFC (neutre pour la couche d\u2019ozone), ventilateur de pulsion.<\/p>\n<p style=\"text-align: justify;\">&#8211; <strong>Economie d&rsquo;\u00e9nergie<\/strong> avec la technologie de variation de vitesse du compresseur<br \/>\n&#8211; Fa\u00e7ade amovible pour un <strong>nettoyage simplifi\u00e9 <em><br \/>\n<\/em><\/strong>&#8211; Le plus <strong>faible niveau sonore<\/strong> des appareils split sur le march\u00e9<em><br \/>\n<\/em>&#8211; D\u00e9givrage automatique\u00a0<em><br \/>\n<\/em>&#8211; S\u00e9curit\u00e9 anti-court cycle<em><br \/>\n<\/em>&#8211; Red\u00e9marrage automatique, aucune perte de programmation\u00a0<em><br \/>\n<\/em>&#8211; Thermostat \u00e9lectronique de pr\u00e9cision VINO CONTROL, pour un<strong> contr\u00f4le pr\u00e9cis et stable<br \/>\n<\/strong>\u00a0\u00a0 de la cave \u00e0\u00a0 vin.<em><br \/>\n<\/em>&#8211; Classe \u00e9nerg\u00e9tique <strong>A<\/strong><em><strong>+<\/strong><br \/>\n<\/em><\/p>\n<h6><span style=\"color: #800000;\"><strong>Contactez-nous pour un DEVIS SANS ENGAGEMENT.<\/strong><\/span><\/h6>\n<p><a href=\"https:\/\/cave-a-vin.ch\/wp-content\/uploads\/2019\/02\/Vino-Control.gif\"><img decoding=\"async\" loading=\"lazy\" class=\"size-full wp-image-2972 aligncenter\" src=\"https:\/\/cave-a-vin.ch\/wp-content\/uploads\/2019\/02\/Vino-Control.gif\" alt=\"\" width=\"212\" height=\"150\" \/><\/a><em><strong><span style=\"font-size: small;\">\u00a0\u00a0\u00a0\u00a0\u00a0\u00a0\u00a0\u00a0\u00a0\u00a0\u00a0\u00a0\u00a0\u00a0\u00a0\u00a0\u00a0\u00a0\u00a0\u00a0\u00a0\u00a0\u00a0\u00a0\u00a0\u00a0\u00a0\u00a0\u00a0\u00a0\u00a0\u00a0\u00a0\u00a0\u00a0\u00a0\u00a0\u00a0\u00a0\u00a0\u00a0\u00a0\u00a0\u00a0\u00a0\u00a0\u00a0\u00a0\u00a0\u00a0\u00a0\u00a0\u00a0\u00a0\u00a0\u00a0\u00a0\u00a0\u00a0\u00a0\u00a0\u00a0\u00a0\u00a0\u00a0\u00a0\u00a0\u00a0\u00a0\u00a0\u00a0\u00a0\u00a0\u00a0\u00a0\u00a0\u00a0\u00a0\u00a0\u00a0\u00a0\u00a0\u00a0 Commande \u00e9lectronique de pr\u00e9cision<\/span><\/strong><\/em><\/p>","protected":false},"excerpt":{"rendered":"<p>\u00a0\u00a0\u00a0\u00a0\u00a0\u00a0\u00a0\u00a0\u00a0\u00a0\u00a0\u00a0\u00a0\u00a0\u00a0\u00a0\u00a0\u00a0\u00a0\u00a0\u00a0\u00a0 \u00a0\u00a0\u00a0\u00a0\u00a0\u00a0\u00a0\u00a0\u00a0\u00a0\u00a0\u00a0\u00a0\u00a0\u00a0\u00a0\u00a0\u00a0\u00a0\u00a0\u00a0\u00a0\u00a0\u00a0\u00a0\u00a0\u00a0\u00a0\u00a0\u00a0\u00a0\u00a0\u00a0\u00a0 unit\u00e9 int\u00e9rieure \u00a0 \u00a0 \u00a0 \u00a0 \u00a0 \u00a0 \u00a0 \u00a0 \u00a0 \u00a0 \u00a0 \u00a0 \u00a0 \u00a0 \u00a0 \u00a0 \u00a0 \u00a0 \u00a0 \u00a0 \u00a0 \u00a0 \u00a0 \u00a0 \u00a0 \u00a0 \u00a0 \u00a0 \u00a0 \u00a0 unit\u00e9 ext\u00e9rieure Les appareils de climatisation de cave \u00e0 vin de la s\u00e9rie WINECOOLER SM sont compos\u00e9s d&rsquo;un \u00e9changeur \u00ab\u00a0froid\u00a0\u00bb \u00e0 &hellip; <a href=\"https:\/\/cave-a-vin.ch\/fr\/climatisation\/winecooler-sm-ar\/\" class=\"more-link\">Continuer la lecture de <span class=\"screen-reader-text\">WineCooler SM<\/span> <span class=\"meta-nav\">&rarr;<\/span><\/a><\/p>\n","protected":false},"author":1,"featured_media":0,"parent":958,"menu_order":0,"comment_status":"closed","ping_status":"closed","template":"","meta":[],"_links":{"self":[{"href":"https:\/\/cave-a-vin.ch\/fr\/wp-json\/wp\/v2\/pages\/615"}],"collection":[{"href":"https:\/\/cave-a-vin.ch\/fr\/wp-json\/wp\/v2\/pages"}],"about":[{"href":"https:\/\/cave-a-vin.ch\/fr\/wp-json\/wp\/v2\/types\/page"}],"author":[{"embeddable":true,"href":"https:\/\/cave-a-vin.ch\/fr\/wp-json\/wp\/v2\/users\/1"}],"replies":[{"embeddable":true,"href":"https:\/\/cave-a-vin.ch\/fr\/wp-json\/wp\/v2\/comments?post=615"}],"version-history":[{"count":13,"href":"https:\/\/cave-a-vin.ch\/fr\/wp-json\/wp\/v2\/pages\/615\/revisions"}],"predecessor-version":[{"id":2976,"href":"https:\/\/cave-a-vin.ch\/fr\/wp-json\/wp\/v2\/pages\/615\/revisions\/2976"}],"up":[{"embeddable":true,"href":"https:\/\/cave-a-vin.ch\/fr\/wp-json\/wp\/v2\/pages\/958"}],"wp:attachment":[{"href":"https:\/\/cave-a-vin.ch\/fr\/wp-json\/wp\/v2\/media?parent=615"}],"curies":[{"name":"wp","href":"https:\/\/api.w.org\/{rel}","templated":true}]}}