{"id":6507,"date":"2025-10-23T15:06:53","date_gmt":"2025-10-23T13:06:53","guid":{"rendered":"https:\/\/cave-a-vin.ch\/?page_id=6507"},"modified":"2025-10-23T15:15:37","modified_gmt":"2025-10-23T13:15:37","slug":"ww-pr-noir-platinum","status":"publish","type":"page","link":"https:\/\/cave-a-vin.ch\/fr\/casiers-a-bouteilles-en-metal\/english-cellarview-ii\/ww-pr-noir-platinum\/","title":{"rendered":"WW-PR Noir \/ Platinum"},"content":{"rendered":"<p><\/p>\n<p style=\"text-align: justify;\">Le <strong>CellarView II<\/strong> Pr\u00e9sentation rack est un support \u00e0 neuf bouteilles (101,6 cm) qui mets en valeur vos bouteilles pr\u00e9f\u00e9r\u00e9es, vous permettant ainsi d\u2019exposer certains de vos mill\u00e9simes pr\u00e9f\u00e9r\u00e9s dans un style \u00abpr\u00e9sentation\u00bb.<\/p>\n<p><img decoding=\"async\" loading=\"lazy\" class=\" wp-image-6508 aligncenter\" src=\"https:\/\/cave-a-vin.ch\/wp-content\/uploads\/2025\/10\/WW-PR-KKa.jpg\" alt=\"\" width=\"483\" height=\"200\" srcset=\"https:\/\/cave-a-vin.ch\/wp-content\/uploads\/2025\/10\/WW-PR-KKa.jpg 1095w, https:\/\/cave-a-vin.ch\/wp-content\/uploads\/2025\/10\/WW-PR-KKa-300x124.jpg 300w, https:\/\/cave-a-vin.ch\/wp-content\/uploads\/2025\/10\/WW-PR-KKa-1024x424.jpg 1024w, https:\/\/cave-a-vin.ch\/wp-content\/uploads\/2025\/10\/WW-PR-KKa-768x318.jpg 768w\" sizes=\"(max-width: 483px) 100vw, 483px\" \/><\/p>\n<p><img decoding=\"async\" loading=\"lazy\" class=\"size-full wp-image-6510 aligncenter\" src=\"https:\/\/cave-a-vin.ch\/wp-content\/uploads\/2025\/10\/WW-PR-KCHa-scaled.jpg\" alt=\"\" width=\"2560\" height=\"1440\" srcset=\"https:\/\/cave-a-vin.ch\/wp-content\/uploads\/2025\/10\/WW-PR-KCHa-scaled.jpg 2560w, https:\/\/cave-a-vin.ch\/wp-content\/uploads\/2025\/10\/WW-PR-KCHa-300x169.jpg 300w, https:\/\/cave-a-vin.ch\/wp-content\/uploads\/2025\/10\/WW-PR-KCHa-1024x576.jpg 1024w, https:\/\/cave-a-vin.ch\/wp-content\/uploads\/2025\/10\/WW-PR-KCHa-768x432.jpg 768w, https:\/\/cave-a-vin.ch\/wp-content\/uploads\/2025\/10\/WW-PR-KCHa-1536x864.jpg 1536w, https:\/\/cave-a-vin.ch\/wp-content\/uploads\/2025\/10\/WW-PR-KCHa-2048x1152.jpg 2048w\" sizes=\"(max-width: 2560px) 100vw, 2560px\" \/><\/p>\n<p><a href=\"https:\/\/cave-a-vin.ch\/wp-content\/uploads\/2025\/10\/WW-Shelf-room-1-scaled.jpg\"><img decoding=\"async\" loading=\"lazy\" class=\" wp-image-6464 aligncenter\" src=\"https:\/\/cave-a-vin.ch\/wp-content\/uploads\/2025\/10\/WW-Shelf-room-1-scaled.jpg\" alt=\"\" width=\"542\" height=\"542\" srcset=\"https:\/\/cave-a-vin.ch\/wp-content\/uploads\/2025\/10\/WW-Shelf-room-1-scaled.jpg 2560w, https:\/\/cave-a-vin.ch\/wp-content\/uploads\/2025\/10\/WW-Shelf-room-1-300x300.jpg 300w, https:\/\/cave-a-vin.ch\/wp-content\/uploads\/2025\/10\/WW-Shelf-room-1-1024x1024.jpg 1024w, https:\/\/cave-a-vin.ch\/wp-content\/uploads\/2025\/10\/WW-Shelf-room-1-150x150.jpg 150w, https:\/\/cave-a-vin.ch\/wp-content\/uploads\/2025\/10\/WW-Shelf-room-1-768x768.jpg 768w, https:\/\/cave-a-vin.ch\/wp-content\/uploads\/2025\/10\/WW-Shelf-room-1-1536x1536.jpg 1536w, https:\/\/cave-a-vin.ch\/wp-content\/uploads\/2025\/10\/WW-Shelf-room-1-2048x2048.jpg 2048w\" sizes=\"(max-width: 542px) 100vw, 542px\" \/><\/a><\/p>\n<p>&nbsp;<\/p>","protected":false},"excerpt":{"rendered":"<p>Le CellarView II Pr\u00e9sentation rack est un support \u00e0 neuf bouteilles (101,6 cm) qui mets en valeur vos bouteilles pr\u00e9f\u00e9r\u00e9es, vous permettant ainsi d\u2019exposer certains de vos mill\u00e9simes pr\u00e9f\u00e9r\u00e9s dans un style \u00abpr\u00e9sentation\u00bb. &nbsp;<\/p>\n","protected":false},"author":1,"featured_media":0,"parent":3180,"menu_order":6,"comment_status":"closed","ping_status":"closed","template":"","meta":[],"_links":{"self":[{"href":"https:\/\/cave-a-vin.ch\/fr\/wp-json\/wp\/v2\/pages\/6507"}],"collection":[{"href":"https:\/\/cave-a-vin.ch\/fr\/wp-json\/wp\/v2\/pages"}],"about":[{"href":"https:\/\/cave-a-vin.ch\/fr\/wp-json\/wp\/v2\/types\/page"}],"author":[{"embeddable":true,"href":"https:\/\/cave-a-vin.ch\/fr\/wp-json\/wp\/v2\/users\/1"}],"replies":[{"embeddable":true,"href":"https:\/\/cave-a-vin.ch\/fr\/wp-json\/wp\/v2\/comments?post=6507"}],"version-history":[{"count":2,"href":"https:\/\/cave-a-vin.ch\/fr\/wp-json\/wp\/v2\/pages\/6507\/revisions"}],"predecessor-version":[{"id":6513,"href":"https:\/\/cave-a-vin.ch\/fr\/wp-json\/wp\/v2\/pages\/6507\/revisions\/6513"}],"up":[{"embeddable":true,"href":"https:\/\/cave-a-vin.ch\/fr\/wp-json\/wp\/v2\/pages\/3180"}],"wp:attachment":[{"href":"https:\/\/cave-a-vin.ch\/fr\/wp-json\/wp\/v2\/media?parent=6507"}],"curies":[{"name":"wp","href":"https:\/\/api.w.org\/{rel}","templated":true}]}}