{"id":6516,"date":"2025-10-23T15:19:01","date_gmt":"2025-10-23T13:19:01","guid":{"rendered":"https:\/\/cave-a-vin.ch\/?page_id=6516"},"modified":"2025-10-23T15:44:40","modified_gmt":"2025-10-23T13:44:40","slug":"ww-75-noir-platinum","status":"publish","type":"page","link":"https:\/\/cave-a-vin.ch\/fr\/casiers-a-bouteilles-en-metal\/english-cellarview-ii\/ww-75-noir-platinum\/","title":{"rendered":"WW-75 Noir \/ Platinum"},"content":{"rendered":"<p><\/p>\n<p class=\"tw-data-text tw-text-large tw-ta\" dir=\"ltr\" style=\"text-align: justify;\" data-placeholder=\"Traduction\"><span lang=\"fr\" tabindex=\"0\">Le\u00a0<strong>CellarView II S\u00e9rie 75<\/strong>\u00a0est un support \u00e0 bouteilles d\u2019une hauteur maximale de quinze bouteilles (190.5 cm) et de 1 \u00e0 3 bouteilles en profondeur qui constitue un \u00e9l\u00e9ment id\u00e9al pour les bars et autres petits projets. Il peut \u00e9galement \u00eatre align\u00e9 avec d\u2019autres qui\u00a0<\/span><span lang=\"fr\" tabindex=\"0\">vous permet de cr\u00e9er un affichage personnalis\u00e9 en fonction de votre espace.<\/span><\/p>\n<p><strong>WW-751 : 45 bouteilles (1-profondeur)<\/strong><\/p>\n<p><img decoding=\"async\" loading=\"lazy\" class=\" wp-image-6527 aligncenter\" src=\"https:\/\/cave-a-vin.ch\/wp-content\/uploads\/2025\/10\/WW-751-KKa-1-1-1.jpg\" alt=\"\" width=\"237\" height=\"422\" srcset=\"https:\/\/cave-a-vin.ch\/wp-content\/uploads\/2025\/10\/WW-751-KKa-1-1-1.jpg 499w, https:\/\/cave-a-vin.ch\/wp-content\/uploads\/2025\/10\/WW-751-KKa-1-1-1-169x300.jpg 169w\" sizes=\"(max-width: 237px) 100vw, 237px\" \/><\/p>\n<p><img decoding=\"async\" loading=\"lazy\" class=\" wp-image-6526 aligncenter\" src=\"https:\/\/cave-a-vin.ch\/wp-content\/uploads\/2025\/10\/WW-751-KCHa-1-1.jpg\" alt=\"\" width=\"244\" height=\"427\" srcset=\"https:\/\/cave-a-vin.ch\/wp-content\/uploads\/2025\/10\/WW-751-KCHa-1-1.jpg 496w, https:\/\/cave-a-vin.ch\/wp-content\/uploads\/2025\/10\/WW-751-KCHa-1-1-171x300.jpg 171w\" sizes=\"(max-width: 244px) 100vw, 244px\" \/><\/p>\n<p><strong>WW-752 : 90 bouteilles (2-profondeurs)<\/strong><\/p>\n<p><img decoding=\"async\" loading=\"lazy\" class=\" wp-image-6529 aligncenter\" src=\"https:\/\/cave-a-vin.ch\/wp-content\/uploads\/2025\/10\/WW-752-KKa-1.jpg\" alt=\"\" width=\"210\" height=\"411\" srcset=\"https:\/\/cave-a-vin.ch\/wp-content\/uploads\/2025\/10\/WW-752-KKa-1.jpg 509w, https:\/\/cave-a-vin.ch\/wp-content\/uploads\/2025\/10\/WW-752-KKa-1-153x300.jpg 153w\" sizes=\"(max-width: 210px) 100vw, 210px\" \/><\/p>\n<p><img decoding=\"async\" loading=\"lazy\" class=\" wp-image-6528 aligncenter\" src=\"https:\/\/cave-a-vin.ch\/wp-content\/uploads\/2025\/10\/WW-752-KCHa-1-1.jpg\" alt=\"\" width=\"259\" height=\"456\" srcset=\"https:\/\/cave-a-vin.ch\/wp-content\/uploads\/2025\/10\/WW-752-KCHa-1-1.jpg 516w, https:\/\/cave-a-vin.ch\/wp-content\/uploads\/2025\/10\/WW-752-KCHa-1-1-170x300.jpg 170w\" sizes=\"(max-width: 259px) 100vw, 259px\" \/><\/p>\n<p><strong>WW-753 : 135 bouteilles (3-profondeurs)<\/strong><\/p>\n<p><img decoding=\"async\" loading=\"lazy\" class=\" wp-image-6531 aligncenter\" src=\"https:\/\/cave-a-vin.ch\/wp-content\/uploads\/2025\/10\/WW-753-KKa-1-1.jpg\" alt=\"\" width=\"234\" height=\"408\" srcset=\"https:\/\/cave-a-vin.ch\/wp-content\/uploads\/2025\/10\/WW-753-KKa-1-1.jpg 540w, https:\/\/cave-a-vin.ch\/wp-content\/uploads\/2025\/10\/WW-753-KKa-1-1-172x300.jpg 172w\" sizes=\"(max-width: 234px) 100vw, 234px\" \/><\/p>\n<p><img decoding=\"async\" loading=\"lazy\" class=\" wp-image-6530 aligncenter\" src=\"https:\/\/cave-a-vin.ch\/wp-content\/uploads\/2025\/10\/WW-753-KCHa-1-1.jpg\" alt=\"\" width=\"255\" height=\"434\" srcset=\"https:\/\/cave-a-vin.ch\/wp-content\/uploads\/2025\/10\/WW-753-KCHa-1-1.jpg 542w, https:\/\/cave-a-vin.ch\/wp-content\/uploads\/2025\/10\/WW-753-KCHa-1-1-176x300.jpg 176w\" sizes=\"(max-width: 255px) 100vw, 255px\" \/><\/p>\n<p>&nbsp;<\/p>\n<p>&nbsp;<\/p>","protected":false},"excerpt":{"rendered":"<p>Le\u00a0CellarView II S\u00e9rie 75\u00a0est un support \u00e0 bouteilles d\u2019une hauteur maximale de quinze bouteilles (190.5 cm) et de 1 \u00e0 3 bouteilles en profondeur qui constitue un \u00e9l\u00e9ment id\u00e9al pour les bars et autres petits projets. Il peut \u00e9galement \u00eatre align\u00e9 avec d\u2019autres qui\u00a0vous permet de cr\u00e9er un affichage personnalis\u00e9 en fonction de votre espace. &hellip; <a href=\"https:\/\/cave-a-vin.ch\/fr\/casiers-a-bouteilles-en-metal\/english-cellarview-ii\/ww-75-noir-platinum\/\" class=\"more-link\">Continuer la lecture de <span class=\"screen-reader-text\">WW-75 Noir \/ Platinum<\/span> <span class=\"meta-nav\">&rarr;<\/span><\/a><\/p>\n","protected":false},"author":1,"featured_media":0,"parent":3180,"menu_order":5,"comment_status":"closed","ping_status":"closed","template":"","meta":[],"_links":{"self":[{"href":"https:\/\/cave-a-vin.ch\/fr\/wp-json\/wp\/v2\/pages\/6516"}],"collection":[{"href":"https:\/\/cave-a-vin.ch\/fr\/wp-json\/wp\/v2\/pages"}],"about":[{"href":"https:\/\/cave-a-vin.ch\/fr\/wp-json\/wp\/v2\/types\/page"}],"author":[{"embeddable":true,"href":"https:\/\/cave-a-vin.ch\/fr\/wp-json\/wp\/v2\/users\/1"}],"replies":[{"embeddable":true,"href":"https:\/\/cave-a-vin.ch\/fr\/wp-json\/wp\/v2\/comments?post=6516"}],"version-history":[{"count":4,"href":"https:\/\/cave-a-vin.ch\/fr\/wp-json\/wp\/v2\/pages\/6516\/revisions"}],"predecessor-version":[{"id":6535,"href":"https:\/\/cave-a-vin.ch\/fr\/wp-json\/wp\/v2\/pages\/6516\/revisions\/6535"}],"up":[{"embeddable":true,"href":"https:\/\/cave-a-vin.ch\/fr\/wp-json\/wp\/v2\/pages\/3180"}],"wp:attachment":[{"href":"https:\/\/cave-a-vin.ch\/fr\/wp-json\/wp\/v2\/media?parent=6516"}],"curies":[{"name":"wp","href":"https:\/\/api.w.org\/{rel}","templated":true}]}}