{"id":6565,"date":"2026-03-18T11:58:56","date_gmt":"2026-03-18T10:58:56","guid":{"rendered":"https:\/\/cave-a-vin.ch\/?page_id=6565"},"modified":"2026-04-02T11:40:28","modified_gmt":"2026-04-02T09:40:28","slug":"dvn-32-85-db-to","status":"publish","type":"page","link":"https:\/\/cave-a-vin.ch\/fr\/armoire-a-vins\/dunavox\/noble-encastrable\/dvn-32-85-db-to\/","title":{"rendered":"DVN-32.85 DB.TO"},"content":{"rendered":"<p><\/p>\n<p style=\"text-align: center;\"><strong>Armoire \u00e0 vin encastrable \/ sous-plan avec 2 zones de temp\u00e9rature<\/strong><\/p>\n<p><a href=\"https:\/\/cave-a-vin.ch\/wp-content\/uploads\/2026\/03\/Noble-32.85DB.TO_-scaled.jpg\"><img decoding=\"async\" loading=\"lazy\" class=\" wp-image-6567\" src=\"https:\/\/cave-a-vin.ch\/wp-content\/uploads\/2026\/03\/Noble-32.85DB.TO_-scaled.jpg\" alt=\"\" width=\"800\" height=\"449\" srcset=\"https:\/\/cave-a-vin.ch\/wp-content\/uploads\/2026\/03\/Noble-32.85DB.TO_-scaled.jpg 2560w, https:\/\/cave-a-vin.ch\/wp-content\/uploads\/2026\/03\/Noble-32.85DB.TO_-300x168.jpg 300w, https:\/\/cave-a-vin.ch\/wp-content\/uploads\/2026\/03\/Noble-32.85DB.TO_-1024x574.jpg 1024w, https:\/\/cave-a-vin.ch\/wp-content\/uploads\/2026\/03\/Noble-32.85DB.TO_-768x430.jpg 768w, https:\/\/cave-a-vin.ch\/wp-content\/uploads\/2026\/03\/Noble-32.85DB.TO_-1536x861.jpg 1536w, https:\/\/cave-a-vin.ch\/wp-content\/uploads\/2026\/03\/Noble-32.85DB.TO_-2048x1148.jpg 2048w\" sizes=\"(max-width: 800px) 100vw, 800px\" \/><\/a><\/p>\n<p style=\"text-align: justify;\">Cette armoire \u00e0 vin est destin\u00e9e a \u00eatre encastr\u00e9e dans un meuble de cuisine ou sous un plan de travail. Elle poss\u00e8de deux zones de temp\u00e9rature et peut accueillir jusqu\u2019\u00e0 32 bouteilles r\u00e9parties sur des clayettes coulissantes en bois et d\u00e9licatement r\u00e9v\u00e9l\u00e9es par un \u00e9clairage int\u00e9rieur. La porte est enti\u00e8rement vitr\u00e9e et trait\u00e9 anti-UV soit avec un cadre noir, soit vous avez \u00e9galement la possibilit\u00e9 de personnaliser le cadre selon la palette couleur RAL.<\/p>\n<div class=\"ng-star-inserted\">\n<p style=\"text-align: justify;\"><strong>Push-to-Open Technologie :\u00a0<\/strong>Cette armoire \u00e0 vin est \u00e9quip\u00e9e du syst\u00e8me Push-to-Open permettant d\u2019ouvrir la porte gr\u00e2ce \u00e0 une l\u00e9g\u00e8re pression de la main.<br \/>\n<strong>Syst\u00e8me de ventilation int\u00e9gr\u00e9 :\u00a0<\/strong>Simple \u00e0 installer sans grille de ventilation; permettant d\u2019installer sous un plan de travail tout en gardant les lignes de la cuisine.<br \/>\n<strong>Ecran TFT :\u00a0<\/strong>L\u2019interface intuitive de l\u2019\u00e9cran TFT offre un contr\u00f4le pr\u00e9cis sur les param\u00e8tres de temp\u00e9rature, l\u2019\u00e9clairage et bien plus encore. Visualisez et g\u00e9rez votre collection de vins en toute simplicit\u00e9, du bout des doigts.<br \/>\n<strong>Connectivit\u00e9 WiFi :\u00a0<\/strong>Surveillez et contr\u00f4lez votre armoire \u00e0 vin de n\u2019importe o\u00f9 gr\u00e2ce \u00e0 l\u2019option WiFi. Ajustez les param\u00e8tres de temp\u00e9rature, recevez des alertes et suivez votre collection via une application d\u00e9di\u00e9e sur votre smartphone ou votre tablette.<br \/>\n<strong>Conception int\u00e9gr\u00e9e :<\/strong>\u00a0Con\u00e7u pour s\u2019int\u00e9grer parfaitement dans votre cuisine ou dans n\u2019importe quel espace. Son design \u00e9pur\u00e9 et minimaliste rehausse l\u2019attrait esth\u00e9tique de votre maison.<br \/>\n<strong>Efficacit\u00e9 \u00e9nerg\u00e9tique :\u00a0<\/strong>Avec une technologie respectueuse de l\u2019environnement, cette armoire \u00e0 vin offre des performances \u00e9lev\u00e9es avec une faible consommation d\u2019\u00e9nergie, r\u00e9duisant ainsi votre empreinte carbone sans compromettre la qualit\u00e9.<\/p>\n<\/div>\n<p><strong>Caract\u00e9ristiques techniques :<\/strong><br \/>\nDimensions : H. 71.5 x L. 59 x P. 55.9 cm<br \/>\nCapacit\u00e9 : 32 bouteilles<br \/>\nZone de temp\u00e9rature : 2 (+5 \u00b0C \/ +18\u00b0C)<br \/>\nEcran tactile : TFT<br \/>\nEclairage int\u00e9rieure : Multi LED (ambre, blanc ou bleu)<\/p>\n<p><img decoding=\"async\" class=\"aligncenter\" src=\"https:\/\/cave-a-vin.ch\/wp-content\/uploads\/2024\/10\/TFT-screen.jpg\" alt=\"https:\/\/cave-a-vin.ch\/wp-content\/uploads\/2024\/10\/TFT-screen.jpg\" \/><\/p>\n<p><a href=\"https:\/\/cave-a-vin.ch\/wp-content\/uploads\/2026\/03\/Screenshot-Dunavox-Noble-32.png\"><img decoding=\"async\" loading=\"lazy\" class=\" wp-image-6568 aligncenter\" src=\"https:\/\/cave-a-vin.ch\/wp-content\/uploads\/2026\/03\/Screenshot-Dunavox-Noble-32.png\" alt=\"\" width=\"728\" height=\"176\" srcset=\"https:\/\/cave-a-vin.ch\/wp-content\/uploads\/2026\/03\/Screenshot-Dunavox-Noble-32.png 807w, https:\/\/cave-a-vin.ch\/wp-content\/uploads\/2026\/03\/Screenshot-Dunavox-Noble-32-300x72.png 300w, https:\/\/cave-a-vin.ch\/wp-content\/uploads\/2026\/03\/Screenshot-Dunavox-Noble-32-768x186.png 768w\" sizes=\"(max-width: 728px) 100vw, 728px\" \/><\/a><\/p>\n<p>&nbsp;<\/p>","protected":false},"excerpt":{"rendered":"<p>Armoire \u00e0 vin encastrable \/ sous-plan avec 2 zones de temp\u00e9rature Cette armoire \u00e0 vin est destin\u00e9e a \u00eatre encastr\u00e9e dans un meuble de cuisine ou sous un plan de travail. Elle poss\u00e8de deux zones de temp\u00e9rature et peut accueillir jusqu\u2019\u00e0 32 bouteilles r\u00e9parties sur des clayettes coulissantes en bois et d\u00e9licatement r\u00e9v\u00e9l\u00e9es par un &hellip; <a href=\"https:\/\/cave-a-vin.ch\/fr\/armoire-a-vins\/dunavox\/noble-encastrable\/dvn-32-85-db-to\/\" class=\"more-link\">Continuer la lecture de <span class=\"screen-reader-text\">DVN-32.85 DB.TO<\/span> <span class=\"meta-nav\">&rarr;<\/span><\/a><\/p>\n","protected":false},"author":1,"featured_media":0,"parent":3007,"menu_order":3,"comment_status":"closed","ping_status":"closed","template":"","meta":[],"_links":{"self":[{"href":"https:\/\/cave-a-vin.ch\/fr\/wp-json\/wp\/v2\/pages\/6565"}],"collection":[{"href":"https:\/\/cave-a-vin.ch\/fr\/wp-json\/wp\/v2\/pages"}],"about":[{"href":"https:\/\/cave-a-vin.ch\/fr\/wp-json\/wp\/v2\/types\/page"}],"author":[{"embeddable":true,"href":"https:\/\/cave-a-vin.ch\/fr\/wp-json\/wp\/v2\/users\/1"}],"replies":[{"embeddable":true,"href":"https:\/\/cave-a-vin.ch\/fr\/wp-json\/wp\/v2\/comments?post=6565"}],"version-history":[{"count":8,"href":"https:\/\/cave-a-vin.ch\/fr\/wp-json\/wp\/v2\/pages\/6565\/revisions"}],"predecessor-version":[{"id":6621,"href":"https:\/\/cave-a-vin.ch\/fr\/wp-json\/wp\/v2\/pages\/6565\/revisions\/6621"}],"up":[{"embeddable":true,"href":"https:\/\/cave-a-vin.ch\/fr\/wp-json\/wp\/v2\/pages\/3007"}],"wp:attachment":[{"href":"https:\/\/cave-a-vin.ch\/fr\/wp-json\/wp\/v2\/media?parent=6565"}],"curies":[{"name":"wp","href":"https:\/\/api.w.org\/{rel}","templated":true}]}}