{"id":6637,"date":"2026-04-02T13:49:55","date_gmt":"2026-04-02T11:49:55","guid":{"rendered":"https:\/\/cave-a-vin.ch\/?page_id=6637"},"modified":"2026-04-02T14:01:30","modified_gmt":"2026-04-02T12:01:30","slug":"dauf-39-119-to","status":"publish","type":"page","link":"https:\/\/cave-a-vin.ch\/fr\/armoire-a-vins\/dunavox\/sous-plan-cuisine\/dauf-39-119-to\/","title":{"rendered":"DAUF-39.119 TO"},"content":{"rendered":"<p><\/p>\n<p style=\"text-align: center;\"><strong>Armoire \u00e0 vin sous plan avec 2 zones de temp\u00e9rature<\/strong><\/p>\n<p><a style=\"font-weight: bold; background-color: transparent;\" href=\"https:\/\/cave-a-vin.ch\/wp-content\/uploads\/2026\/04\/FLOW-46-scaled.jpg\"><img decoding=\"async\" loading=\"lazy\" class=\"size-full wp-image-6626 aligncenter\" src=\"https:\/\/cave-a-vin.ch\/wp-content\/uploads\/2026\/04\/FLOW-46-scaled.jpg\" alt=\"\" width=\"2560\" height=\"1920\" srcset=\"https:\/\/cave-a-vin.ch\/wp-content\/uploads\/2026\/04\/FLOW-46-scaled.jpg 2560w, https:\/\/cave-a-vin.ch\/wp-content\/uploads\/2026\/04\/FLOW-46-300x225.jpg 300w, https:\/\/cave-a-vin.ch\/wp-content\/uploads\/2026\/04\/FLOW-46-1024x768.jpg 1024w, https:\/\/cave-a-vin.ch\/wp-content\/uploads\/2026\/04\/FLOW-46-768x576.jpg 768w, https:\/\/cave-a-vin.ch\/wp-content\/uploads\/2026\/04\/FLOW-46-1536x1152.jpg 1536w, https:\/\/cave-a-vin.ch\/wp-content\/uploads\/2026\/04\/FLOW-46-2048x1536.jpg 2048w\" sizes=\"(max-width: 2560px) 100vw, 2560px\" \/><\/a><\/p>\n<div class=\"mceTemp\"><\/div>\n<p style=\"text-align: justify;\">Cette armoire \u00e0 vin de service est dot\u00e9e de deux zones de temp\u00e9rature pouvant accueillir jusqu\u2019\u00e0 39 bouteilles. Elle a \u00e9t\u00e9 con\u00e7ue pour \u00eatre encastr\u00e9e sous un plan de travail ou en pose libre.<\/p>\n<p style=\"text-align: justify;\">Porte, soign\u00e9e et \u00e9l\u00e9gante, est enti\u00e8rement vitr\u00e9e, teint\u00e9e et trait\u00e9e anti-UV. Cette armoire \u00e0 vin est \u00e9quip\u00e9e du syst\u00e8me\u00a0<strong>Touch-to-Open<\/strong>\u00a0permettant d\u2019ouvrir la porte gr\u00e2ce \u00e0 une l\u00e9g\u00e8re pression de la main.<\/p>\n<p style=\"text-align: justify;\">Les bouteilles sont rang\u00e9es sur des clayettes en bois et sont d\u00e9licatement r\u00e9v\u00e9l\u00e9es par un \u00e9clairage int\u00e9rieur.<\/p>\n<p><strong>Caract\u00e9ristiques techniques :<\/strong><br \/>\nDimensions : H. 82 x L. 59.5 x P. 57 cm<br \/>\nCapacit\u00e9 : 39 bouteilles<br \/>\nZone de temp\u00e9rature : 2 (+5 \u00b0C \/ +20\u00b0C)<br \/>\nMod\u00e8les : cadre noir (DB)<br \/>\nEcran tactile : LED<br \/>\nEclairage int\u00e9rieure : Multi LED (ambre, blanc ou bleu)<\/p>\n<p><a href=\"https:\/\/cave-a-vin.ch\/wp-content\/uploads\/2024\/11\/Ecran-LED.jpg\"><img decoding=\"async\" loading=\"lazy\" class=\"size-full wp-image-5461 aligncenter\" src=\"https:\/\/cave-a-vin.ch\/wp-content\/uploads\/2024\/11\/Ecran-LED.jpg\" alt=\"\" width=\"998\" height=\"120\" srcset=\"https:\/\/cave-a-vin.ch\/wp-content\/uploads\/2024\/11\/Ecran-LED.jpg 998w, https:\/\/cave-a-vin.ch\/wp-content\/uploads\/2024\/11\/Ecran-LED-300x36.jpg 300w, https:\/\/cave-a-vin.ch\/wp-content\/uploads\/2024\/11\/Ecran-LED-768x92.jpg 768w\" sizes=\"(max-width: 998px) 100vw, 998px\" \/><\/a><a href=\"https:\/\/cave-a-vin.ch\/wp-content\/uploads\/2026\/04\/Capture-decran-39.119-1.jpeg\"><img decoding=\"async\" loading=\"lazy\" class=\"size-full wp-image-6639 aligncenter\" src=\"https:\/\/cave-a-vin.ch\/wp-content\/uploads\/2026\/04\/Capture-decran-39.119-1.jpeg\" alt=\"\" width=\"708\" height=\"110\" srcset=\"https:\/\/cave-a-vin.ch\/wp-content\/uploads\/2026\/04\/Capture-decran-39.119-1.jpeg 708w, https:\/\/cave-a-vin.ch\/wp-content\/uploads\/2026\/04\/Capture-decran-39.119-1-300x47.jpeg 300w\" sizes=\"(max-width: 708px) 100vw, 708px\" \/><\/a><\/p>\n<p>&nbsp;<\/p>","protected":false},"excerpt":{"rendered":"<p>Armoire \u00e0 vin sous plan avec 2 zones de temp\u00e9rature Cette armoire \u00e0 vin de service est dot\u00e9e de deux zones de temp\u00e9rature pouvant accueillir jusqu\u2019\u00e0 39 bouteilles. Elle a \u00e9t\u00e9 con\u00e7ue pour \u00eatre encastr\u00e9e sous un plan de travail ou en pose libre. Porte, soign\u00e9e et \u00e9l\u00e9gante, est enti\u00e8rement vitr\u00e9e, teint\u00e9e et trait\u00e9e anti-UV. &hellip; <a href=\"https:\/\/cave-a-vin.ch\/fr\/armoire-a-vins\/dunavox\/sous-plan-cuisine\/dauf-39-119-to\/\" class=\"more-link\">Continuer la lecture de <span class=\"screen-reader-text\">DAUF-39.119 TO<\/span> <span class=\"meta-nav\">&rarr;<\/span><\/a><\/p>\n","protected":false},"author":1,"featured_media":0,"parent":3010,"menu_order":0,"comment_status":"closed","ping_status":"closed","template":"","meta":[],"_links":{"self":[{"href":"https:\/\/cave-a-vin.ch\/fr\/wp-json\/wp\/v2\/pages\/6637"}],"collection":[{"href":"https:\/\/cave-a-vin.ch\/fr\/wp-json\/wp\/v2\/pages"}],"about":[{"href":"https:\/\/cave-a-vin.ch\/fr\/wp-json\/wp\/v2\/types\/page"}],"author":[{"embeddable":true,"href":"https:\/\/cave-a-vin.ch\/fr\/wp-json\/wp\/v2\/users\/1"}],"replies":[{"embeddable":true,"href":"https:\/\/cave-a-vin.ch\/fr\/wp-json\/wp\/v2\/comments?post=6637"}],"version-history":[{"count":1,"href":"https:\/\/cave-a-vin.ch\/fr\/wp-json\/wp\/v2\/pages\/6637\/revisions"}],"predecessor-version":[{"id":6646,"href":"https:\/\/cave-a-vin.ch\/fr\/wp-json\/wp\/v2\/pages\/6637\/revisions\/6646"}],"up":[{"embeddable":true,"href":"https:\/\/cave-a-vin.ch\/fr\/wp-json\/wp\/v2\/pages\/3010"}],"wp:attachment":[{"href":"https:\/\/cave-a-vin.ch\/fr\/wp-json\/wp\/v2\/media?parent=6637"}],"curies":[{"name":"wp","href":"https:\/\/api.w.org\/{rel}","templated":true}]}}