{"id":728,"date":"2015-04-16T14:56:38","date_gmt":"2015-04-16T12:56:38","guid":{"rendered":"https:\/\/cave-a-vin.ch\/?page_id=728"},"modified":"2025-10-30T12:11:09","modified_gmt":"2025-10-30T11:11:09","slug":"point-de-vente-2","status":"publish","type":"page","link":"https:\/\/cave-a-vin.ch\/fr\/point-de-vente-2\/","title":{"rendered":"Contact \/ Commande"},"content":{"rendered":"<p><\/p>\n<h3><strong><img decoding=\"async\" loading=\"lazy\" class=\"alignnone wp-image-776\" src=\"https:\/\/cave-a-vin.ch\/wp-content\/uploads\/2015\/04\/Logo-4.gif\" alt=\"Logo 4\" width=\"214\" height=\"113\" \/><\/strong><\/h3>\n<h6>Chemin J.-Philibert-De-Sauvage 37<br \/>\nCH &#8211; 1219 Ch\u00e2telaine<\/h6>\n<p><strong>T\u00e9l. +41 (0)22 320 79 20<\/strong><br \/>\n<strong> Email info@vino-concept.ch<\/strong><\/p>\n<p>Command\u00e9 par : Email &#8211; T\u00e9l\u00e9phone<\/p>\n<p>Conditions : Prix TTC d\u00e9part d\u00e9p\u00f4t<\/p>\n<p><strong>Frais de livraison et installation en sus<\/strong><\/p>\n<p style=\"text-align: justify;\"><strong>Service apr\u00e8s-vente<\/strong><br \/>\nNous assurons la maintenance et le d\u00e9pannage sur toutes les caves \u00e0 vins de marque LIEBHERR, TASTVIN, TRANSTHERM, HAIER.<\/p>\n<div>\n<div style=\"text-align: justify;\">N&rsquo;oubliez pas de changer les filtres \u00e0 charbon actif et les pierres de laves des armoires Liebherr <span style=\"color: #800000;\"><a style=\"color: #800000;\" href=\"http:\/\/wineaccessories.ch\/fr\/\">(<em><strong>www.wineaccessories.ch<\/strong><\/em><\/a>)<span style=\"color: #000000;\">.<\/span><\/span><\/div>\n<\/div>\n<div style=\"text-align: justify;\"><\/div>\n<div style=\"text-align: justify;\">\n<h3 class=\"widget-title\">Liens<\/h3>\n<h4><span style=\"color: #800000;\"><strong><a style=\"color: #800000;\" href=\"https:\/\/winemaster-suisse.ch\/\">www.winemaster-suisse.ch<\/a><\/strong><\/span><\/h4>\n<p style=\"text-align: justify;\">La gamme <strong>WineMaster<\/strong>\u00a0propose des solutions adapt\u00e9es \u00e0 toutes les configurations de caves : climatiseurs encastr\u00e9s, int\u00e9gr\u00e9s, splits ou bloc-portes. Sobres, \u00e9l\u00e9gants et silencieux, ils s\u2019int\u00e8grent harmonieusement dans votre projet, tout en pr\u00e9servant l\u2019environnement de votre cave \u00e0 vin.<\/p>\n<h4 style=\"text-align: justify;\"><a href=\"http:\/\/www.cellarview.ch\/fr\/\"><strong><span style=\"color: #800000;\">www.cellarview.ch<\/span><\/strong><\/a><\/h4>\n<p style=\"text-align: justify;\">Un design innovant et contemporain permettant une magnifique pr\u00e9sentation et une mise en valeur exclusive de vos bouteilles.<\/p>\n<\/div>\n<h4 style=\"text-align: justify;\"><span style=\"color: #800000;\"><a style=\"color: #800000;\" href=\"http:\/\/armoire-a-vin.com\/fr\/\"><strong>www.armoire-a-vin.ch<\/strong><\/a><strong> \u00a0\/\u00a0 <\/strong><a style=\"color: #800000;\" href=\"https:\/\/ch-fr.dunavox.com\/page\/home\"><strong>ch-fr.dunavox.com<\/strong><\/a><\/span><\/h4>\n<p style=\"text-align: justify;\">Une s\u00e9lection des meilleures caves \u00e0 vin : Tastvin et Dunavox.<\/p>\n<h4 style=\"text-align: justify;\"><strong><span style=\"color: #800000;\"><a style=\"color: #800000;\" href=\"http:\/\/wineaccessories.ch\/fr\/\">www.wineaccessories.ch<\/a><\/span><br \/>\n<\/strong><\/h4>\n<p style=\"text-align: justify;\"><strong>La boutique des passionn\u00e9s du vin !\u00a0<\/strong>Un vaste choix d\u2019accessoires et d\u2019articles de cave, carafes, verres de d\u00e9gustation, jeux de soci\u00e9t\u00e9, tire-bouchons, thermom\u00e8tres\u2026.<\/p>\n<div><\/div>\n<p><\/p>","protected":false},"excerpt":{"rendered":"<p>Chemin J.-Philibert-De-Sauvage 37 CH &#8211; 1219 Ch\u00e2telaine T\u00e9l. +41 (0)22 320 79 20 Email info@vino-concept.ch Command\u00e9 par : Email &#8211; T\u00e9l\u00e9phone Conditions : Prix TTC d\u00e9part d\u00e9p\u00f4t Frais de livraison et installation en sus Service apr\u00e8s-vente Nous assurons la maintenance et le d\u00e9pannage sur toutes les caves \u00e0 vins de marque LIEBHERR, TASTVIN, TRANSTHERM, HAIER. &hellip; <a href=\"https:\/\/cave-a-vin.ch\/fr\/point-de-vente-2\/\" class=\"more-link\">Continuer la lecture de <span class=\"screen-reader-text\">Contact \/ Commande<\/span> <span class=\"meta-nav\">&rarr;<\/span><\/a><\/p>\n","protected":false},"author":1,"featured_media":0,"parent":0,"menu_order":0,"comment_status":"closed","ping_status":"closed","template":"","meta":[],"_links":{"self":[{"href":"https:\/\/cave-a-vin.ch\/fr\/wp-json\/wp\/v2\/pages\/728"}],"collection":[{"href":"https:\/\/cave-a-vin.ch\/fr\/wp-json\/wp\/v2\/pages"}],"about":[{"href":"https:\/\/cave-a-vin.ch\/fr\/wp-json\/wp\/v2\/types\/page"}],"author":[{"embeddable":true,"href":"https:\/\/cave-a-vin.ch\/fr\/wp-json\/wp\/v2\/users\/1"}],"replies":[{"embeddable":true,"href":"https:\/\/cave-a-vin.ch\/fr\/wp-json\/wp\/v2\/comments?post=728"}],"version-history":[{"count":75,"href":"https:\/\/cave-a-vin.ch\/fr\/wp-json\/wp\/v2\/pages\/728\/revisions"}],"predecessor-version":[{"id":6453,"href":"https:\/\/cave-a-vin.ch\/fr\/wp-json\/wp\/v2\/pages\/728\/revisions\/6453"}],"wp:attachment":[{"href":"https:\/\/cave-a-vin.ch\/fr\/wp-json\/wp\/v2\/media?parent=728"}],"curies":[{"name":"wp","href":"https:\/\/api.w.org\/{rel}","templated":true}]}}