{"id":752,"date":"2015-04-17T12:27:25","date_gmt":"2015-04-17T10:27:25","guid":{"rendered":"https:\/\/cave-a-vin.ch\/?page_id=752"},"modified":"2025-10-30T11:51:06","modified_gmt":"2025-10-30T10:51:06","slug":"dunavox","status":"publish","type":"page","link":"https:\/\/cave-a-vin.ch\/fr\/armoire-a-vins\/dunavox\/","title":{"rendered":"Dunavox"},"content":{"rendered":"<p><\/p>\n<h3 style=\"text-align: center;\"><strong>Toutes nos armoires sur :\u00a0 <span style=\"color: #800000;\"><a style=\"color: #800000;\" href=\"https:\/\/ch-fr.dunavox.com\/page\/home\">ch-fr.dunavox.com<\/a><\/span><\/strong><\/h3>\n<h3 style=\"text-align: center;\"><strong><img decoding=\"async\" loading=\"lazy\" class=\"alignnone size-medium wp-image-1063\" src=\"https:\/\/cave-a-vin.ch\/wp-content\/uploads\/2015\/04\/dab-36.80db-small-300x133.jpg\" alt=\"dab-36.80db small\" width=\"300\" height=\"133\" srcset=\"https:\/\/cave-a-vin.ch\/wp-content\/uploads\/2015\/04\/dab-36.80db-small-300x133.jpg 300w, https:\/\/cave-a-vin.ch\/wp-content\/uploads\/2015\/04\/dab-36.80db-small-604x270.jpg 604w, https:\/\/cave-a-vin.ch\/wp-content\/uploads\/2015\/04\/dab-36.80db-small.jpg 674w\" sizes=\"(max-width: 300px) 100vw, 300px\" \/><\/strong><\/h3>\n<p style=\"text-align: justify;\">Les armoires \u00e0 vin de <b>DUNAVOX<\/b> ne font pas que rafra\u00eechir vos bouteilles, elles remplissent toutes les conditions d&rsquo;une bonne cave \u00e0 vin pour prot\u00e9ger le vin de la lumi\u00e8re, la chaleur, l&rsquo;humidit\u00e9 et les vibrations.<\/p>\n<p><a href=\"https:\/\/cave-a-vin.ch\/wp-content\/uploads\/2025\/03\/Grande-181.jpg\"><img decoding=\"async\" loading=\"lazy\" class=\"size-full wp-image-6251 aligncenter\" src=\"https:\/\/cave-a-vin.ch\/wp-content\/uploads\/2025\/03\/Grande-181.jpg\" alt=\"\" width=\"1000\" height=\"1000\" srcset=\"https:\/\/cave-a-vin.ch\/wp-content\/uploads\/2025\/03\/Grande-181.jpg 1000w, https:\/\/cave-a-vin.ch\/wp-content\/uploads\/2025\/03\/Grande-181-300x300.jpg 300w, https:\/\/cave-a-vin.ch\/wp-content\/uploads\/2025\/03\/Grande-181-150x150.jpg 150w, https:\/\/cave-a-vin.ch\/wp-content\/uploads\/2025\/03\/Grande-181-768x768.jpg 768w\" sizes=\"(max-width: 1000px) 100vw, 1000px\" \/><\/a><\/p>\n<p style=\"text-align: justify;\">Les armoires \u00e0 vin de DUNAVOX offre une gamme <strong>exclusive<\/strong> de cave int\u00e9grables ou encastrables pour int\u00e9grer dans la cuisine.<\/p>\n<p style=\"text-align: justify;\">Gr\u00e2ce aux diff\u00e9rents dimensions, ces armoires \u00e0 vin s\u2019adaptent \u00e0 chaque cuisine. Nos mod\u00e8les int\u00e9grables ou encastrables apporteront la derni\u00e8re technologie dans votre maison.<\/p>\n<p style=\"text-align: justify;\">Un ou deux zones de stockage et de temp\u00e9ratures ind\u00e9pendantes pourvues de commandes digitales, vous permettent de maintenir des conditions de conservation et de d\u00e9gustation id\u00e9ales dans une m\u00eame armoire \u00e0 vin.<\/p>\n<p><a href=\"https:\/\/cave-a-vin.ch\/wp-content\/uploads\/2025\/03\/28.88-image.jpg\"><img decoding=\"async\" loading=\"lazy\" class=\"size-full wp-image-6252 aligncenter\" src=\"https:\/\/cave-a-vin.ch\/wp-content\/uploads\/2025\/03\/28.88-image.jpg\" alt=\"\" width=\"1000\" height=\"1000\" srcset=\"https:\/\/cave-a-vin.ch\/wp-content\/uploads\/2025\/03\/28.88-image.jpg 1000w, https:\/\/cave-a-vin.ch\/wp-content\/uploads\/2025\/03\/28.88-image-300x300.jpg 300w, https:\/\/cave-a-vin.ch\/wp-content\/uploads\/2025\/03\/28.88-image-150x150.jpg 150w, https:\/\/cave-a-vin.ch\/wp-content\/uploads\/2025\/03\/28.88-image-768x768.jpg 768w\" sizes=\"(max-width: 1000px) 100vw, 1000px\" \/><\/a> \u00a0 \u00a0<a href=\"https:\/\/cave-a-vin.ch\/wp-content\/uploads\/2025\/03\/38.100-photo.jpg\"><img decoding=\"async\" loading=\"lazy\" class=\"size-full wp-image-6253 aligncenter\" src=\"https:\/\/cave-a-vin.ch\/wp-content\/uploads\/2025\/03\/38.100-photo.jpg\" alt=\"\" width=\"1000\" height=\"1000\" srcset=\"https:\/\/cave-a-vin.ch\/wp-content\/uploads\/2025\/03\/38.100-photo.jpg 1000w, https:\/\/cave-a-vin.ch\/wp-content\/uploads\/2025\/03\/38.100-photo-300x300.jpg 300w, https:\/\/cave-a-vin.ch\/wp-content\/uploads\/2025\/03\/38.100-photo-150x150.jpg 150w, https:\/\/cave-a-vin.ch\/wp-content\/uploads\/2025\/03\/38.100-photo-768x768.jpg 768w\" sizes=\"(max-width: 1000px) 100vw, 1000px\" \/><\/a><\/p>\n<p>&nbsp;<\/p>\n<p>&nbsp;<\/p>","protected":false},"excerpt":{"rendered":"<p>Toutes nos armoires sur :\u00a0 ch-fr.dunavox.com Les armoires \u00e0 vin de DUNAVOX ne font pas que rafra\u00eechir vos bouteilles, elles remplissent toutes les conditions d&rsquo;une bonne cave \u00e0 vin pour prot\u00e9ger le vin de la lumi\u00e8re, la chaleur, l&rsquo;humidit\u00e9 et les vibrations. Les armoires \u00e0 vin de DUNAVOX offre une gamme exclusive de cave int\u00e9grables &hellip; <a href=\"https:\/\/cave-a-vin.ch\/fr\/armoire-a-vins\/dunavox\/\" class=\"more-link\">Continuer la lecture de <span class=\"screen-reader-text\">Dunavox<\/span> <span class=\"meta-nav\">&rarr;<\/span><\/a><\/p>\n","protected":false},"author":1,"featured_media":0,"parent":19,"menu_order":0,"comment_status":"closed","ping_status":"closed","template":"","meta":[],"_links":{"self":[{"href":"https:\/\/cave-a-vin.ch\/fr\/wp-json\/wp\/v2\/pages\/752"}],"collection":[{"href":"https:\/\/cave-a-vin.ch\/fr\/wp-json\/wp\/v2\/pages"}],"about":[{"href":"https:\/\/cave-a-vin.ch\/fr\/wp-json\/wp\/v2\/types\/page"}],"author":[{"embeddable":true,"href":"https:\/\/cave-a-vin.ch\/fr\/wp-json\/wp\/v2\/users\/1"}],"replies":[{"embeddable":true,"href":"https:\/\/cave-a-vin.ch\/fr\/wp-json\/wp\/v2\/comments?post=752"}],"version-history":[{"count":45,"href":"https:\/\/cave-a-vin.ch\/fr\/wp-json\/wp\/v2\/pages\/752\/revisions"}],"predecessor-version":[{"id":6254,"href":"https:\/\/cave-a-vin.ch\/fr\/wp-json\/wp\/v2\/pages\/752\/revisions\/6254"}],"up":[{"embeddable":true,"href":"https:\/\/cave-a-vin.ch\/fr\/wp-json\/wp\/v2\/pages\/19"}],"wp:attachment":[{"href":"https:\/\/cave-a-vin.ch\/fr\/wp-json\/wp\/v2\/media?parent=752"}],"curies":[{"name":"wp","href":"https:\/\/api.w.org\/{rel}","templated":true}]}}