{"id":958,"date":"2015-05-12T12:50:44","date_gmt":"2015-05-12T10:50:44","guid":{"rendered":"https:\/\/cave-a-vin.ch\/?page_id=958"},"modified":"2025-10-30T12:07:50","modified_gmt":"2025-10-30T11:07:50","slug":"climatisation","status":"publish","type":"page","link":"https:\/\/cave-a-vin.ch\/fr\/climatisation\/","title":{"rendered":"Climatisation"},"content":{"rendered":"<p><\/p>\n<p style=\"text-align: justify;\">Le vin est un produit noble qui exige des conditions particuli\u00e8res de stockage. La qualit\u00e9 de son vieillissement d\u00e9pend des conditions climatiques de votre cave.<\/p>\n<p style=\"text-align: justify;\">Depuis 1990, apr\u00e8s plusieurs ann\u00e9es d&rsquo;exp\u00e9rience dans l&rsquo;installation, le d\u00e9pannage et la maintenance d&rsquo;appareils de climatisation de cave \u00e0 vin, pour professionnels et pour particuliers, <strong>nous vous proposons une gamme compl\u00e8te de climatiseur pour r\u00e9pondre aux besoins sp\u00e9cifiques de chaque cave \u00e0 vin.<\/strong><\/p>\n<p style=\"text-align: justify;\">Les appareils de climatisation de cave \u00e0 vin <strong>WINECOOLER<\/strong> et <strong>WINEMASTER<\/strong> sont sp\u00e9cialement con\u00e7us pour offrir \u00e0 vos vins des conditions optimales de vieillissement. Ils stabilisent la temp\u00e9rature de vos bouteilles, assurent une humidit\u00e9 id\u00e9ale et sont tr\u00e8s simple d&rsquo;utilisation.<\/p>\n<p><img decoding=\"async\" loading=\"lazy\" class=\" size-full wp-image-1624 aligncenter\" src=\"https:\/\/cave-a-vin.ch\/wp-content\/uploads\/2015\/05\/Climatiseur.png\" alt=\"Climatiseur\" width=\"581\" height=\"449\" srcset=\"https:\/\/cave-a-vin.ch\/wp-content\/uploads\/2015\/05\/Climatiseur.png 581w, https:\/\/cave-a-vin.ch\/wp-content\/uploads\/2015\/05\/Climatiseur-300x232.png 300w\" sizes=\"(max-width: 581px) 100vw, 581px\" \/><\/p>\n<h6><\/h6>\n<p>&nbsp;<\/p>\n<p>&nbsp;<\/p>","protected":false},"excerpt":{"rendered":"<p>Le vin est un produit noble qui exige des conditions particuli\u00e8res de stockage. La qualit\u00e9 de son vieillissement d\u00e9pend des conditions climatiques de votre cave. Depuis 1990, apr\u00e8s plusieurs ann\u00e9es d&rsquo;exp\u00e9rience dans l&rsquo;installation, le d\u00e9pannage et la maintenance d&rsquo;appareils de climatisation de cave \u00e0 vin, pour professionnels et pour particuliers, nous vous proposons une gamme &hellip; <a href=\"https:\/\/cave-a-vin.ch\/fr\/climatisation\/\" class=\"more-link\">Continuer la lecture de <span class=\"screen-reader-text\">Climatisation<\/span> <span class=\"meta-nav\">&rarr;<\/span><\/a><\/p>\n","protected":false},"author":1,"featured_media":0,"parent":0,"menu_order":0,"comment_status":"closed","ping_status":"closed","template":"","meta":[],"_links":{"self":[{"href":"https:\/\/cave-a-vin.ch\/fr\/wp-json\/wp\/v2\/pages\/958"}],"collection":[{"href":"https:\/\/cave-a-vin.ch\/fr\/wp-json\/wp\/v2\/pages"}],"about":[{"href":"https:\/\/cave-a-vin.ch\/fr\/wp-json\/wp\/v2\/types\/page"}],"author":[{"embeddable":true,"href":"https:\/\/cave-a-vin.ch\/fr\/wp-json\/wp\/v2\/users\/1"}],"replies":[{"embeddable":true,"href":"https:\/\/cave-a-vin.ch\/fr\/wp-json\/wp\/v2\/comments?post=958"}],"version-history":[{"count":19,"href":"https:\/\/cave-a-vin.ch\/fr\/wp-json\/wp\/v2\/pages\/958\/revisions"}],"predecessor-version":[{"id":6388,"href":"https:\/\/cave-a-vin.ch\/fr\/wp-json\/wp\/v2\/pages\/958\/revisions\/6388"}],"wp:attachment":[{"href":"https:\/\/cave-a-vin.ch\/fr\/wp-json\/wp\/v2\/media?parent=958"}],"curies":[{"name":"wp","href":"https:\/\/api.w.org\/{rel}","templated":true}]}}