{"id":984,"date":"2015-05-15T14:30:54","date_gmt":"2015-05-15T12:30:54","guid":{"rendered":"https:\/\/cave-a-vin.ch\/?page_id=984"},"modified":"2025-10-30T11:52:41","modified_gmt":"2025-10-30T10:52:41","slug":"tastvin-winewall","status":"publish","type":"page","link":"https:\/\/cave-a-vin.ch\/fr\/armoire-a-vins\/tastvin-winewall\/","title":{"rendered":"WineWall"},"content":{"rendered":"<p><\/p>\n<h6 style=\"text-align: center;\"><strong><span style=\"color: #800000;\">Innovation et design pour une parfaite mise en valeur de vos vins.<\/span><br \/>\n<\/strong><\/h6>\n<p style=\"text-align: justify;\">Une alliance de mat\u00e9riaux nobles soigneusement travaill\u00e9s et d\u2019une technologie de pointe, avec la cave <strong>WineWall<\/strong>, Vino Concept renouvelle l&rsquo;approche de l&rsquo;armoire \u00e0 vin : innovante et contemporaine avec une capacit\u00e9 de 1&rsquo;000 bouteilles.<\/p>\n<h6 style=\"text-align: center;\"><strong><span style=\"color: #800000;\"><img decoding=\"async\" loading=\"lazy\" class=\" wp-image-1539 aligncenter\" src=\"https:\/\/cave-a-vin.ch\/wp-content\/uploads\/2015\/05\/Winewall-400-3-792x1024.jpg\" alt=\"Winewall 400 3\" width=\"424\" height=\"548\" srcset=\"https:\/\/cave-a-vin.ch\/wp-content\/uploads\/2015\/05\/Winewall-400-3-792x1024.jpg 792w, https:\/\/cave-a-vin.ch\/wp-content\/uploads\/2015\/05\/Winewall-400-3-232x300.jpg 232w, https:\/\/cave-a-vin.ch\/wp-content\/uploads\/2015\/05\/Winewall-400-3.jpg 960w\" sizes=\"(max-width: 424px) 100vw, 424px\" \/><\/span><\/strong><strong>WineWall 400<\/strong><\/h6>\n<p>Am\u00e9nagement int\u00e9rieur personnalisable avec clayettes coulissante de pr\u00e9sentation, Magnum, Champagne ou Bordeaux.<\/p>\n<p><img decoding=\"async\" loading=\"lazy\" class=\" size-full wp-image-1602 aligncenter\" src=\"https:\/\/cave-a-vin.ch\/wp-content\/uploads\/2015\/05\/Clayette.jpg\" alt=\"Clayette\" width=\"475\" height=\"317\" srcset=\"https:\/\/cave-a-vin.ch\/wp-content\/uploads\/2015\/05\/Clayette.jpg 475w, https:\/\/cave-a-vin.ch\/wp-content\/uploads\/2015\/05\/Clayette-300x200.jpg 300w\" sizes=\"(max-width: 475px) 100vw, 475px\" \/><\/p>\n<p style=\"text-align: justify;\">Possibilit\u00e9 d&rsquo;\u00e9quiper l&rsquo;int\u00e9rieur du <strong>WineWall<\/strong> avec les supports \u00e0 bouteilles de la s\u00e9rie <strong>CellarView <\/strong>ou les rangements coulissants pour caisses d&rsquo;origine de la s\u00e9rie <strong>Bordeaux&rsquo;Rack <\/strong>en m\u00e9tal noir.<\/p>\n<p style=\"text-align: justify;\">\u00a0\u00a0\u00a0\u00a0\u00a0 <strong><a href=\"https:\/\/cave-a-vin.ch\/wp-content\/uploads\/2019\/02\/Tahiti-02.jpg\"><img decoding=\"async\" loading=\"lazy\" class=\"wp-image-2968 aligncenter\" src=\"https:\/\/cave-a-vin.ch\/wp-content\/uploads\/2019\/02\/Tahiti-02.jpg\" alt=\"\" width=\"316\" height=\"237\" srcset=\"https:\/\/cave-a-vin.ch\/wp-content\/uploads\/2019\/02\/Tahiti-02.jpg 700w, https:\/\/cave-a-vin.ch\/wp-content\/uploads\/2019\/02\/Tahiti-02-300x225.jpg 300w\" sizes=\"(max-width: 316px) 100vw, 316px\" \/><\/a><\/strong>\u00a0\u00a0\u00a0\u00a0\u00a0\u00a0\u00a0\u00a0\u00a0\u00a0\u00a0 <img decoding=\"async\" loading=\"lazy\" class=\"wp-image-1494 aligncenter\" src=\"https:\/\/cave-a-vin.ch\/wp-content\/uploads\/2015\/03\/BordeauxRack2trans1.gif\" alt=\"BordeauxRack2trans\" width=\"316\" height=\"217\" \/><\/p>\n<p style=\"text-align: justify;\">Il existe \u00e9galement le <strong>WineWall<\/strong> <strong>sur mesure<\/strong> qui est une solution de cave \u00e0 vin qui prend en compte votre environnement et s\u2019y int\u00e8gre parfaitement. Cave \u00e0 vin vitr\u00e9e, en fa\u00e7ade ou sur tous ses c\u00f4t\u00e9s, elle offre \u00e0 votre salon, salle de restaurant ou \u00e0 votre h\u00f4tel l\u2019\u00e9l\u00e9gance et l\u2019esth\u00e9tique transparente qui mettra vos bouteilles en valeur. Nous mettons tout en \u0153uvre notre savoir-faire pour cr\u00e9er pour vous une <strong>armoire \u00e0 vin haut de gamme et design<\/strong>. Cet am\u00e9nagement trouvera sa place dans toutes les pi\u00e8ces : gain de place et int\u00e9gration r\u00e9ussie.<\/p>\n<p><\/p>","protected":false},"excerpt":{"rendered":"<p>Innovation et design pour une parfaite mise en valeur de vos vins. Une alliance de mat\u00e9riaux nobles soigneusement travaill\u00e9s et d\u2019une technologie de pointe, avec la cave WineWall, Vino Concept renouvelle l&rsquo;approche de l&rsquo;armoire \u00e0 vin : innovante et contemporaine avec une capacit\u00e9 de 1&rsquo;000 bouteilles. WineWall 400 Am\u00e9nagement int\u00e9rieur personnalisable avec clayettes coulissante de &hellip; <a href=\"https:\/\/cave-a-vin.ch\/fr\/armoire-a-vins\/tastvin-winewall\/\" class=\"more-link\">Continuer la lecture de <span class=\"screen-reader-text\">WineWall<\/span> <span class=\"meta-nav\">&rarr;<\/span><\/a><\/p>\n","protected":false},"author":1,"featured_media":0,"parent":19,"menu_order":0,"comment_status":"closed","ping_status":"closed","template":"","meta":[],"_links":{"self":[{"href":"https:\/\/cave-a-vin.ch\/fr\/wp-json\/wp\/v2\/pages\/984"}],"collection":[{"href":"https:\/\/cave-a-vin.ch\/fr\/wp-json\/wp\/v2\/pages"}],"about":[{"href":"https:\/\/cave-a-vin.ch\/fr\/wp-json\/wp\/v2\/types\/page"}],"author":[{"embeddable":true,"href":"https:\/\/cave-a-vin.ch\/fr\/wp-json\/wp\/v2\/users\/1"}],"replies":[{"embeddable":true,"href":"https:\/\/cave-a-vin.ch\/fr\/wp-json\/wp\/v2\/comments?post=984"}],"version-history":[{"count":19,"href":"https:\/\/cave-a-vin.ch\/fr\/wp-json\/wp\/v2\/pages\/984\/revisions"}],"predecessor-version":[{"id":4393,"href":"https:\/\/cave-a-vin.ch\/fr\/wp-json\/wp\/v2\/pages\/984\/revisions\/4393"}],"up":[{"embeddable":true,"href":"https:\/\/cave-a-vin.ch\/fr\/wp-json\/wp\/v2\/pages\/19"}],"wp:attachment":[{"href":"https:\/\/cave-a-vin.ch\/fr\/wp-json\/wp\/v2\/media?parent=984"}],"curies":[{"name":"wp","href":"https:\/\/api.w.org\/{rel}","templated":true}]}}